{"id":4790,"date":"2018-01-24T09:26:18","date_gmt":"2018-01-24T08:26:18","guid":{"rendered":"http:\/\/www.merkel-die-jagd.de\/parts-production\/"},"modified":"2018-01-24T09:26:21","modified_gmt":"2018-01-24T08:26:21","slug":"parts-production","status":"publish","type":"page","link":"https:\/\/www.merkel-die-jagd.de\/en\/company\/parts-production\/","title":{"rendered":"Parts production"},"content":{"rendered":"<p><div class=\"fusion-fullwidth fullwidth-box fusion-builder-row-1 nonhundred-percent-fullwidth non-hundred-percent-height-scrolling\" style=\"background-color: rgba(255,255,255,0);background-position: center center;background-repeat: no-repeat;padding-top:0px;padding-right:0px;padding-bottom:0px;padding-left:0px;margin-bottom: 70px;margin-top: 0px;border-width: 0px 0px 0px 0px;border-color:#eae9e9;border-style:solid;\" ><div class=\"fusion-builder-row fusion-row\"><div class=\"fusion-layout-column fusion_builder_column fusion-builder-column-0 fusion_builder_column_1_1 1_1 fusion-one-full fusion-column-first fusion-column-last\" style=\"margin-top:0px;margin-bottom:20px;\"><div class=\"fusion-column-wrapper fusion-flex-column-wrapper-legacy\" style=\"background-position:left top;background-repeat:no-repeat;-webkit-background-size:cover;-moz-background-size:cover;-o-background-size:cover;background-size:cover;padding: 0px 0px 0px 0px;\">\n<div class=\"fusion-slider-revolution rev_slider_wrapper\">\t\t\t<!-- START Unternehmen_Teilefertigung REVOLUTION SLIDER 6.5.25 --><p class=\"rs-p-wp-fix\"><\/p>\n\t\t\t<rs-module-wrap id=\"rev_slider_90_1_wrapper\" data-source=\"gallery\" style=\"visibility:hidden;background:transparent;padding:0;margin:0px auto;margin-top:0;margin-bottom:0;\">\n\t\t\t\t<rs-module id=\"rev_slider_90_1\" style=\"\" data-version=\"6.5.25\">\n\t\t\t\t\t<rs-slides>\n\t\t\t\t\t\t<rs-slide style=\"position: absolute;\" data-key=\"rs-501\" data-title=\"Slide\" data-anim=\"ms:600;\" data-in=\"o:0;\" data-out=\"a:false;\">\n\t\t\t\t\t\t\t<img src=\"\/\/www.merkel-die-jagd.de\/wp-content\/plugins\/revslider\/public\/assets\/assets\/dummy.png\" alt=\"Merkel Teilefertigung\" title=\"Merkel Teilefertigung\" width=\"1920\" height=\"655\" class=\"rev-slidebg tp-rs-img rs-lazyload\" data-lazyload=\"\/\/www.merkel-die-jagd.de\/wp-content\/uploads\/2017\/12\/Merkel_Teilefertigung_01_1920x655.jpg\" data-no-retina>\n<!---->\t\t\t\t\t\t<\/rs-slide>\n\t\t\t\t\t<\/rs-slides>\n\t\t\t\t<\/rs-module>\n\t\t\t\t<script>\n\t\t\t\t\tsetREVStartSize({c: 'rev_slider_90_1',rl:[1240,1024,778,480],el:[],gw:[1600],gh:[669],type:'standard',justify:'',layout:'fullwidth',mh:\"0\"});if (window.RS_MODULES!==undefined && window.RS_MODULES.modules!==undefined && window.RS_MODULES.modules[\"revslider901\"]!==undefined) {window.RS_MODULES.modules[\"revslider901\"].once = false;window.revapi90 = undefined;if (window.RS_MODULES.checkMinimal!==undefined) window.RS_MODULES.checkMinimal()}\n\t\t\t\t<\/script>\n\t\t\t<\/rs-module-wrap>\n\t\t\t<!-- END REVOLUTION SLIDER -->\n<\/div><div class=\"fusion-clearfix\"><\/div><\/div><\/div><\/div><\/div><div class=\"fusion-fullwidth fullwidth-box fusion-builder-row-2 nonhundred-percent-fullwidth non-hundred-percent-height-scrolling\" style=\"background-color: rgba(255,255,255,0);background-position: center center;background-repeat: no-repeat;padding-top:0px;padding-right:0px;padding-bottom:0px;padding-left:0px;margin-bottom: 70px;margin-top: 0px;border-width: 0px 0px 0px 0px;border-color:#eae9e9;border-style:solid;\" ><div class=\"fusion-builder-row fusion-row\"><div class=\"fusion-layout-column fusion_builder_column fusion-builder-column-1 fusion_builder_column_2_3 2_3 fusion-two-third fusion-column-first\" style=\"width:66.666666666667%;width:calc(66.666666666667% - ( ( 4% ) * 0.66666666666667 ) );margin-right: 4%;margin-top:0px;margin-bottom:20px;\"><div class=\"fusion-column-wrapper fusion-flex-column-wrapper-legacy\" style=\"background-position:left top;background-repeat:no-repeat;-webkit-background-size:cover;-moz-background-size:cover;-o-background-size:cover;background-size:cover;padding: 0px 0px 0px 0px;\"><style type=\"text\/css\"><\/style><div class=\"fusion-title title fusion-title-1 fusion-sep-none fusion-title-text fusion-title-size-one\" style=\"margin-top:0px;margin-right:0px;margin-bottom:31px;margin-left:0px;\"><h1 class=\"title-heading-left fusion-responsive-typography-calculated\" style=\"margin:0;--fontSize:40;line-height:1.2;\">Parts production<\/h1><\/div><div class=\"fusion-text fusion-text-1\"><h2>Our technologies<\/h2>\n<p>Our range of service in metal working reaches from CNC milling over CNC turning, deep drilling , honing, cold forging, wire and sink erosion, laser engraving and laser technology all the way to the measurement technology, the burnishing, deburring, brushing and sanding with robots. In wood working we mastered the free form milling and lasering as well as many different surface finishing treatments.<\/p>\n<h2>Our Standards of Quality<\/h2>\n<p>The Merkel Group offers a range of technologies, which all fulfil the highest standards and norms. Naturally the production in Suhl is quality certified under the ISO9001:2008 and moreover it is capable to satisfy highest norms in different markets. The company is specialised in prototypes and small and medium sized batches up to 1000 pieces in the materials non-ferrous metals, stainless steels, steel and wood.<\/p>\n<\/div><div class=\"fusion-clearfix\"><\/div><\/div><\/div><div class=\"fusion-layout-column fusion_builder_column fusion-builder-column-2 fusion_builder_column_1_3 1_3 fusion-one-third fusion-column-last\" style=\"width:33.333333333333%;width:calc(33.333333333333% - ( ( 4% ) * 0.33333333333333 ) );margin-top:110px;margin-bottom:20px;\"><div class=\"fusion-column-wrapper fusion-flex-column-wrapper-legacy\" style=\"background-position:left top;background-repeat:no-repeat;-webkit-background-size:cover;-moz-background-size:cover;-o-background-size:cover;background-size:cover;padding: 0px 0px 0px 0px;\"><span class=\" fusion-imageframe imageframe-none imageframe-1 hover-type-none\"><a href=\"https:\/\/www.merkel-die-jagd.de\/wp-content\/uploads\/2017\/12\/Merkel_Teilefertigung_Detail_01_1200x900.jpg\" class=\"fusion-lightbox\" data-rel=\"iLightbox[Teilefertigung_01]\" data-title=\"Merkel Teilefertigung Detail\" title=\"Merkel Teilefertigung Detail\"><img width=\"1200\" height=\"900\" src=\"https:\/\/www.merkel-die-jagd.de\/wp-content\/uploads\/2017\/12\/Merkel_Teilefertigung_Detail_01_1200x900.jpg\" data-orig-src=\"https:\/\/www.merkel-die-jagd.de\/wp-content\/uploads\/2017\/12\/Merkel_Teilefertigung_Detail_01_1200x900.jpg\" alt class=\"lazyload img-responsive wp-image-14892\" srcset=\"data:image\/svg+xml,%3Csvg%20xmlns%3D%27http%3A%2F%2Fwww.w3.org%2F2000%2Fsvg%27%20width%3D%271200%27%20height%3D%27900%27%20viewBox%3D%270%200%201200%20900%27%3E%3Crect%20width%3D%271200%27%20height%3D%27900%27%20fill-opacity%3D%220%22%2F%3E%3C%2Fsvg%3E\" data-srcset=\"https:\/\/www.merkel-die-jagd.de\/wp-content\/uploads\/2017\/12\/Merkel_Teilefertigung_Detail_01_1200x900-200x150.jpg 200w, https:\/\/www.merkel-die-jagd.de\/wp-content\/uploads\/2017\/12\/Merkel_Teilefertigung_Detail_01_1200x900-400x300.jpg 400w, https:\/\/www.merkel-die-jagd.de\/wp-content\/uploads\/2017\/12\/Merkel_Teilefertigung_Detail_01_1200x900-600x450.jpg 600w, https:\/\/www.merkel-die-jagd.de\/wp-content\/uploads\/2017\/12\/Merkel_Teilefertigung_Detail_01_1200x900-800x600.jpg 800w, https:\/\/www.merkel-die-jagd.de\/wp-content\/uploads\/2017\/12\/Merkel_Teilefertigung_Detail_01_1200x900.jpg 1200w\" data-sizes=\"auto\" data-orig-sizes=\"(max-width: 800px) 100vw, 400px\" \/><\/a><\/span><div class=\"fusion-clearfix\"><\/div><\/div><\/div><div class=\"fusion-layout-column fusion_builder_column fusion-builder-column-3 fusion_builder_column_2_3 2_3 fusion-two-third fusion-column-first\" style=\"width:66.666666666667%;width:calc(66.666666666667% - ( ( 4% ) * 0.66666666666667 ) );margin-right: 4%;margin-top:0px;margin-bottom:20px;\"><div class=\"fusion-column-wrapper fusion-flex-column-wrapper-legacy\" style=\"background-position:left top;background-repeat:no-repeat;-webkit-background-size:cover;-moz-background-size:cover;-o-background-size:cover;background-size:cover;padding: 0px 0px 0px 0px;\"><div class=\"fusion-text fusion-text-2\"><h2>High-grade parts<\/h2>\n<p>The finest recipes require the best ingredients. We make no differentiation when it comes to manufacturing parts. The components of our hunting rifles are all made to the same quality criteria and often from the same materials.. The intended use and demands placed on the guns determine which material is used and how it is processed. A hunting gun consists of up to 130 components \u2013 and we produce every important part in our Suhl manufactory. The whole is more than the sum of its parts \u2013 but we know that the whole comes down to every part. It is often a matter of a hundredth of a millimetre. When a shot is fired, a bite plate on the receiver absorbs the thrust load \u2013 and must close perfectly and run smoothly. Or it is a question of materials that have special properties: V-springs of spring steel, which accelerate the hammer with unequalled vehemence. The basic manufacturing of every part follows its own laws and requires specific expertise.<\/p>\n<\/div><div class=\"fusion-clearfix\"><\/div><\/div><\/div><div class=\"fusion-layout-column fusion_builder_column fusion-builder-column-4 fusion_builder_column_1_3 1_3 fusion-one-third fusion-column-last\" style=\"width:33.333333333333%;width:calc(33.333333333333% - ( ( 4% ) * 0.33333333333333 ) );margin-top:50px;margin-bottom:20px;\"><div class=\"fusion-column-wrapper fusion-flex-column-wrapper-legacy\" style=\"background-position:left top;background-repeat:no-repeat;-webkit-background-size:cover;-moz-background-size:cover;-o-background-size:cover;background-size:cover;padding: 0px 0px 0px 0px;\"><span class=\" fusion-imageframe imageframe-none imageframe-2 hover-type-none\"><a href=\"https:\/\/www.merkel-die-jagd.de\/wp-content\/uploads\/2017\/12\/Merkel_Teilefertigung_Detail_03_1200x900.jpg\" class=\"fusion-lightbox\" data-rel=\"iLightbox[Teilefertigung_01]\" data-title=\"Merkel Teilefertigung Detail\" title=\"Merkel Teilefertigung Detail\"><img width=\"1200\" height=\"900\" src=\"https:\/\/www.merkel-die-jagd.de\/wp-content\/uploads\/2017\/12\/Merkel_Teilefertigung_Detail_03_1200x900.jpg\" data-orig-src=\"https:\/\/www.merkel-die-jagd.de\/wp-content\/uploads\/2017\/12\/Merkel_Teilefertigung_Detail_03_1200x900.jpg\" alt class=\"lazyload img-responsive wp-image-14894\" srcset=\"data:image\/svg+xml,%3Csvg%20xmlns%3D%27http%3A%2F%2Fwww.w3.org%2F2000%2Fsvg%27%20width%3D%271200%27%20height%3D%27900%27%20viewBox%3D%270%200%201200%20900%27%3E%3Crect%20width%3D%271200%27%20height%3D%27900%27%20fill-opacity%3D%220%22%2F%3E%3C%2Fsvg%3E\" data-srcset=\"https:\/\/www.merkel-die-jagd.de\/wp-content\/uploads\/2017\/12\/Merkel_Teilefertigung_Detail_03_1200x900-200x150.jpg 200w, https:\/\/www.merkel-die-jagd.de\/wp-content\/uploads\/2017\/12\/Merkel_Teilefertigung_Detail_03_1200x900-400x300.jpg 400w, https:\/\/www.merkel-die-jagd.de\/wp-content\/uploads\/2017\/12\/Merkel_Teilefertigung_Detail_03_1200x900-600x450.jpg 600w, https:\/\/www.merkel-die-jagd.de\/wp-content\/uploads\/2017\/12\/Merkel_Teilefertigung_Detail_03_1200x900-800x600.jpg 800w, https:\/\/www.merkel-die-jagd.de\/wp-content\/uploads\/2017\/12\/Merkel_Teilefertigung_Detail_03_1200x900.jpg 1200w\" data-sizes=\"auto\" data-orig-sizes=\"(max-width: 800px) 100vw, 400px\" \/><\/a><\/span><div class=\"fusion-clearfix\"><\/div><\/div><\/div><div class=\"fusion-layout-column fusion_builder_column fusion-builder-column-5 fusion_builder_column_2_3 2_3 fusion-two-third fusion-column-first\" style=\"width:66.666666666667%;width:calc(66.666666666667% - ( ( 4% ) * 0.66666666666667 ) );margin-right: 4%;margin-top:0px;margin-bottom:20px;\"><div class=\"fusion-column-wrapper fusion-flex-column-wrapper-legacy\" style=\"background-position:left top;background-repeat:no-repeat;-webkit-background-size:cover;-moz-background-size:cover;-o-background-size:cover;background-size:cover;padding: 0px 0px 0px 0px;\"><div class=\"fusion-text fusion-text-3\"><h2>The modern wire cutter<\/h2>\n<p>The stage where the mechanical processing of difficult to machine materials reaches its limits is the stage where electrical discharge machining (EDM) comes into play. We use this technology to make traditional rifle parts such as cocking rods, set triggers and auxiliary levers for our Meisterst\u00fccks. A major advantage of the electro-erosive processing is the very high level of dimensional accuracy; even extremely hard materials such as hardened steel, titanium or carbides can be processed. It is also possible to produce burr-free edges and sharp-edged geometric shapes. The erosive processes used by Merkel are computer controlled die-sink EDM and wire-cut EDM. <\/p>\n<p>With wire-cut EDM a very fine brass live wire cuts parts from the blank in a non-conductive fluid (dielectric). Temperatures from 1,000\u00b0C to 5,000\u00b0C are reached in a discharge channel, which lead to melting and evaporation of the material particles. The achievable manufacturing tolerances are in the micrometre range. With die-sink EDM, sparks are generated via a conducting tool (electrode) onto the workpiece to be processed. These sparks remove tiny particles of material. The electrode is programmed with the negative form of the workpiece surface to be created.<\/p>\n<\/div><div class=\"fusion-clearfix\"><\/div><\/div><\/div><div class=\"fusion-layout-column fusion_builder_column fusion-builder-column-6 fusion_builder_column_1_3 1_3 fusion-one-third fusion-column-last\" style=\"width:33.333333333333%;width:calc(33.333333333333% - ( ( 4% ) * 0.33333333333333 ) );margin-top:50px;margin-bottom:20px;\"><div class=\"fusion-column-wrapper fusion-flex-column-wrapper-legacy\" style=\"background-position:left top;background-repeat:no-repeat;-webkit-background-size:cover;-moz-background-size:cover;-o-background-size:cover;background-size:cover;padding: 0px 0px 0px 0px;\"><span class=\" fusion-imageframe imageframe-none imageframe-3 hover-type-none\"><a href=\"https:\/\/www.merkel-die-jagd.de\/wp-content\/uploads\/2017\/12\/Merkel_Teilefertigung_Detail_04_1200x900.jpg\" class=\"fusion-lightbox\" data-rel=\"iLightbox[Teilefertigung_01]\" data-title=\"Merkel Teilefertigung Detail\" title=\"Merkel Teilefertigung Detail\"><img width=\"1200\" height=\"900\" src=\"https:\/\/www.merkel-die-jagd.de\/wp-content\/uploads\/2017\/12\/Merkel_Teilefertigung_Detail_04_1200x900.jpg\" data-orig-src=\"https:\/\/www.merkel-die-jagd.de\/wp-content\/uploads\/2017\/12\/Merkel_Teilefertigung_Detail_04_1200x900.jpg\" alt class=\"lazyload img-responsive wp-image-14895\" srcset=\"data:image\/svg+xml,%3Csvg%20xmlns%3D%27http%3A%2F%2Fwww.w3.org%2F2000%2Fsvg%27%20width%3D%271200%27%20height%3D%27900%27%20viewBox%3D%270%200%201200%20900%27%3E%3Crect%20width%3D%271200%27%20height%3D%27900%27%20fill-opacity%3D%220%22%2F%3E%3C%2Fsvg%3E\" data-srcset=\"https:\/\/www.merkel-die-jagd.de\/wp-content\/uploads\/2017\/12\/Merkel_Teilefertigung_Detail_04_1200x900-200x150.jpg 200w, https:\/\/www.merkel-die-jagd.de\/wp-content\/uploads\/2017\/12\/Merkel_Teilefertigung_Detail_04_1200x900-400x300.jpg 400w, https:\/\/www.merkel-die-jagd.de\/wp-content\/uploads\/2017\/12\/Merkel_Teilefertigung_Detail_04_1200x900-600x450.jpg 600w, https:\/\/www.merkel-die-jagd.de\/wp-content\/uploads\/2017\/12\/Merkel_Teilefertigung_Detail_04_1200x900-800x600.jpg 800w, https:\/\/www.merkel-die-jagd.de\/wp-content\/uploads\/2017\/12\/Merkel_Teilefertigung_Detail_04_1200x900.jpg 1200w\" data-sizes=\"auto\" data-orig-sizes=\"(max-width: 800px) 100vw, 400px\" \/><\/a><\/span><div class=\"fusion-clearfix\"><\/div><\/div><\/div><div class=\"fusion-layout-column fusion_builder_column fusion-builder-column-7 fusion_builder_column_2_3 2_3 fusion-two-third fusion-column-first\" style=\"width:66.666666666667%;width:calc(66.666666666667% - ( ( 4% ) * 0.66666666666667 ) );margin-right: 4%;margin-top:0px;margin-bottom:20px;\"><div class=\"fusion-column-wrapper fusion-flex-column-wrapper-legacy\" style=\"background-position:left top;background-repeat:no-repeat;-webkit-background-size:cover;-moz-background-size:cover;-o-background-size:cover;background-size:cover;padding: 0px 0px 0px 0px;\"><div class=\"fusion-text fusion-text-4\"><h2>CNC Processing<\/h2>\n<p>The term CNC \u201ccomputer numerical control\u201d \u2013 describes a world in which lathes and milling machines are controlled by computer programs. The high level of investment in production with multi-axis machining centres and in highly qualified staff is rewarded with the highest quality. In the Merkel manufactory, this occasionally leads to apparently bizarre combinations of this technology and the gunmaking handcraft. Once the barrel maker has combined and adjusted his barrel set with tongs and torch, solder and wire, this handmade semi-finished part is mounted into the high-tech CNC machines. For example, the computer controlled milling centre processes the hooks of the barrel set of break down guns, which later combine the barrels and the action into a single part. Thus a unity comes into being that can withstand the enormous pressure of a gunpowder explosion \u2013 with an unparalleled combination of handcraft intuition and computer precision.<\/p>\n<h2>Supplier for other companies<\/h2>\n<p>The Merkel group not only manufactures hunting, sporting and law enforcement guns, but also parts as a supplier for prestigious companies throughout Europe. The recipe for success of both business models is the same: high flexibility, highest precision, modern machinery as well as experienced engineers, technicians and workers, who can handle high-tech as well as handwork \u2013 in different technologies.<\/p>\n<\/div><div class=\"fusion-clearfix\"><\/div><\/div><\/div><div class=\"fusion-layout-column fusion_builder_column fusion-builder-column-8 fusion_builder_column_1_3 1_3 fusion-one-third fusion-column-last\" style=\"width:33.333333333333%;width:calc(33.333333333333% - ( ( 4% ) * 0.33333333333333 ) );margin-top:50px;margin-bottom:20px;\"><div class=\"fusion-column-wrapper fusion-flex-column-wrapper-legacy\" style=\"background-position:left top;background-repeat:no-repeat;-webkit-background-size:cover;-moz-background-size:cover;-o-background-size:cover;background-size:cover;padding: 0px 0px 0px 0px;\"><span class=\" fusion-imageframe imageframe-none imageframe-4 hover-type-none\"><a href=\"https:\/\/www.merkel-die-jagd.de\/wp-content\/uploads\/2017\/12\/Merkel_Teilefertigung_Detail_06_1200x900.jpg\" class=\"fusion-lightbox\" data-rel=\"iLightbox[Teilefertigung_01]\" data-title=\"Merkel Teilefertigung Detail\" title=\"Merkel Teilefertigung Detail\"><img width=\"1200\" height=\"900\" src=\"https:\/\/www.merkel-die-jagd.de\/wp-content\/uploads\/2017\/12\/Merkel_Teilefertigung_Detail_06_1200x900.jpg\" data-orig-src=\"https:\/\/www.merkel-die-jagd.de\/wp-content\/uploads\/2017\/12\/Merkel_Teilefertigung_Detail_06_1200x900.jpg\" alt class=\"lazyload img-responsive wp-image-14897\" srcset=\"data:image\/svg+xml,%3Csvg%20xmlns%3D%27http%3A%2F%2Fwww.w3.org%2F2000%2Fsvg%27%20width%3D%271200%27%20height%3D%27900%27%20viewBox%3D%270%200%201200%20900%27%3E%3Crect%20width%3D%271200%27%20height%3D%27900%27%20fill-opacity%3D%220%22%2F%3E%3C%2Fsvg%3E\" data-srcset=\"https:\/\/www.merkel-die-jagd.de\/wp-content\/uploads\/2017\/12\/Merkel_Teilefertigung_Detail_06_1200x900-200x150.jpg 200w, https:\/\/www.merkel-die-jagd.de\/wp-content\/uploads\/2017\/12\/Merkel_Teilefertigung_Detail_06_1200x900-400x300.jpg 400w, https:\/\/www.merkel-die-jagd.de\/wp-content\/uploads\/2017\/12\/Merkel_Teilefertigung_Detail_06_1200x900-600x450.jpg 600w, https:\/\/www.merkel-die-jagd.de\/wp-content\/uploads\/2017\/12\/Merkel_Teilefertigung_Detail_06_1200x900-800x600.jpg 800w, https:\/\/www.merkel-die-jagd.de\/wp-content\/uploads\/2017\/12\/Merkel_Teilefertigung_Detail_06_1200x900.jpg 1200w\" data-sizes=\"auto\" data-orig-sizes=\"(max-width: 800px) 100vw, 400px\" \/><\/a><\/span><div class=\"fusion-clearfix\"><\/div><\/div><\/div><\/div><\/div><\/p>\n","protected":false},"excerpt":{"rendered":"","protected":false},"author":8,"featured_media":0,"parent":5840,"menu_order":350,"comment_status":"closed","ping_status":"closed","template":"","meta":[],"categories":[],"acf":[],"yoast_head":"<!-- This site is optimized with the Yoast SEO plugin v19.11 - https:\/\/yoast.com\/wordpress\/plugins\/seo\/ -->\n<title>Parts production | Merkel<\/title>\n<meta name=\"description\" content=\"Die Merkel Gruppe bietet eine F\u00fclle von Technologien, die samt und sonders h\u00f6chsten Anspr\u00fcchen und allen relevanten Normen entsprechen.\" \/>\n<meta name=\"robots\" content=\"index, follow, max-snippet:-1, max-image-preview:large, max-video-preview:-1\" \/>\n<link rel=\"canonical\" href=\"https:\/\/www.merkel-die-jagd.de\/en\/company\/parts-production\/\" \/>\n<meta property=\"og:locale\" content=\"en_US\" \/>\n<meta property=\"og:type\" content=\"article\" \/>\n<meta property=\"og:title\" content=\"Parts production | Merkel\" \/>\n<meta property=\"og:description\" content=\"Die Merkel Gruppe bietet eine F\u00fclle von Technologien, die samt und sonders h\u00f6chsten Anspr\u00fcchen und allen relevanten Normen entsprechen.\" \/>\n<meta property=\"og:url\" content=\"https:\/\/www.merkel-die-jagd.de\/en\/company\/parts-production\/\" \/>\n<meta property=\"og:site_name\" content=\"Merkel\" \/>\n<meta property=\"article:modified_time\" content=\"2018-01-24T08:26:21+00:00\" \/>\n<meta name=\"twitter:label1\" content=\"Est. reading time\" \/>\n\t<meta name=\"twitter:data1\" content=\"9 minutes\" \/>\n<script type=\"application\/ld+json\" class=\"yoast-schema-graph\">{\"@context\":\"https:\/\/schema.org\",\"@graph\":[{\"@type\":\"WebPage\",\"@id\":\"https:\/\/www.merkel-die-jagd.de\/en\/company\/parts-production\/\",\"url\":\"https:\/\/www.merkel-die-jagd.de\/en\/company\/parts-production\/\",\"name\":\"Parts production | Merkel\",\"isPartOf\":{\"@id\":\"https:\/\/www.merkel-die-jagd.de\/en\/#website\"},\"datePublished\":\"2018-01-24T08:26:18+00:00\",\"dateModified\":\"2018-01-24T08:26:21+00:00\",\"description\":\"Die Merkel Gruppe bietet eine F\u00fclle von Technologien, die samt und sonders h\u00f6chsten Anspr\u00fcchen und allen relevanten Normen entsprechen.\",\"breadcrumb\":{\"@id\":\"https:\/\/www.merkel-die-jagd.de\/en\/company\/parts-production\/#breadcrumb\"},\"inLanguage\":\"en-US\",\"potentialAction\":[{\"@type\":\"ReadAction\",\"target\":[\"https:\/\/www.merkel-die-jagd.de\/en\/company\/parts-production\/\"]}]},{\"@type\":\"BreadcrumbList\",\"@id\":\"https:\/\/www.merkel-die-jagd.de\/en\/company\/parts-production\/#breadcrumb\",\"itemListElement\":[{\"@type\":\"ListItem\",\"position\":1,\"name\":\"Home\",\"item\":\"https:\/\/www.merkel-die-jagd.de\/en\/startseite-2-2\/\"},{\"@type\":\"ListItem\",\"position\":2,\"name\":\"Company\",\"item\":\"https:\/\/www.merkel-die-jagd.de\/en\/company\/\"},{\"@type\":\"ListItem\",\"position\":3,\"name\":\"Parts production\"}]},{\"@type\":\"WebSite\",\"@id\":\"https:\/\/www.merkel-die-jagd.de\/en\/#website\",\"url\":\"https:\/\/www.merkel-die-jagd.de\/en\/\",\"name\":\"Merkel\",\"description\":\"\",\"potentialAction\":[{\"@type\":\"SearchAction\",\"target\":{\"@type\":\"EntryPoint\",\"urlTemplate\":\"https:\/\/www.merkel-die-jagd.de\/en\/?s={search_term_string}\"},\"query-input\":\"required name=search_term_string\"}],\"inLanguage\":\"en-US\"}]}<\/script>\n<!-- \/ Yoast SEO plugin. -->","yoast_head_json":{"title":"Parts production | Merkel","description":"Die Merkel Gruppe bietet eine F\u00fclle von Technologien, die samt und sonders h\u00f6chsten Anspr\u00fcchen und allen relevanten Normen entsprechen.","robots":{"index":"index","follow":"follow","max-snippet":"max-snippet:-1","max-image-preview":"max-image-preview:large","max-video-preview":"max-video-preview:-1"},"canonical":"https:\/\/www.merkel-die-jagd.de\/en\/company\/parts-production\/","og_locale":"en_US","og_type":"article","og_title":"Parts production | Merkel","og_description":"Die Merkel Gruppe bietet eine F\u00fclle von Technologien, die samt und sonders h\u00f6chsten Anspr\u00fcchen und allen relevanten Normen entsprechen.","og_url":"https:\/\/www.merkel-die-jagd.de\/en\/company\/parts-production\/","og_site_name":"Merkel","article_modified_time":"2018-01-24T08:26:21+00:00","twitter_misc":{"Est. reading time":"9 minutes"},"schema":{"@context":"https:\/\/schema.org","@graph":[{"@type":"WebPage","@id":"https:\/\/www.merkel-die-jagd.de\/en\/company\/parts-production\/","url":"https:\/\/www.merkel-die-jagd.de\/en\/company\/parts-production\/","name":"Parts production | Merkel","isPartOf":{"@id":"https:\/\/www.merkel-die-jagd.de\/en\/#website"},"datePublished":"2018-01-24T08:26:18+00:00","dateModified":"2018-01-24T08:26:21+00:00","description":"Die Merkel Gruppe bietet eine F\u00fclle von Technologien, die samt und sonders h\u00f6chsten Anspr\u00fcchen und allen relevanten Normen entsprechen.","breadcrumb":{"@id":"https:\/\/www.merkel-die-jagd.de\/en\/company\/parts-production\/#breadcrumb"},"inLanguage":"en-US","potentialAction":[{"@type":"ReadAction","target":["https:\/\/www.merkel-die-jagd.de\/en\/company\/parts-production\/"]}]},{"@type":"BreadcrumbList","@id":"https:\/\/www.merkel-die-jagd.de\/en\/company\/parts-production\/#breadcrumb","itemListElement":[{"@type":"ListItem","position":1,"name":"Home","item":"https:\/\/www.merkel-die-jagd.de\/en\/startseite-2-2\/"},{"@type":"ListItem","position":2,"name":"Company","item":"https:\/\/www.merkel-die-jagd.de\/en\/company\/"},{"@type":"ListItem","position":3,"name":"Parts production"}]},{"@type":"WebSite","@id":"https:\/\/www.merkel-die-jagd.de\/en\/#website","url":"https:\/\/www.merkel-die-jagd.de\/en\/","name":"Merkel","description":"","potentialAction":[{"@type":"SearchAction","target":{"@type":"EntryPoint","urlTemplate":"https:\/\/www.merkel-die-jagd.de\/en\/?s={search_term_string}"},"query-input":"required name=search_term_string"}],"inLanguage":"en-US"}]}},"_links":{"self":[{"href":"https:\/\/www.merkel-die-jagd.de\/en\/wp-json\/wp\/v2\/pages\/4790"}],"collection":[{"href":"https:\/\/www.merkel-die-jagd.de\/en\/wp-json\/wp\/v2\/pages"}],"about":[{"href":"https:\/\/www.merkel-die-jagd.de\/en\/wp-json\/wp\/v2\/types\/page"}],"author":[{"embeddable":true,"href":"https:\/\/www.merkel-die-jagd.de\/en\/wp-json\/wp\/v2\/users\/8"}],"replies":[{"embeddable":true,"href":"https:\/\/www.merkel-die-jagd.de\/en\/wp-json\/wp\/v2\/comments?post=4790"}],"version-history":[{"count":0,"href":"https:\/\/www.merkel-die-jagd.de\/en\/wp-json\/wp\/v2\/pages\/4790\/revisions"}],"up":[{"embeddable":true,"href":"https:\/\/www.merkel-die-jagd.de\/en\/wp-json\/wp\/v2\/pages\/5840"}],"wp:attachment":[{"href":"https:\/\/www.merkel-die-jagd.de\/en\/wp-json\/wp\/v2\/media?parent=4790"}],"wp:term":[{"taxonomy":"category","embeddable":true,"href":"https:\/\/www.merkel-die-jagd.de\/en\/wp-json\/wp\/v2\/categories?post=4790"}],"curies":[{"name":"wp","href":"https:\/\/api.w.org\/{rel}","templated":true}]}}