{"id":4797,"date":"2018-01-24T09:28:48","date_gmt":"2018-01-24T08:28:48","guid":{"rendered":"http:\/\/www.merkel-die-jagd.de\/barrel-making\/"},"modified":"2022-10-13T10:57:09","modified_gmt":"2022-10-13T08:57:09","slug":"barrel-making","status":"publish","type":"page","link":"https:\/\/www.merkel-die-jagd.de\/en\/company\/barrel-making\/","title":{"rendered":"Barrel making"},"content":{"rendered":"<p><div class=\"fusion-fullwidth fullwidth-box fusion-builder-row-1 nonhundred-percent-fullwidth non-hundred-percent-height-scrolling\" style=\"background-color: rgba(255,255,255,0);background-position: center center;background-repeat: no-repeat;padding-top:0px;padding-right:0px;padding-bottom:0px;padding-left:0px;margin-bottom: 70px;margin-top: 0px;border-width: 0px 0px 0px 0px;border-color:#eae9e9;border-style:solid;\" ><div class=\"fusion-builder-row fusion-row\"><div class=\"fusion-layout-column fusion_builder_column fusion-builder-column-0 fusion_builder_column_1_1 1_1 fusion-one-full fusion-column-first fusion-column-last\" style=\"margin-top:0px;margin-bottom:20px;\"><div class=\"fusion-column-wrapper fusion-flex-column-wrapper-legacy\" style=\"background-position:left top;background-repeat:no-repeat;-webkit-background-size:cover;-moz-background-size:cover;-o-background-size:cover;background-size:cover;padding: 0px 0px 0px 0px;\">\n<div class=\"fusion-slider-revolution rev_slider_wrapper\">\t\t\t<!-- START Unternehmen_Lauffertigung REVOLUTION SLIDER 6.5.25 --><p class=\"rs-p-wp-fix\"><\/p>\n\t\t\t<rs-module-wrap id=\"rev_slider_91_1_wrapper\" data-source=\"gallery\" style=\"visibility:hidden;background:transparent;padding:0;margin:0px auto;margin-top:0;margin-bottom:0;\">\n\t\t\t\t<rs-module id=\"rev_slider_91_1\" style=\"\" data-version=\"6.5.25\">\n\t\t\t\t\t<rs-slides>\n\t\t\t\t\t\t<rs-slide style=\"position: absolute;\" data-key=\"rs-531\" data-title=\"Slide\" data-anim=\"ms:600;\" data-in=\"o:0;\" data-out=\"a:false;\">\n\t\t\t\t\t\t\t<img src=\"\/\/www.merkel-die-jagd.de\/wp-content\/plugins\/revslider\/public\/assets\/assets\/dummy.png\" alt=\"Merkel Lauffertigung\" title=\"Merkel Lauffertigung\" width=\"1920\" height=\"655\" class=\"rev-slidebg tp-rs-img rs-lazyload\" data-lazyload=\"\/\/www.merkel-die-jagd.de\/wp-content\/uploads\/2017\/12\/Merkel_Lauffertigung_01_1920x655.jpg\" data-no-retina>\n<!---->\t\t\t\t\t\t<\/rs-slide>\n\t\t\t\t\t<\/rs-slides>\n\t\t\t\t<\/rs-module>\n\t\t\t\t<script>\n\t\t\t\t\tsetREVStartSize({c: 'rev_slider_91_1',rl:[1240,1024,778,480],el:[],gw:[1600],gh:[669],type:'standard',justify:'',layout:'fullwidth',mh:\"0\"});if (window.RS_MODULES!==undefined && window.RS_MODULES.modules!==undefined && window.RS_MODULES.modules[\"revslider911\"]!==undefined) {window.RS_MODULES.modules[\"revslider911\"].once = false;window.revapi91 = undefined;if (window.RS_MODULES.checkMinimal!==undefined) window.RS_MODULES.checkMinimal()}\n\t\t\t\t<\/script>\n\t\t\t<\/rs-module-wrap>\n\t\t\t<!-- END REVOLUTION SLIDER -->\n<\/div><div class=\"fusion-clearfix\"><\/div><\/div><\/div><\/div><\/div><div class=\"fusion-fullwidth fullwidth-box fusion-builder-row-2 nonhundred-percent-fullwidth non-hundred-percent-height-scrolling\" style=\"background-color: rgba(255,255,255,0);background-position: center center;background-repeat: no-repeat;padding-top:0px;padding-right:0px;padding-bottom:0px;padding-left:0px;margin-bottom: 70px;margin-top: 0px;border-width: 0px 0px 0px 0px;border-color:#eae9e9;border-style:solid;\" ><div class=\"fusion-builder-row fusion-row\"><div class=\"fusion-layout-column fusion_builder_column fusion-builder-column-1 fusion_builder_column_2_3 2_3 fusion-two-third fusion-column-first\" style=\"width:65.3333%; margin-right: 4%;margin-top:0px;margin-bottom:20px;\"><div class=\"fusion-column-wrapper fusion-flex-column-wrapper-legacy\" style=\"background-position:left top;background-repeat:no-repeat;-webkit-background-size:cover;-moz-background-size:cover;-o-background-size:cover;background-size:cover;padding: 0px 0px 0px 0px;\"><style type=\"text\/css\"><\/style><div class=\"fusion-title title fusion-title-1 fusion-sep-none fusion-title-text fusion-title-size-one\" style=\"margin-top:0px;margin-right:0px;margin-bottom:31px;margin-left:0px;\"><h1 class=\"title-heading-left fusion-responsive-typography-calculated\" style=\"margin:0;--fontSize:40;line-height:1.2;\">Barrels. Made in Suhl.<\/h1><\/div><div class=\"fusion-text fusion-text-1\"><p>The Merkel high-tech-manufacture in Suhl produces the barrels for its guns themselves \u2013 as one of the very few hunting gun manufacturers worldwide to do so. Doing so, Merkel can look back on a long tradition: already in the Thirty Years\u2019 War, the region produced 20.000 rifle barrels per year. Hunting rifles by Merkel are premium products \u2013 this applies to shotguns and rifles alike. To make the barrels for these rifles the company houses a modern and coordinated machine park: two GFM cold forging machines, three CNC turning machines, two honing machines and two deep drilling machines. Utilising this competence, Merkel combines the understanding of the producer of finished products with the one of a specialist for OEM products \u2013 for the use of both customer groups. Custom work for specific guns<\/p>\n<\/div><div class=\"fusion-clearfix\"><\/div><\/div><\/div><div class=\"fusion-layout-column fusion_builder_column fusion-builder-column-2 fusion_builder_column_1_1 1_1 fusion-one-full fusion-column-last\" style=\"margin-top:0px;margin-bottom:20px;\"><div class=\"fusion-column-wrapper fusion-flex-column-wrapper-legacy\" style=\"background-position:left top;background-repeat:no-repeat;-webkit-background-size:cover;-moz-background-size:cover;-o-background-size:cover;background-size:cover;padding: 0px 0px 0px 0px;\"><span class=\" fusion-imageframe imageframe-none imageframe-1 hover-type-none\"><img width=\"1200\" height=\"400\" title=\"Merkel Lauffertigung Detail\" src=\"https:\/\/www.merkel-die-jagd.de\/wp-content\/uploads\/2017\/12\/Merkel_Lauffertigung_Detail_02_1200x400.jpg\" data-orig-src=\"https:\/\/www.merkel-die-jagd.de\/wp-content\/uploads\/2017\/12\/Merkel_Lauffertigung_Detail_02_1200x400.jpg\" alt class=\"lazyload img-responsive wp-image-14921\" srcset=\"data:image\/svg+xml,%3Csvg%20xmlns%3D%27http%3A%2F%2Fwww.w3.org%2F2000%2Fsvg%27%20width%3D%271200%27%20height%3D%27400%27%20viewBox%3D%270%200%201200%20400%27%3E%3Crect%20width%3D%271200%27%20height%3D%27400%27%20fill-opacity%3D%220%22%2F%3E%3C%2Fsvg%3E\" data-srcset=\"https:\/\/www.merkel-die-jagd.de\/wp-content\/uploads\/2017\/12\/Merkel_Lauffertigung_Detail_02_1200x400-200x67.jpg 200w, https:\/\/www.merkel-die-jagd.de\/wp-content\/uploads\/2017\/12\/Merkel_Lauffertigung_Detail_02_1200x400-400x133.jpg 400w, https:\/\/www.merkel-die-jagd.de\/wp-content\/uploads\/2017\/12\/Merkel_Lauffertigung_Detail_02_1200x400-600x200.jpg 600w, https:\/\/www.merkel-die-jagd.de\/wp-content\/uploads\/2017\/12\/Merkel_Lauffertigung_Detail_02_1200x400-800x267.jpg 800w, https:\/\/www.merkel-die-jagd.de\/wp-content\/uploads\/2017\/12\/Merkel_Lauffertigung_Detail_02_1200x400.jpg 1200w\" data-sizes=\"auto\" data-orig-sizes=\"(max-width: 800px) 100vw, 1200px\" \/><\/span><div class=\"fusion-clearfix\"><\/div><\/div><\/div><div class=\"fusion-layout-column fusion_builder_column fusion-builder-column-3 fusion_builder_column_2_3 2_3 fusion-two-third fusion-column-first\" style=\"width:66.666666666667%;width:calc(66.666666666667% - ( ( 4% ) * 0.66666666666667 ) );margin-right: 4%;margin-top:0px;margin-bottom:20px;\"><div class=\"fusion-column-wrapper fusion-flex-column-wrapper-legacy\" style=\"background-position:left top;background-repeat:no-repeat;-webkit-background-size:cover;-moz-background-size:cover;-o-background-size:cover;background-size:cover;padding: 0px 0px 0px 0px;\"><div class=\"fusion-text fusion-text-2\"><h2>Custom work for specific guns<\/h2>\n<p>The cold forging machines work steel into barrels of rifles and pistols. The steel blanks used for this are made of highly quenched, high density chrome vanadium or chrome molybdenum steel. The production process results in barrels with calibre tolerances of less the 15 thousands of a millimetre. To do this, the four cheeks of the machine hammer the blank with the force of four times 1,25 million Newton \u2013 this roughly equals four times 125 tons. On the inside a calibre gauge is placed, which carries a negative of the fields and grooves \u2013 and transfers these onto the inside of the barrel during the forging process. Therefore not a usual rifled barrel is created, but a cold forged one. The result is a cold forged barrel with highest precision and longevity. A barrel made in Suhl which can be made to the final measurements of a specific gun.<\/p>\n<\/div><div class=\"fusion-clearfix\"><\/div><\/div><\/div><div class=\"fusion-layout-column fusion_builder_column fusion-builder-column-4 fusion_builder_column_1_3 1_3 fusion-one-third fusion-column-last\" style=\"width:33.333333333333%;width:calc(33.333333333333% - ( ( 4% ) * 0.33333333333333 ) );margin-top:50px;margin-bottom:20px;\"><div class=\"fusion-column-wrapper fusion-flex-column-wrapper-legacy\" style=\"background-position:left top;background-repeat:no-repeat;-webkit-background-size:cover;-moz-background-size:cover;-o-background-size:cover;background-size:cover;padding: 0px 0px 0px 0px;\"><span class=\" fusion-imageframe imageframe-none imageframe-2 hover-type-none\"><a href=\"https:\/\/www.merkel-die-jagd.de\/wp-content\/uploads\/2017\/12\/Merkel_Lauffertigung_Detail_01_1200x900.jpg\" class=\"fusion-lightbox\" data-rel=\"iLightbox[Lauffertigung_01]\" data-title=\"Merkel Lauffertigung Detail\" title=\"Merkel Lauffertigung Detail\"><img width=\"1200\" height=\"900\" src=\"https:\/\/www.merkel-die-jagd.de\/wp-content\/uploads\/2017\/12\/Merkel_Lauffertigung_Detail_01_1200x900.jpg\" data-orig-src=\"https:\/\/www.merkel-die-jagd.de\/wp-content\/uploads\/2017\/12\/Merkel_Lauffertigung_Detail_01_1200x900.jpg\" alt class=\"lazyload img-responsive wp-image-14904\" srcset=\"data:image\/svg+xml,%3Csvg%20xmlns%3D%27http%3A%2F%2Fwww.w3.org%2F2000%2Fsvg%27%20width%3D%271200%27%20height%3D%27900%27%20viewBox%3D%270%200%201200%20900%27%3E%3Crect%20width%3D%271200%27%20height%3D%27900%27%20fill-opacity%3D%220%22%2F%3E%3C%2Fsvg%3E\" data-srcset=\"https:\/\/www.merkel-die-jagd.de\/wp-content\/uploads\/2017\/12\/Merkel_Lauffertigung_Detail_01_1200x900-200x150.jpg 200w, https:\/\/www.merkel-die-jagd.de\/wp-content\/uploads\/2017\/12\/Merkel_Lauffertigung_Detail_01_1200x900-400x300.jpg 400w, https:\/\/www.merkel-die-jagd.de\/wp-content\/uploads\/2017\/12\/Merkel_Lauffertigung_Detail_01_1200x900-600x450.jpg 600w, https:\/\/www.merkel-die-jagd.de\/wp-content\/uploads\/2017\/12\/Merkel_Lauffertigung_Detail_01_1200x900-800x600.jpg 800w, https:\/\/www.merkel-die-jagd.de\/wp-content\/uploads\/2017\/12\/Merkel_Lauffertigung_Detail_01_1200x900.jpg 1200w\" data-sizes=\"auto\" data-orig-sizes=\"(max-width: 800px) 100vw, 400px\" \/><\/a><\/span><div class=\"fusion-clearfix\"><\/div><\/div><\/div><div class=\"fusion-layout-column fusion_builder_column fusion-builder-column-5 fusion_builder_column_2_3 2_3 fusion-two-third fusion-column-first\" style=\"width:66.666666666667%;width:calc(66.666666666667% - ( ( 4% ) * 0.66666666666667 ) );margin-right: 4%;margin-top:0px;margin-bottom:20px;\"><div class=\"fusion-column-wrapper fusion-flex-column-wrapper-legacy\" style=\"background-position:left top;background-repeat:no-repeat;-webkit-background-size:cover;-moz-background-size:cover;-o-background-size:cover;background-size:cover;padding: 0px 0px 0px 0px;\"><div class=\"fusion-text fusion-text-3\"><h2>Durable and precise<\/h2>\n<p>Characteristic of Merkel barrels is the conical form: the barrel narrows from the receiver to the muzzle by approximately ten thousandths of a millimetre. This prevents premature wearing of the barrel and enhances the precision of the shot. Merkel cold forging is based on four key technologies: deep drilling, grinding, honing and annealing. Once the hole has been drilled, the grinding and honing follow, which produces extremely smooth inner surfaces in readiness for forging. These technologies, which are used in engine construction to finish the sliding surfaces of the cylinder, smooth the Merkel barrels to two thousandths of a millimetre exactitude, significantly increasing the longevity and the precision of the barrel. Forging is followed by stress-free annealing in a vacuum furnace. Inevitable stresses build up in the steel during forging, which are dissipated by this heat treatment over a period of several hours.<\/p>\n<\/div><div class=\"fusion-clearfix\"><\/div><\/div><\/div><div class=\"fusion-layout-column fusion_builder_column fusion-builder-column-6 fusion_builder_column_1_3 1_3 fusion-one-third fusion-column-last\" style=\"width:33.333333333333%;width:calc(33.333333333333% - ( ( 4% ) * 0.33333333333333 ) );margin-top:50px;margin-bottom:20px;\"><div class=\"fusion-column-wrapper fusion-flex-column-wrapper-legacy\" style=\"background-position:left top;background-repeat:no-repeat;-webkit-background-size:cover;-moz-background-size:cover;-o-background-size:cover;background-size:cover;padding: 0px 0px 0px 0px;\"><span class=\" fusion-imageframe imageframe-none imageframe-3 hover-type-none\"><a href=\"https:\/\/www.merkel-die-jagd.de\/wp-content\/uploads\/2017\/12\/Merkel_Lauffertigung_Detail_02_1200x900.jpg\" class=\"fusion-lightbox\" data-rel=\"iLightbox[Lauffertigung_01]\" data-title=\"Merkel Lauffertigung Detail\" title=\"Merkel Lauffertigung Detail\"><img width=\"1200\" height=\"900\" src=\"https:\/\/www.merkel-die-jagd.de\/wp-content\/uploads\/2017\/12\/Merkel_Lauffertigung_Detail_02_1200x900.jpg\" data-orig-src=\"https:\/\/www.merkel-die-jagd.de\/wp-content\/uploads\/2017\/12\/Merkel_Lauffertigung_Detail_02_1200x900.jpg\" alt class=\"lazyload img-responsive wp-image-14905\" srcset=\"data:image\/svg+xml,%3Csvg%20xmlns%3D%27http%3A%2F%2Fwww.w3.org%2F2000%2Fsvg%27%20width%3D%271200%27%20height%3D%27900%27%20viewBox%3D%270%200%201200%20900%27%3E%3Crect%20width%3D%271200%27%20height%3D%27900%27%20fill-opacity%3D%220%22%2F%3E%3C%2Fsvg%3E\" data-srcset=\"https:\/\/www.merkel-die-jagd.de\/wp-content\/uploads\/2017\/12\/Merkel_Lauffertigung_Detail_02_1200x900-200x150.jpg 200w, https:\/\/www.merkel-die-jagd.de\/wp-content\/uploads\/2017\/12\/Merkel_Lauffertigung_Detail_02_1200x900-400x300.jpg 400w, https:\/\/www.merkel-die-jagd.de\/wp-content\/uploads\/2017\/12\/Merkel_Lauffertigung_Detail_02_1200x900-600x450.jpg 600w, https:\/\/www.merkel-die-jagd.de\/wp-content\/uploads\/2017\/12\/Merkel_Lauffertigung_Detail_02_1200x900-800x600.jpg 800w, https:\/\/www.merkel-die-jagd.de\/wp-content\/uploads\/2017\/12\/Merkel_Lauffertigung_Detail_02_1200x900.jpg 1200w\" data-sizes=\"auto\" data-orig-sizes=\"(max-width: 800px) 100vw, 400px\" \/><\/a><\/span><div class=\"fusion-clearfix\"><\/div><\/div><\/div><div class=\"fusion-layout-column fusion_builder_column fusion-builder-column-7 fusion_builder_column_2_3 2_3 fusion-two-third fusion-column-first\" style=\"width:66.666666666667%;width:calc(66.666666666667% - ( ( 4% ) * 0.66666666666667 ) );margin-right: 4%;margin-top:0px;margin-bottom:20px;\"><div class=\"fusion-column-wrapper fusion-flex-column-wrapper-legacy\" style=\"background-position:left top;background-repeat:no-repeat;-webkit-background-size:cover;-moz-background-size:cover;-o-background-size:cover;background-size:cover;padding: 0px 0px 0px 0px;\"><div class=\"fusion-text fusion-text-4\"><h2>Barrels OEM<\/h2>\n<p>Barrels for gun manufacturers around the world: Using the business model OEM, Merkel caters to different customer groups. Firstly there are the gunsmiths who require cold-forged precision barrels for their precious goods. Secondly manufacturers of hunting rifles and shotguns worldwide order the famous Suhl barrels here. And last but not least, the manufacture also caters to the manufacturers of sporting and law enforcement weapons \u2013 the cold-forging machines in the factory can make rifle barrels, shotgun barrels, pistol- or revolver barrels in different calibres and barrel profiles. The special feature here: the shotgun barrels are cold-forged here as well, making them steadfast, durable and precise.<\/p>\n<\/div><div class=\"fusion-clearfix\"><\/div><\/div><\/div><\/div><\/div><\/p>\n","protected":false},"excerpt":{"rendered":"","protected":false},"author":8,"featured_media":0,"parent":5840,"menu_order":360,"comment_status":"closed","ping_status":"closed","template":"","meta":[],"categories":[],"acf":[],"yoast_head":"<!-- This site is optimized with the Yoast SEO plugin v19.11 - https:\/\/yoast.com\/wordpress\/plugins\/seo\/ -->\n<title>Barrel making | Merkel<\/title>\n<meta name=\"description\" content=\"Die Merkel Hightech-Manufaktur in Suhl fertigt die L\u00e4ufe f\u00fcr ihre Waffen selbst \u2013 als einer von ganz wenigen Jagdgewehrherstellern weltweit. Merkel kann dabei auf eine lange Tradition zur\u00fcckblicken: Schon im Drei\u00dfigj\u00e4hrigen Krieg hat die Region pro Jahr 20.000 Gewehrl\u00e4ufe hergestellt.\" \/>\n<meta name=\"robots\" content=\"index, follow, max-snippet:-1, max-image-preview:large, max-video-preview:-1\" \/>\n<link rel=\"canonical\" href=\"https:\/\/www.merkel-die-jagd.de\/en\/company\/barrel-making\/\" \/>\n<meta property=\"og:locale\" content=\"en_US\" \/>\n<meta property=\"og:type\" content=\"article\" \/>\n<meta property=\"og:title\" content=\"Barrel making | Merkel\" \/>\n<meta property=\"og:description\" content=\"Die Merkel Hightech-Manufaktur in Suhl fertigt die L\u00e4ufe f\u00fcr ihre Waffen selbst \u2013 als einer von ganz wenigen Jagdgewehrherstellern weltweit. Merkel kann dabei auf eine lange Tradition zur\u00fcckblicken: Schon im Drei\u00dfigj\u00e4hrigen Krieg hat die Region pro Jahr 20.000 Gewehrl\u00e4ufe hergestellt.\" \/>\n<meta property=\"og:url\" content=\"https:\/\/www.merkel-die-jagd.de\/en\/company\/barrel-making\/\" \/>\n<meta property=\"og:site_name\" content=\"Merkel\" \/>\n<meta property=\"article:modified_time\" content=\"2022-10-13T08:57:09+00:00\" \/>\n<meta name=\"twitter:label1\" content=\"Est. reading time\" \/>\n\t<meta name=\"twitter:data1\" content=\"6 minutes\" \/>\n<script type=\"application\/ld+json\" class=\"yoast-schema-graph\">{\"@context\":\"https:\/\/schema.org\",\"@graph\":[{\"@type\":\"WebPage\",\"@id\":\"https:\/\/www.merkel-die-jagd.de\/en\/company\/barrel-making\/\",\"url\":\"https:\/\/www.merkel-die-jagd.de\/en\/company\/barrel-making\/\",\"name\":\"Barrel making | Merkel\",\"isPartOf\":{\"@id\":\"https:\/\/www.merkel-die-jagd.de\/en\/#website\"},\"datePublished\":\"2018-01-24T08:28:48+00:00\",\"dateModified\":\"2022-10-13T08:57:09+00:00\",\"description\":\"Die Merkel Hightech-Manufaktur in Suhl fertigt die L\u00e4ufe f\u00fcr ihre Waffen selbst \u2013 als einer von ganz wenigen Jagdgewehrherstellern weltweit. Merkel kann dabei auf eine lange Tradition zur\u00fcckblicken: Schon im Drei\u00dfigj\u00e4hrigen Krieg hat die Region pro Jahr 20.000 Gewehrl\u00e4ufe hergestellt.\",\"breadcrumb\":{\"@id\":\"https:\/\/www.merkel-die-jagd.de\/en\/company\/barrel-making\/#breadcrumb\"},\"inLanguage\":\"en-US\",\"potentialAction\":[{\"@type\":\"ReadAction\",\"target\":[\"https:\/\/www.merkel-die-jagd.de\/en\/company\/barrel-making\/\"]}]},{\"@type\":\"BreadcrumbList\",\"@id\":\"https:\/\/www.merkel-die-jagd.de\/en\/company\/barrel-making\/#breadcrumb\",\"itemListElement\":[{\"@type\":\"ListItem\",\"position\":1,\"name\":\"Home\",\"item\":\"https:\/\/www.merkel-die-jagd.de\/en\/startseite-2-2\/\"},{\"@type\":\"ListItem\",\"position\":2,\"name\":\"Company\",\"item\":\"https:\/\/www.merkel-die-jagd.de\/en\/company\/\"},{\"@type\":\"ListItem\",\"position\":3,\"name\":\"Barrel making\"}]},{\"@type\":\"WebSite\",\"@id\":\"https:\/\/www.merkel-die-jagd.de\/en\/#website\",\"url\":\"https:\/\/www.merkel-die-jagd.de\/en\/\",\"name\":\"Merkel\",\"description\":\"\",\"potentialAction\":[{\"@type\":\"SearchAction\",\"target\":{\"@type\":\"EntryPoint\",\"urlTemplate\":\"https:\/\/www.merkel-die-jagd.de\/en\/?s={search_term_string}\"},\"query-input\":\"required name=search_term_string\"}],\"inLanguage\":\"en-US\"}]}<\/script>\n<!-- \/ Yoast SEO plugin. -->","yoast_head_json":{"title":"Barrel making | Merkel","description":"Die Merkel Hightech-Manufaktur in Suhl fertigt die L\u00e4ufe f\u00fcr ihre Waffen selbst \u2013 als einer von ganz wenigen Jagdgewehrherstellern weltweit. Merkel kann dabei auf eine lange Tradition zur\u00fcckblicken: Schon im Drei\u00dfigj\u00e4hrigen Krieg hat die Region pro Jahr 20.000 Gewehrl\u00e4ufe hergestellt.","robots":{"index":"index","follow":"follow","max-snippet":"max-snippet:-1","max-image-preview":"max-image-preview:large","max-video-preview":"max-video-preview:-1"},"canonical":"https:\/\/www.merkel-die-jagd.de\/en\/company\/barrel-making\/","og_locale":"en_US","og_type":"article","og_title":"Barrel making | Merkel","og_description":"Die Merkel Hightech-Manufaktur in Suhl fertigt die L\u00e4ufe f\u00fcr ihre Waffen selbst \u2013 als einer von ganz wenigen Jagdgewehrherstellern weltweit. Merkel kann dabei auf eine lange Tradition zur\u00fcckblicken: Schon im Drei\u00dfigj\u00e4hrigen Krieg hat die Region pro Jahr 20.000 Gewehrl\u00e4ufe hergestellt.","og_url":"https:\/\/www.merkel-die-jagd.de\/en\/company\/barrel-making\/","og_site_name":"Merkel","article_modified_time":"2022-10-13T08:57:09+00:00","twitter_misc":{"Est. reading time":"6 minutes"},"schema":{"@context":"https:\/\/schema.org","@graph":[{"@type":"WebPage","@id":"https:\/\/www.merkel-die-jagd.de\/en\/company\/barrel-making\/","url":"https:\/\/www.merkel-die-jagd.de\/en\/company\/barrel-making\/","name":"Barrel making | Merkel","isPartOf":{"@id":"https:\/\/www.merkel-die-jagd.de\/en\/#website"},"datePublished":"2018-01-24T08:28:48+00:00","dateModified":"2022-10-13T08:57:09+00:00","description":"Die Merkel Hightech-Manufaktur in Suhl fertigt die L\u00e4ufe f\u00fcr ihre Waffen selbst \u2013 als einer von ganz wenigen Jagdgewehrherstellern weltweit. Merkel kann dabei auf eine lange Tradition zur\u00fcckblicken: Schon im Drei\u00dfigj\u00e4hrigen Krieg hat die Region pro Jahr 20.000 Gewehrl\u00e4ufe hergestellt.","breadcrumb":{"@id":"https:\/\/www.merkel-die-jagd.de\/en\/company\/barrel-making\/#breadcrumb"},"inLanguage":"en-US","potentialAction":[{"@type":"ReadAction","target":["https:\/\/www.merkel-die-jagd.de\/en\/company\/barrel-making\/"]}]},{"@type":"BreadcrumbList","@id":"https:\/\/www.merkel-die-jagd.de\/en\/company\/barrel-making\/#breadcrumb","itemListElement":[{"@type":"ListItem","position":1,"name":"Home","item":"https:\/\/www.merkel-die-jagd.de\/en\/startseite-2-2\/"},{"@type":"ListItem","position":2,"name":"Company","item":"https:\/\/www.merkel-die-jagd.de\/en\/company\/"},{"@type":"ListItem","position":3,"name":"Barrel making"}]},{"@type":"WebSite","@id":"https:\/\/www.merkel-die-jagd.de\/en\/#website","url":"https:\/\/www.merkel-die-jagd.de\/en\/","name":"Merkel","description":"","potentialAction":[{"@type":"SearchAction","target":{"@type":"EntryPoint","urlTemplate":"https:\/\/www.merkel-die-jagd.de\/en\/?s={search_term_string}"},"query-input":"required name=search_term_string"}],"inLanguage":"en-US"}]}},"_links":{"self":[{"href":"https:\/\/www.merkel-die-jagd.de\/en\/wp-json\/wp\/v2\/pages\/4797"}],"collection":[{"href":"https:\/\/www.merkel-die-jagd.de\/en\/wp-json\/wp\/v2\/pages"}],"about":[{"href":"https:\/\/www.merkel-die-jagd.de\/en\/wp-json\/wp\/v2\/types\/page"}],"author":[{"embeddable":true,"href":"https:\/\/www.merkel-die-jagd.de\/en\/wp-json\/wp\/v2\/users\/8"}],"replies":[{"embeddable":true,"href":"https:\/\/www.merkel-die-jagd.de\/en\/wp-json\/wp\/v2\/comments?post=4797"}],"version-history":[{"count":0,"href":"https:\/\/www.merkel-die-jagd.de\/en\/wp-json\/wp\/v2\/pages\/4797\/revisions"}],"up":[{"embeddable":true,"href":"https:\/\/www.merkel-die-jagd.de\/en\/wp-json\/wp\/v2\/pages\/5840"}],"wp:attachment":[{"href":"https:\/\/www.merkel-die-jagd.de\/en\/wp-json\/wp\/v2\/media?parent=4797"}],"wp:term":[{"taxonomy":"category","embeddable":true,"href":"https:\/\/www.merkel-die-jagd.de\/en\/wp-json\/wp\/v2\/categories?post=4797"}],"curies":[{"name":"wp","href":"https:\/\/api.w.org\/{rel}","templated":true}]}}