{"id":5065,"date":"2018-01-29T11:17:29","date_gmt":"2018-01-29T10:17:29","guid":{"rendered":"http:\/\/www.merkel-die-jagd.de\/single-shot-rifles\/"},"modified":"2018-02-21T08:45:37","modified_gmt":"2018-02-21T07:45:37","slug":"single-shot-rifles","status":"publish","type":"page","link":"https:\/\/www.merkel-die-jagd.de\/en\/guns\/single-shot-rifles\/","title":{"rendered":"Single shot rifles"},"content":{"rendered":"<p><div class=\"fusion-fullwidth fullwidth-box fusion-builder-row-1 nonhundred-percent-fullwidth non-hundred-percent-height-scrolling\" style=\"background-color: rgba(255,255,255,0);background-position: center center;background-repeat: no-repeat;padding-top:0px;padding-right:0px;padding-bottom:0px;padding-left:0px;margin-bottom: 70px;margin-top: 0px;border-width: 0px 0px 0px 0px;border-color:#eae9e9;border-style:solid;\" ><div class=\"fusion-builder-row fusion-row\"><div class=\"fusion-layout-column fusion_builder_column fusion-builder-column-0 fusion_builder_column_1_1 1_1 fusion-one-full fusion-column-first fusion-column-last\" style=\"margin-top:0px;margin-bottom:20px;\"><div class=\"fusion-column-wrapper fusion-flex-column-wrapper-legacy\" style=\"background-position:left top;background-repeat:no-repeat;-webkit-background-size:cover;-moz-background-size:cover;-o-background-size:cover;background-size:cover;padding: 0px 0px 0px 0px;\">\n<div class=\"fusion-slider-revolution rev_slider_wrapper\">\t\t\t<!-- START Gewehre_Kipplaufb\u00fcchsen REVOLUTION SLIDER 6.5.25 --><p class=\"rs-p-wp-fix\"><\/p>\n\t\t\t<rs-module-wrap id=\"rev_slider_70_1_wrapper\" data-source=\"gallery\" style=\"visibility:hidden;background:transparent;padding:0;margin:0px auto;margin-top:0;margin-bottom:0;\">\n\t\t\t\t<rs-module id=\"rev_slider_70_1\" style=\"\" data-version=\"6.5.25\">\n\t\t\t\t\t<rs-slides>\n\t\t\t\t\t\t<rs-slide style=\"position: absolute;\" data-key=\"rs-453\" data-title=\"Slide\" data-anim=\"ms:600;\" data-in=\"o:0;\" data-out=\"a:false;\">\n\t\t\t\t\t\t\t<img src=\"\/\/www.merkel-die-jagd.de\/wp-content\/plugins\/revslider\/public\/assets\/assets\/dummy.png\" alt=\"Merkel Gewehre Kipplaufb\u00fcchsen\" title=\"Merkel Gewehre Kipplaufb\u00fcchsen\" width=\"1920\" height=\"655\" class=\"rev-slidebg tp-rs-img rs-lazyload\" data-lazyload=\"\/\/www.merkel-die-jagd.de\/wp-content\/uploads\/2017\/12\/Merkel_Gewehre_Kipplaufbuechsen_01_1920x655.jpg\" data-no-retina>\n<!---->\t\t\t\t\t\t<\/rs-slide>\n\t\t\t\t\t<\/rs-slides>\n\t\t\t\t<\/rs-module>\n\t\t\t\t<script>\n\t\t\t\t\tsetREVStartSize({c: 'rev_slider_70_1',rl:[1240,1024,778,480],el:[],gw:[1600],gh:[669],type:'standard',justify:'',layout:'fullwidth',mh:\"0\"});if (window.RS_MODULES!==undefined && window.RS_MODULES.modules!==undefined && window.RS_MODULES.modules[\"revslider701\"]!==undefined) {window.RS_MODULES.modules[\"revslider701\"].once = false;window.revapi70 = undefined;if (window.RS_MODULES.checkMinimal!==undefined) window.RS_MODULES.checkMinimal()}\n\t\t\t\t<\/script>\n\t\t\t<\/rs-module-wrap>\n\t\t\t<!-- END REVOLUTION SLIDER -->\n<\/div><div class=\"fusion-clearfix\"><\/div><\/div><\/div><\/div><\/div><div class=\"fusion-fullwidth fullwidth-box fusion-builder-row-2 merkel-content-headline-image-2-1 nonhundred-percent-fullwidth non-hundred-percent-height-scrolling\" style=\"background-color: rgba(255,255,255,0);background-position: center center;background-repeat: no-repeat;padding-top:0px;padding-right:0px;padding-bottom:0px;padding-left:0px;margin-bottom: 70px;margin-top: 0px;border-width: 0px 0px 0px 0px;border-color:#eae9e9;border-style:solid;\" ><div class=\"fusion-builder-row fusion-row\"><div class=\"fusion-layout-column fusion_builder_column fusion-builder-column-1 fusion_builder_column_2_3 2_3 fusion-two-third fusion-column-first\" style=\"width:66.666666666667%;width:calc(66.666666666667% - ( ( 4% ) * 0.66666666666667 ) );margin-right: 4%;margin-top:0px;margin-bottom:0px;\"><div class=\"fusion-column-wrapper fusion-flex-column-wrapper-legacy\" style=\"background-position:left top;background-repeat:no-repeat;-webkit-background-size:cover;-moz-background-size:cover;-o-background-size:cover;background-size:cover;padding: 0px 0px 0px 0px;\"><style type=\"text\/css\"><\/style><div class=\"fusion-title title fusion-title-1 fusion-sep-none fusion-title-text fusion-title-size-one merkel-headline\" style=\"margin-top:0px;margin-right:0px;margin-bottom:31px;margin-left:0px;\"><h1 class=\"title-heading-left fusion-responsive-typography-calculated\" style=\"margin:0;--fontSize:40;line-height:1.2;\">Single shot rifles<\/h1><\/div><div class=\"fusion-text fusion-text-1\"><p>Single shot rifles of the Merkel K class have gained a special reputation for distance shooting among precision marksmen. These single barrel guns are predestined for hunting in mountainous regions and for deerstalking. They combine easy-to-handle size with low weight &#8211; ideal prerequisites for this physically demanding type of hunting.<\/p>\n<p>The K class locks with a typical MEM technology, which the Suhl gunmaker Franz J\u00e4ger patented in 1906, and which since then is considered one of the most rugged breech for single shot rifles. A steel block catches into a keyway of the barrel and locks it &#8211; the steel on steel principle applies. The tilted block breech allows a light duralumin receiver to be used, which enhances the responsiveness of the light-weight K3.<\/p>\n<p>The finely tuned trigger with perfectly adjustable trigger weight is a further indication that this gun class is designed for the precision shot; as does the simple but exactly repeatable Suhl tilt-up mount. Although technically innovative, the form of this hunting gun draws on the traditional Suhl style. The stock has the Merkel curvature; the side plates are inlayed in a prism and fastened with engraved screws.<\/p>\n<p>The greater weight of the K4 with its steel receiver and octagonal barrel (approx. 300 grams) makes the gun something special. It is designed for hunters who link the precision shot with the stabilising mass of the rifle &#8211; and continues the long tradition of the Merkel Carpathian rifle.<\/p>\n<\/div><div class=\"fusion-clearfix\"><\/div><\/div><\/div><\/div><\/div><div class=\"fusion-fullwidth fullwidth-box fusion-builder-row-3 nonhundred-percent-fullwidth non-hundred-percent-height-scrolling\" style=\"background-color: rgba(255,255,255,0);background-position: center center;background-repeat: no-repeat;padding-top:0px;padding-right:0px;padding-bottom:0px;padding-left:0px;margin-bottom: 0px;margin-top: 0px;border-width: 0px 0px 0px 0px;border-color:#eae9e9;border-style:solid;\" ><div class=\"fusion-builder-row fusion-row\"><div class=\"fusion-layout-column fusion_builder_column fusion-builder-column-2 fusion_builder_column_1_1 1_1 fusion-one-full fusion-column-first fusion-column-last\" style=\"margin-top:0px;margin-bottom:20px;\"><div class=\"fusion-column-wrapper fusion-flex-column-wrapper-legacy\" style=\"background-position:left top;background-repeat:no-repeat;-webkit-background-size:cover;-moz-background-size:cover;-o-background-size:cover;background-size:cover;padding: 0px 0px 0px 0px;\"><div class=\"gun-grid\">\n    <div class=\"row\">\n                        <div class=\"col-sm-6\">\n                    <a href=\"https:\/\/www.merkel-die-jagd.de\/en\/products\/guns\/ssr-k5-2\/\" class=\"gun-grid-item\">\n                        <span class=\"title\">Single shot rifle K5<\/span>\n                        <img class=\"lazyload\" src=\"data:image\/svg+xml,%3Csvg%20xmlns%3D%27http%3A%2F%2Fwww.w3.org%2F2000%2Fsvg%27%20width%3D%271920%27%20height%3D%27655%27%20viewBox%3D%270%200%201920%20655%27%3E%3Crect%20width%3D%271920%27%20height%3D%27655%27%20fill-opacity%3D%220%22%2F%3E%3C%2Fsvg%3E\" data-orig-src=\"https:\/\/www.merkel-die-jagd.de\/wp-content\/uploads\/2023\/01\/Merkel_Kipplaufbuechse_K5_Black_li.jpg\" \/>\n                    <\/a>\n                <\/div>\n                                <div class=\"col-sm-6\">\n                    <a href=\"https:\/\/www.merkel-die-jagd.de\/en\/products\/guns\/ssr-k5-carbon\/\" class=\"gun-grid-item\">\n                        <span class=\"title\">Single shot rifle K5 Carbon<\/span>\n                        <img class=\"lazyload\" src=\"data:image\/svg+xml,%3Csvg%20xmlns%3D%27http%3A%2F%2Fwww.w3.org%2F2000%2Fsvg%27%20width%3D%271920%27%20height%3D%27655%27%20viewBox%3D%270%200%201920%20655%27%3E%3Crect%20width%3D%271920%27%20height%3D%27655%27%20fill-opacity%3D%220%22%2F%3E%3C%2Fsvg%3E\" data-orig-src=\"https:\/\/www.merkel-die-jagd.de\/wp-content\/uploads\/2026\/03\/Merkel-K5-Carbon-01-Slider-1920x.jpg\" \/>\n                    <\/a>\n                <\/div>\n                <\/div><div class=\"row\">    <\/div>\n<\/div>\n<div class=\"fusion-clearfix\"><\/div><\/div><\/div><\/div><\/div><\/p>\n","protected":false},"excerpt":{"rendered":"","protected":false},"author":1,"featured_media":0,"parent":5599,"menu_order":40,"comment_status":"closed","ping_status":"closed","template":"","meta":[],"categories":[],"acf":[],"yoast_head":"<!-- This site is optimized with the Yoast SEO plugin v19.11 - https:\/\/yoast.com\/wordpress\/plugins\/seo\/ -->\n<title>Single shot rifles | Merkel<\/title>\n<meta name=\"description\" content=\"Kipplaufb\u00fcchsen der Merkel K-Klasse haben sich unter Pr\u00e4zisionssch\u00fctzen f\u00fcr den Schuss auf Distanz einen besonderen Ruf erworben. Sie kombinieren handliche Gr\u00f6\u00dfe mit niedrigem Gewicht \u2013 ideale Voraussetzungen f\u00fcr diese auch k\u00f6rperlich anspruchsvolle Art zu jagen.\" \/>\n<meta name=\"robots\" content=\"index, follow, max-snippet:-1, max-image-preview:large, max-video-preview:-1\" \/>\n<link rel=\"canonical\" href=\"https:\/\/www.merkel-die-jagd.de\/en\/guns\/single-shot-rifles\/\" \/>\n<meta property=\"og:locale\" content=\"en_US\" \/>\n<meta property=\"og:type\" content=\"article\" \/>\n<meta property=\"og:title\" content=\"Single shot rifles | Merkel\" \/>\n<meta property=\"og:description\" content=\"Kipplaufb\u00fcchsen der Merkel K-Klasse haben sich unter Pr\u00e4zisionssch\u00fctzen f\u00fcr den Schuss auf Distanz einen besonderen Ruf erworben. Sie kombinieren handliche Gr\u00f6\u00dfe mit niedrigem Gewicht \u2013 ideale Voraussetzungen f\u00fcr diese auch k\u00f6rperlich anspruchsvolle Art zu jagen.\" \/>\n<meta property=\"og:url\" content=\"https:\/\/www.merkel-die-jagd.de\/en\/guns\/single-shot-rifles\/\" \/>\n<meta property=\"og:site_name\" content=\"Merkel\" \/>\n<meta property=\"article:modified_time\" content=\"2018-02-21T07:45:37+00:00\" \/>\n<meta name=\"twitter:label1\" content=\"Est. reading time\" \/>\n\t<meta name=\"twitter:data1\" content=\"4 minutes\" \/>\n<script type=\"application\/ld+json\" class=\"yoast-schema-graph\">{\"@context\":\"https:\/\/schema.org\",\"@graph\":[{\"@type\":\"WebPage\",\"@id\":\"https:\/\/www.merkel-die-jagd.de\/en\/guns\/single-shot-rifles\/\",\"url\":\"https:\/\/www.merkel-die-jagd.de\/en\/guns\/single-shot-rifles\/\",\"name\":\"Single shot rifles | Merkel\",\"isPartOf\":{\"@id\":\"https:\/\/www.merkel-die-jagd.de\/en\/#website\"},\"datePublished\":\"2018-01-29T10:17:29+00:00\",\"dateModified\":\"2018-02-21T07:45:37+00:00\",\"description\":\"Kipplaufb\u00fcchsen der Merkel K-Klasse haben sich unter Pr\u00e4zisionssch\u00fctzen f\u00fcr den Schuss auf Distanz einen besonderen Ruf erworben. Sie kombinieren handliche Gr\u00f6\u00dfe mit niedrigem Gewicht \u2013 ideale Voraussetzungen f\u00fcr diese auch k\u00f6rperlich anspruchsvolle Art zu jagen.\",\"breadcrumb\":{\"@id\":\"https:\/\/www.merkel-die-jagd.de\/en\/guns\/single-shot-rifles\/#breadcrumb\"},\"inLanguage\":\"en-US\",\"potentialAction\":[{\"@type\":\"ReadAction\",\"target\":[\"https:\/\/www.merkel-die-jagd.de\/en\/guns\/single-shot-rifles\/\"]}]},{\"@type\":\"BreadcrumbList\",\"@id\":\"https:\/\/www.merkel-die-jagd.de\/en\/guns\/single-shot-rifles\/#breadcrumb\",\"itemListElement\":[{\"@type\":\"ListItem\",\"position\":1,\"name\":\"Home\",\"item\":\"https:\/\/www.merkel-die-jagd.de\/en\/startseite-2-2\/\"},{\"@type\":\"ListItem\",\"position\":2,\"name\":\"Guns\",\"item\":\"https:\/\/www.merkel-die-jagd.de\/en\/guns\/\"},{\"@type\":\"ListItem\",\"position\":3,\"name\":\"Single shot rifles\"}]},{\"@type\":\"WebSite\",\"@id\":\"https:\/\/www.merkel-die-jagd.de\/en\/#website\",\"url\":\"https:\/\/www.merkel-die-jagd.de\/en\/\",\"name\":\"Merkel\",\"description\":\"\",\"potentialAction\":[{\"@type\":\"SearchAction\",\"target\":{\"@type\":\"EntryPoint\",\"urlTemplate\":\"https:\/\/www.merkel-die-jagd.de\/en\/?s={search_term_string}\"},\"query-input\":\"required name=search_term_string\"}],\"inLanguage\":\"en-US\"}]}<\/script>\n<!-- \/ Yoast SEO plugin. -->","yoast_head_json":{"title":"Single shot rifles | Merkel","description":"Kipplaufb\u00fcchsen der Merkel K-Klasse haben sich unter Pr\u00e4zisionssch\u00fctzen f\u00fcr den Schuss auf Distanz einen besonderen Ruf erworben. Sie kombinieren handliche Gr\u00f6\u00dfe mit niedrigem Gewicht \u2013 ideale Voraussetzungen f\u00fcr diese auch k\u00f6rperlich anspruchsvolle Art zu jagen.","robots":{"index":"index","follow":"follow","max-snippet":"max-snippet:-1","max-image-preview":"max-image-preview:large","max-video-preview":"max-video-preview:-1"},"canonical":"https:\/\/www.merkel-die-jagd.de\/en\/guns\/single-shot-rifles\/","og_locale":"en_US","og_type":"article","og_title":"Single shot rifles | Merkel","og_description":"Kipplaufb\u00fcchsen der Merkel K-Klasse haben sich unter Pr\u00e4zisionssch\u00fctzen f\u00fcr den Schuss auf Distanz einen besonderen Ruf erworben. Sie kombinieren handliche Gr\u00f6\u00dfe mit niedrigem Gewicht \u2013 ideale Voraussetzungen f\u00fcr diese auch k\u00f6rperlich anspruchsvolle Art zu jagen.","og_url":"https:\/\/www.merkel-die-jagd.de\/en\/guns\/single-shot-rifles\/","og_site_name":"Merkel","article_modified_time":"2018-02-21T07:45:37+00:00","twitter_misc":{"Est. reading time":"4 minutes"},"schema":{"@context":"https:\/\/schema.org","@graph":[{"@type":"WebPage","@id":"https:\/\/www.merkel-die-jagd.de\/en\/guns\/single-shot-rifles\/","url":"https:\/\/www.merkel-die-jagd.de\/en\/guns\/single-shot-rifles\/","name":"Single shot rifles | Merkel","isPartOf":{"@id":"https:\/\/www.merkel-die-jagd.de\/en\/#website"},"datePublished":"2018-01-29T10:17:29+00:00","dateModified":"2018-02-21T07:45:37+00:00","description":"Kipplaufb\u00fcchsen der Merkel K-Klasse haben sich unter Pr\u00e4zisionssch\u00fctzen f\u00fcr den Schuss auf Distanz einen besonderen Ruf erworben. Sie kombinieren handliche Gr\u00f6\u00dfe mit niedrigem Gewicht \u2013 ideale Voraussetzungen f\u00fcr diese auch k\u00f6rperlich anspruchsvolle Art zu jagen.","breadcrumb":{"@id":"https:\/\/www.merkel-die-jagd.de\/en\/guns\/single-shot-rifles\/#breadcrumb"},"inLanguage":"en-US","potentialAction":[{"@type":"ReadAction","target":["https:\/\/www.merkel-die-jagd.de\/en\/guns\/single-shot-rifles\/"]}]},{"@type":"BreadcrumbList","@id":"https:\/\/www.merkel-die-jagd.de\/en\/guns\/single-shot-rifles\/#breadcrumb","itemListElement":[{"@type":"ListItem","position":1,"name":"Home","item":"https:\/\/www.merkel-die-jagd.de\/en\/startseite-2-2\/"},{"@type":"ListItem","position":2,"name":"Guns","item":"https:\/\/www.merkel-die-jagd.de\/en\/guns\/"},{"@type":"ListItem","position":3,"name":"Single shot rifles"}]},{"@type":"WebSite","@id":"https:\/\/www.merkel-die-jagd.de\/en\/#website","url":"https:\/\/www.merkel-die-jagd.de\/en\/","name":"Merkel","description":"","potentialAction":[{"@type":"SearchAction","target":{"@type":"EntryPoint","urlTemplate":"https:\/\/www.merkel-die-jagd.de\/en\/?s={search_term_string}"},"query-input":"required name=search_term_string"}],"inLanguage":"en-US"}]}},"_links":{"self":[{"href":"https:\/\/www.merkel-die-jagd.de\/en\/wp-json\/wp\/v2\/pages\/5065"}],"collection":[{"href":"https:\/\/www.merkel-die-jagd.de\/en\/wp-json\/wp\/v2\/pages"}],"about":[{"href":"https:\/\/www.merkel-die-jagd.de\/en\/wp-json\/wp\/v2\/types\/page"}],"author":[{"embeddable":true,"href":"https:\/\/www.merkel-die-jagd.de\/en\/wp-json\/wp\/v2\/users\/1"}],"replies":[{"embeddable":true,"href":"https:\/\/www.merkel-die-jagd.de\/en\/wp-json\/wp\/v2\/comments?post=5065"}],"version-history":[{"count":0,"href":"https:\/\/www.merkel-die-jagd.de\/en\/wp-json\/wp\/v2\/pages\/5065\/revisions"}],"up":[{"embeddable":true,"href":"https:\/\/www.merkel-die-jagd.de\/en\/wp-json\/wp\/v2\/pages\/5599"}],"wp:attachment":[{"href":"https:\/\/www.merkel-die-jagd.de\/en\/wp-json\/wp\/v2\/media?parent=5065"}],"wp:term":[{"taxonomy":"category","embeddable":true,"href":"https:\/\/www.merkel-die-jagd.de\/en\/wp-json\/wp\/v2\/categories?post=5065"}],"curies":[{"name":"wp","href":"https:\/\/api.w.org\/{rel}","templated":true}]}}