{"id":5582,"date":"2018-02-01T16:24:22","date_gmt":"2018-02-01T15:24:22","guid":{"rendered":"http:\/\/www.merkel-die-jagd.de\/bolt-action-rifles\/"},"modified":"2018-02-01T16:25:17","modified_gmt":"2018-02-01T15:25:17","slug":"bolt-action-rifles","status":"publish","type":"page","link":"https:\/\/www.merkel-die-jagd.de\/en\/guns\/bolt-action-rifles\/","title":{"rendered":"Bolt-action rifles"},"content":{"rendered":"<p><div class=\"fusion-fullwidth fullwidth-box fusion-builder-row-1 nonhundred-percent-fullwidth non-hundred-percent-height-scrolling\" style=\"background-color: rgba(255,255,255,0);background-position: center center;background-repeat: no-repeat;padding-top:0px;padding-right:0px;padding-bottom:0px;padding-left:0px;margin-bottom: 70px;margin-top: 0px;border-width: 0px 0px 0px 0px;border-color:#eae9e9;border-style:solid;\" ><div class=\"fusion-builder-row fusion-row\"><div class=\"fusion-layout-column fusion_builder_column fusion-builder-column-0 fusion_builder_column_1_1 1_1 fusion-one-full fusion-column-first fusion-column-last\" style=\"margin-top:0px;margin-bottom:20px;\"><div class=\"fusion-column-wrapper fusion-flex-column-wrapper-legacy\" style=\"background-position:left top;background-repeat:no-repeat;-webkit-background-size:cover;-moz-background-size:cover;-o-background-size:cover;background-size:cover;padding: 0px 0px 0px 0px;\">\n<div class=\"fusion-slider-revolution rev_slider_wrapper\">\t\t\t<!-- START Gewehre_Repetierb\u00fcchsen REVOLUTION SLIDER 6.5.25 --><p class=\"rs-p-wp-fix\"><\/p>\n\t\t\t<rs-module-wrap id=\"rev_slider_68_1_wrapper\" data-source=\"gallery\" style=\"visibility:hidden;background:transparent;padding:0;margin:0px auto;margin-top:0;margin-bottom:0;\">\n\t\t\t\t<rs-module id=\"rev_slider_68_1\" style=\"\" data-version=\"6.5.25\">\n\t\t\t\t\t<rs-slides>\n\t\t\t\t\t\t<rs-slide style=\"position: absolute;\" data-key=\"rs-449\" data-title=\"Slide\" data-anim=\"ms:600;\" data-in=\"o:0;\" data-out=\"a:false;\">\n\t\t\t\t\t\t\t<img src=\"\/\/www.merkel-die-jagd.de\/wp-content\/plugins\/revslider\/public\/assets\/assets\/dummy.png\" alt=\"Merkel Gewehre Repetierb\u00fcchsen\" title=\"Merkel Gewehre Repetierb\u00fcchsen\" width=\"1920\" height=\"655\" class=\"rev-slidebg tp-rs-img rs-lazyload\" data-lazyload=\"\/\/www.merkel-die-jagd.de\/wp-content\/uploads\/2017\/12\/Merkel_Gewehre_Repetierbuechsen_01_1920x655.jpg\" data-no-retina>\n<!---->\t\t\t\t\t\t<\/rs-slide>\n\t\t\t\t\t<\/rs-slides>\n\t\t\t\t<\/rs-module>\n\t\t\t\t<script>\n\t\t\t\t\tsetREVStartSize({c: 'rev_slider_68_1',rl:[1240,1024,778,480],el:[],gw:[1600],gh:[669],type:'standard',justify:'',layout:'fullwidth',mh:\"0\"});if (window.RS_MODULES!==undefined && window.RS_MODULES.modules!==undefined && window.RS_MODULES.modules[\"revslider681\"]!==undefined) {window.RS_MODULES.modules[\"revslider681\"].once = false;window.revapi68 = undefined;if (window.RS_MODULES.checkMinimal!==undefined) window.RS_MODULES.checkMinimal()}\n\t\t\t\t<\/script>\n\t\t\t<\/rs-module-wrap>\n\t\t\t<!-- END REVOLUTION SLIDER -->\n<\/div><div class=\"fusion-clearfix\"><\/div><\/div><\/div><\/div><\/div><div class=\"fusion-fullwidth fullwidth-box fusion-builder-row-2 merkel-content-headline-image-2-1 nonhundred-percent-fullwidth non-hundred-percent-height-scrolling\" style=\"background-color: rgba(255,255,255,0);background-position: center center;background-repeat: no-repeat;padding-top:0px;padding-right:0px;padding-bottom:0px;padding-left:0px;margin-bottom: 70px;margin-top: 0px;border-width: 0px 0px 0px 0px;border-color:#eae9e9;border-style:solid;\" ><div class=\"fusion-builder-row fusion-row\"><div class=\"fusion-layout-column fusion_builder_column fusion-builder-column-1 fusion_builder_column_2_3 2_3 fusion-two-third fusion-column-first\" style=\"width:66.666666666667%;width:calc(66.666666666667% - ( ( 4% ) * 0.66666666666667 ) );margin-right: 4%;margin-top:0px;margin-bottom:0px;\"><div class=\"fusion-column-wrapper fusion-flex-column-wrapper-legacy\" style=\"background-position:left top;background-repeat:no-repeat;-webkit-background-size:cover;-moz-background-size:cover;-o-background-size:cover;background-size:cover;padding: 0px 0px 0px 0px;\"><style type=\"text\/css\"><\/style><div class=\"fusion-title title fusion-title-1 fusion-sep-none fusion-title-text fusion-title-size-one merkel-headline\" style=\"margin-top:0px;margin-right:0px;margin-bottom:31px;margin-left:0px;\"><h1 class=\"title-heading-left fusion-responsive-typography-calculated\" style=\"margin:0;--fontSize:40;line-height:1.2;\">Bolt-action rifles<\/h1><\/div><div class=\"fusion-text fusion-text-1\"><p>The bolt-action-rifle is the standard rifle of today\u2019s hunter \u2013 and this is the reason not to go with the standard here. As the basic-rifle, the bolt-action has to fulfil a wide range of requirements, from waiting hunting to the driven hunt, all the way to mountain hunting and safari. It is therefore more of a rifle-system-solution than a gun. The hunter compiles his bolt-action for his hunting grounds or his next hunting project and utilises a range of system components for this. Merkel has set new standards with the HELIX in this hunting rifle category \u2013 the slender linear bolt-action rifle from Suhl shines in ergonomics, handiness, safety, travel usability and fast, intuitive shooting.<\/p>\n<\/div><div class=\"fusion-clearfix\"><\/div><\/div><\/div><\/div><\/div><div class=\"fusion-fullwidth fullwidth-box fusion-builder-row-3 nonhundred-percent-fullwidth non-hundred-percent-height-scrolling\" style=\"background-color: rgba(255,255,255,0);background-position: center center;background-repeat: no-repeat;padding-top:0px;padding-right:0px;padding-bottom:0px;padding-left:0px;margin-bottom: 0px;margin-top: 0px;border-width: 0px 0px 0px 0px;border-color:#eae9e9;border-style:solid;\" ><div class=\"fusion-builder-row fusion-row\"><div class=\"fusion-layout-column fusion_builder_column fusion-builder-column-2 fusion_builder_column_1_1 1_1 fusion-one-full fusion-column-first fusion-column-last\" style=\"margin-top:0px;margin-bottom:20px;\"><div class=\"fusion-column-wrapper fusion-flex-column-wrapper-legacy\" style=\"background-position:left top;background-repeat:no-repeat;-webkit-background-size:cover;-moz-background-size:cover;-o-background-size:cover;background-size:cover;padding: 0px 0px 0px 0px;\"><div class=\"gun-grid\">\n    <div class=\"row\">\n                        <div class=\"col-sm-6\">\n                    <a href=\"https:\/\/www.merkel-die-jagd.de\/en\/products\/guns\/helix-arabesque-wild-boar\/\" class=\"gun-grid-item\">\n                        <span class=\"title\">HELIX Arabesque \/ Wild Boar<\/span>\n                        <img class=\"lazyload\" src=\"data:image\/svg+xml,%3Csvg%20xmlns%3D%27http%3A%2F%2Fwww.w3.org%2F2000%2Fsvg%27%20width%3D%271920%27%20height%3D%27655%27%20viewBox%3D%270%200%201920%20655%27%3E%3Crect%20width%3D%271920%27%20height%3D%27655%27%20fill-opacity%3D%220%22%2F%3E%3C%2Fsvg%3E\" data-orig-src=\"https:\/\/www.merkel-die-jagd.de\/wp-content\/uploads\/2019\/01\/Merkel_Repetierbuechse_Helix_Wild_Boar_19_re_01.jpg\" \/>\n                    <\/a>\n                <\/div>\n                                <div class=\"col-sm-6\">\n                    <a href=\"https:\/\/www.merkel-die-jagd.de\/en\/products\/guns\/helix-black\/\" class=\"gun-grid-item\">\n                        <span class=\"title\">HELIX Black<\/span>\n                        <img class=\"lazyload\" src=\"data:image\/svg+xml,%3Csvg%20xmlns%3D%27http%3A%2F%2Fwww.w3.org%2F2000%2Fsvg%27%20width%3D%271920%27%20height%3D%27655%27%20viewBox%3D%270%200%201920%20655%27%3E%3Crect%20width%3D%271920%27%20height%3D%27655%27%20fill-opacity%3D%220%22%2F%3E%3C%2Fsvg%3E\" data-orig-src=\"https:\/\/www.merkel-die-jagd.de\/wp-content\/uploads\/2019\/01\/Merkel_Repetierbuechse_Helix_Black_19_re_03.jpg\" \/>\n                    <\/a>\n                <\/div>\n                <\/div><div class=\"row\">                <div class=\"col-sm-6\">\n                    <a href=\"https:\/\/www.merkel-die-jagd.de\/en\/products\/guns\/helix-carbon\/\" class=\"gun-grid-item\">\n                        <span class=\"title\">HELIX Carbon<\/span>\n                        <img class=\"lazyload\" src=\"data:image\/svg+xml,%3Csvg%20xmlns%3D%27http%3A%2F%2Fwww.w3.org%2F2000%2Fsvg%27%20width%3D%271920%27%20height%3D%27654%27%20viewBox%3D%270%200%201920%20654%27%3E%3Crect%20width%3D%271920%27%20height%3D%27654%27%20fill-opacity%3D%220%22%2F%3E%3C%2Fsvg%3E\" data-orig-src=\"https:\/\/www.merkel-die-jagd.de\/wp-content\/uploads\/2022\/05\/Merkel-Repetierbuechse-Helix-Carbon-re.jpg\" \/>\n                    <\/a>\n                <\/div>\n                                <div class=\"col-sm-6\">\n                    <a href=\"https:\/\/www.merkel-die-jagd.de\/en\/products\/guns\/helix-custom\/\" class=\"gun-grid-item\">\n                        <span class=\"title\">HELIX Custom<\/span>\n                        <img class=\"lazyload\" src=\"data:image\/svg+xml,%3Csvg%20xmlns%3D%27http%3A%2F%2Fwww.w3.org%2F2000%2Fsvg%27%20width%3D%271920%27%20height%3D%27655%27%20viewBox%3D%270%200%201920%20655%27%3E%3Crect%20width%3D%271920%27%20height%3D%27655%27%20fill-opacity%3D%220%22%2F%3E%3C%2Fsvg%3E\" data-orig-src=\"https:\/\/www.merkel-die-jagd.de\/wp-content\/uploads\/2017\/11\/Merkel_Repetierbuechse_Helix_Custom_Moose_re_01.jpg\" \/>\n                    <\/a>\n                <\/div>\n                <\/div><div class=\"row\">                <div class=\"col-sm-6\">\n                    <a href=\"https:\/\/www.merkel-die-jagd.de\/en\/products\/guns\/helix-deluxe\/\" class=\"gun-grid-item\">\n                        <span class=\"title\">HELIX Deluxe<\/span>\n                        <img class=\"lazyload\" src=\"data:image\/svg+xml,%3Csvg%20xmlns%3D%27http%3A%2F%2Fwww.w3.org%2F2000%2Fsvg%27%20width%3D%271920%27%20height%3D%27655%27%20viewBox%3D%270%200%201920%20655%27%3E%3Crect%20width%3D%271920%27%20height%3D%27655%27%20fill-opacity%3D%220%22%2F%3E%3C%2Fsvg%3E\" data-orig-src=\"https:\/\/www.merkel-die-jagd.de\/wp-content\/uploads\/2019\/01\/Merkel_Repetierbuechse_Helix_Deluxe_19_re_01.jpg\" \/>\n                    <\/a>\n                <\/div>\n                                <div class=\"col-sm-6\">\n                    <a href=\"https:\/\/www.merkel-die-jagd.de\/en\/products\/guns\/helix-ds\/\" class=\"gun-grid-item\">\n                        <span class=\"title\">HELIX DS<\/span>\n                        <img class=\"lazyload\" src=\"data:image\/svg+xml,%3Csvg%20xmlns%3D%27http%3A%2F%2Fwww.w3.org%2F2000%2Fsvg%27%20width%3D%271920%27%20height%3D%27655%27%20viewBox%3D%270%200%201920%20655%27%3E%3Crect%20width%3D%271920%27%20height%3D%27655%27%20fill-opacity%3D%220%22%2F%3E%3C%2Fsvg%3E\" data-orig-src=\"https:\/\/www.merkel-die-jagd.de\/wp-content\/uploads\/2019\/01\/Merkel_Repetierbuechse_Helix_Black_Lady_19_re_01.jpg\" \/>\n                    <\/a>\n                <\/div>\n                <\/div><div class=\"row\">                <div class=\"col-sm-6\">\n                    <a href=\"https:\/\/www.merkel-die-jagd.de\/en\/products\/guns\/helix-explorer\/\" class=\"gun-grid-item\">\n                        <span class=\"title\">HELIX Explorer<\/span>\n                        <img class=\"lazyload\" src=\"data:image\/svg+xml,%3Csvg%20xmlns%3D%27http%3A%2F%2Fwww.w3.org%2F2000%2Fsvg%27%20width%3D%271920%27%20height%3D%27655%27%20viewBox%3D%270%200%201920%20655%27%3E%3Crect%20width%3D%271920%27%20height%3D%27655%27%20fill-opacity%3D%220%22%2F%3E%3C%2Fsvg%3E\" data-orig-src=\"https:\/\/www.merkel-die-jagd.de\/wp-content\/uploads\/2019\/01\/Merkel_Repetierbuechse_Helix_Explorer_19_re_01.jpg\" \/>\n                    <\/a>\n                <\/div>\n                                <div class=\"col-sm-6\">\n                    <a href=\"https:\/\/www.merkel-die-jagd.de\/en\/products\/guns\/helix-noblesse\/\" class=\"gun-grid-item\">\n                        <span class=\"title\">HELIX Noblesse<\/span>\n                        <img class=\"lazyload\" src=\"data:image\/svg+xml,%3Csvg%20xmlns%3D%27http%3A%2F%2Fwww.w3.org%2F2000%2Fsvg%27%20width%3D%271920%27%20height%3D%27655%27%20viewBox%3D%270%200%201920%20655%27%3E%3Crect%20width%3D%271920%27%20height%3D%27655%27%20fill-opacity%3D%220%22%2F%3E%3C%2Fsvg%3E\" data-orig-src=\"https:\/\/www.merkel-die-jagd.de\/wp-content\/uploads\/2021\/03\/Merkel_Repetierbuechse_Helix_Noblesse_re_01b.jpg\" \/>\n                    <\/a>\n                <\/div>\n                <\/div><div class=\"row\">                <div class=\"col-sm-6\">\n                    <a href=\"https:\/\/www.merkel-die-jagd.de\/en\/products\/guns\/helix-speedster\/\" class=\"gun-grid-item\">\n                        <span class=\"title\">HELIX Speedster<\/span>\n                        <img class=\"lazyload\" src=\"data:image\/svg+xml,%3Csvg%20xmlns%3D%27http%3A%2F%2Fwww.w3.org%2F2000%2Fsvg%27%20width%3D%271920%27%20height%3D%27655%27%20viewBox%3D%270%200%201920%20655%27%3E%3Crect%20width%3D%271920%27%20height%3D%27655%27%20fill-opacity%3D%220%22%2F%3E%3C%2Fsvg%3E\" data-orig-src=\"https:\/\/www.merkel-die-jagd.de\/wp-content\/uploads\/2019\/01\/Merkel_Repetierbuechse_Helix_Speedster_19_re_01-1.jpg\" \/>\n                    <\/a>\n                <\/div>\n                                <div class=\"col-sm-6\">\n                    <a href=\"https:\/\/www.merkel-die-jagd.de\/en\/products\/guns\/helix-tracker\/\" class=\"gun-grid-item\">\n                        <span class=\"title\">HELIX Tracker<\/span>\n                        <img class=\"lazyload\" src=\"data:image\/svg+xml,%3Csvg%20xmlns%3D%27http%3A%2F%2Fwww.w3.org%2F2000%2Fsvg%27%20width%3D%271920%27%20height%3D%27655%27%20viewBox%3D%270%200%201920%20655%27%3E%3Crect%20width%3D%271920%27%20height%3D%27655%27%20fill-opacity%3D%220%22%2F%3E%3C%2Fsvg%3E\" data-orig-src=\"https:\/\/www.merkel-die-jagd.de\/wp-content\/uploads\/2019\/01\/Merkel_Repetierbuechse_Helix_Tracker_19_li_02-1.jpg\" \/>\n                    <\/a>\n                <\/div>\n                <\/div><div class=\"row\">    <\/div>\n<\/div>\n<div class=\"fusion-clearfix\"><\/div><\/div><\/div><\/div><\/div><\/p>\n","protected":false},"excerpt":{"rendered":"","protected":false},"author":1,"featured_media":0,"parent":5599,"menu_order":20,"comment_status":"closed","ping_status":"closed","template":"","meta":[],"categories":[],"acf":[],"yoast_head":"<!-- This site is optimized with the Yoast SEO plugin v19.11 - https:\/\/yoast.com\/wordpress\/plugins\/seo\/ -->\n<title>Bolt-action rifles | Merkel<\/title>\n<meta name=\"description\" content=\"Die Repetierb\u00fcchse ist heute das Standardgewehr des J\u00e4gers \u2013 und damit gibt es allen Grund, hier nicht auf Standard zu setzen. Als Basis-Kugelwaffe muss der Repetierer im breiten jagdlichen Spektrum von der Kanzel \u00fcber die Dr\u00fcckjagd bis hin zu Bergjagd und Safari ein breites Spektrum an Anforderungen erf\u00fcllen.\" \/>\n<meta name=\"robots\" content=\"index, follow, max-snippet:-1, max-image-preview:large, max-video-preview:-1\" \/>\n<link rel=\"canonical\" href=\"https:\/\/www.merkel-die-jagd.de\/en\/guns\/bolt-action-rifles\/\" \/>\n<meta property=\"og:locale\" content=\"en_US\" \/>\n<meta property=\"og:type\" content=\"article\" \/>\n<meta property=\"og:title\" content=\"Bolt-action rifles | Merkel\" \/>\n<meta property=\"og:description\" content=\"Die Repetierb\u00fcchse ist heute das Standardgewehr des J\u00e4gers \u2013 und damit gibt es allen Grund, hier nicht auf Standard zu setzen. Als Basis-Kugelwaffe muss der Repetierer im breiten jagdlichen Spektrum von der Kanzel \u00fcber die Dr\u00fcckjagd bis hin zu Bergjagd und Safari ein breites Spektrum an Anforderungen erf\u00fcllen.\" \/>\n<meta property=\"og:url\" content=\"https:\/\/www.merkel-die-jagd.de\/en\/guns\/bolt-action-rifles\/\" \/>\n<meta property=\"og:site_name\" content=\"Merkel\" \/>\n<meta property=\"article:modified_time\" content=\"2018-02-01T15:25:17+00:00\" \/>\n<meta name=\"twitter:label1\" content=\"Est. reading time\" \/>\n\t<meta name=\"twitter:data1\" content=\"3 minutes\" \/>\n<script type=\"application\/ld+json\" class=\"yoast-schema-graph\">{\"@context\":\"https:\/\/schema.org\",\"@graph\":[{\"@type\":\"WebPage\",\"@id\":\"https:\/\/www.merkel-die-jagd.de\/en\/guns\/bolt-action-rifles\/\",\"url\":\"https:\/\/www.merkel-die-jagd.de\/en\/guns\/bolt-action-rifles\/\",\"name\":\"Bolt-action rifles | Merkel\",\"isPartOf\":{\"@id\":\"https:\/\/www.merkel-die-jagd.de\/en\/#website\"},\"datePublished\":\"2018-02-01T15:24:22+00:00\",\"dateModified\":\"2018-02-01T15:25:17+00:00\",\"description\":\"Die Repetierb\u00fcchse ist heute das Standardgewehr des J\u00e4gers \u2013 und damit gibt es allen Grund, hier nicht auf Standard zu setzen. Als Basis-Kugelwaffe muss der Repetierer im breiten jagdlichen Spektrum von der Kanzel \u00fcber die Dr\u00fcckjagd bis hin zu Bergjagd und Safari ein breites Spektrum an Anforderungen erf\u00fcllen.\",\"breadcrumb\":{\"@id\":\"https:\/\/www.merkel-die-jagd.de\/en\/guns\/bolt-action-rifles\/#breadcrumb\"},\"inLanguage\":\"en-US\",\"potentialAction\":[{\"@type\":\"ReadAction\",\"target\":[\"https:\/\/www.merkel-die-jagd.de\/en\/guns\/bolt-action-rifles\/\"]}]},{\"@type\":\"BreadcrumbList\",\"@id\":\"https:\/\/www.merkel-die-jagd.de\/en\/guns\/bolt-action-rifles\/#breadcrumb\",\"itemListElement\":[{\"@type\":\"ListItem\",\"position\":1,\"name\":\"Home\",\"item\":\"https:\/\/www.merkel-die-jagd.de\/en\/startseite-2-2\/\"},{\"@type\":\"ListItem\",\"position\":2,\"name\":\"Guns\",\"item\":\"https:\/\/www.merkel-die-jagd.de\/en\/guns\/\"},{\"@type\":\"ListItem\",\"position\":3,\"name\":\"Bolt-action rifles\"}]},{\"@type\":\"WebSite\",\"@id\":\"https:\/\/www.merkel-die-jagd.de\/en\/#website\",\"url\":\"https:\/\/www.merkel-die-jagd.de\/en\/\",\"name\":\"Merkel\",\"description\":\"\",\"potentialAction\":[{\"@type\":\"SearchAction\",\"target\":{\"@type\":\"EntryPoint\",\"urlTemplate\":\"https:\/\/www.merkel-die-jagd.de\/en\/?s={search_term_string}\"},\"query-input\":\"required name=search_term_string\"}],\"inLanguage\":\"en-US\"}]}<\/script>\n<!-- \/ Yoast SEO plugin. -->","yoast_head_json":{"title":"Bolt-action rifles | Merkel","description":"Die Repetierb\u00fcchse ist heute das Standardgewehr des J\u00e4gers \u2013 und damit gibt es allen Grund, hier nicht auf Standard zu setzen. Als Basis-Kugelwaffe muss der Repetierer im breiten jagdlichen Spektrum von der Kanzel \u00fcber die Dr\u00fcckjagd bis hin zu Bergjagd und Safari ein breites Spektrum an Anforderungen erf\u00fcllen.","robots":{"index":"index","follow":"follow","max-snippet":"max-snippet:-1","max-image-preview":"max-image-preview:large","max-video-preview":"max-video-preview:-1"},"canonical":"https:\/\/www.merkel-die-jagd.de\/en\/guns\/bolt-action-rifles\/","og_locale":"en_US","og_type":"article","og_title":"Bolt-action rifles | Merkel","og_description":"Die Repetierb\u00fcchse ist heute das Standardgewehr des J\u00e4gers \u2013 und damit gibt es allen Grund, hier nicht auf Standard zu setzen. Als Basis-Kugelwaffe muss der Repetierer im breiten jagdlichen Spektrum von der Kanzel \u00fcber die Dr\u00fcckjagd bis hin zu Bergjagd und Safari ein breites Spektrum an Anforderungen erf\u00fcllen.","og_url":"https:\/\/www.merkel-die-jagd.de\/en\/guns\/bolt-action-rifles\/","og_site_name":"Merkel","article_modified_time":"2018-02-01T15:25:17+00:00","twitter_misc":{"Est. reading time":"3 minutes"},"schema":{"@context":"https:\/\/schema.org","@graph":[{"@type":"WebPage","@id":"https:\/\/www.merkel-die-jagd.de\/en\/guns\/bolt-action-rifles\/","url":"https:\/\/www.merkel-die-jagd.de\/en\/guns\/bolt-action-rifles\/","name":"Bolt-action rifles | Merkel","isPartOf":{"@id":"https:\/\/www.merkel-die-jagd.de\/en\/#website"},"datePublished":"2018-02-01T15:24:22+00:00","dateModified":"2018-02-01T15:25:17+00:00","description":"Die Repetierb\u00fcchse ist heute das Standardgewehr des J\u00e4gers \u2013 und damit gibt es allen Grund, hier nicht auf Standard zu setzen. Als Basis-Kugelwaffe muss der Repetierer im breiten jagdlichen Spektrum von der Kanzel \u00fcber die Dr\u00fcckjagd bis hin zu Bergjagd und Safari ein breites Spektrum an Anforderungen erf\u00fcllen.","breadcrumb":{"@id":"https:\/\/www.merkel-die-jagd.de\/en\/guns\/bolt-action-rifles\/#breadcrumb"},"inLanguage":"en-US","potentialAction":[{"@type":"ReadAction","target":["https:\/\/www.merkel-die-jagd.de\/en\/guns\/bolt-action-rifles\/"]}]},{"@type":"BreadcrumbList","@id":"https:\/\/www.merkel-die-jagd.de\/en\/guns\/bolt-action-rifles\/#breadcrumb","itemListElement":[{"@type":"ListItem","position":1,"name":"Home","item":"https:\/\/www.merkel-die-jagd.de\/en\/startseite-2-2\/"},{"@type":"ListItem","position":2,"name":"Guns","item":"https:\/\/www.merkel-die-jagd.de\/en\/guns\/"},{"@type":"ListItem","position":3,"name":"Bolt-action rifles"}]},{"@type":"WebSite","@id":"https:\/\/www.merkel-die-jagd.de\/en\/#website","url":"https:\/\/www.merkel-die-jagd.de\/en\/","name":"Merkel","description":"","potentialAction":[{"@type":"SearchAction","target":{"@type":"EntryPoint","urlTemplate":"https:\/\/www.merkel-die-jagd.de\/en\/?s={search_term_string}"},"query-input":"required name=search_term_string"}],"inLanguage":"en-US"}]}},"_links":{"self":[{"href":"https:\/\/www.merkel-die-jagd.de\/en\/wp-json\/wp\/v2\/pages\/5582"}],"collection":[{"href":"https:\/\/www.merkel-die-jagd.de\/en\/wp-json\/wp\/v2\/pages"}],"about":[{"href":"https:\/\/www.merkel-die-jagd.de\/en\/wp-json\/wp\/v2\/types\/page"}],"author":[{"embeddable":true,"href":"https:\/\/www.merkel-die-jagd.de\/en\/wp-json\/wp\/v2\/users\/1"}],"replies":[{"embeddable":true,"href":"https:\/\/www.merkel-die-jagd.de\/en\/wp-json\/wp\/v2\/comments?post=5582"}],"version-history":[{"count":0,"href":"https:\/\/www.merkel-die-jagd.de\/en\/wp-json\/wp\/v2\/pages\/5582\/revisions"}],"up":[{"embeddable":true,"href":"https:\/\/www.merkel-die-jagd.de\/en\/wp-json\/wp\/v2\/pages\/5599"}],"wp:attachment":[{"href":"https:\/\/www.merkel-die-jagd.de\/en\/wp-json\/wp\/v2\/media?parent=5582"}],"wp:term":[{"taxonomy":"category","embeddable":true,"href":"https:\/\/www.merkel-die-jagd.de\/en\/wp-json\/wp\/v2\/categories?post=5582"}],"curies":[{"name":"wp","href":"https:\/\/api.w.org\/{rel}","templated":true}]}}