{"id":5840,"date":"2018-02-02T14:31:49","date_gmt":"2018-02-02T13:31:49","guid":{"rendered":"http:\/\/www.merkel-die-jagd.de\/company\/"},"modified":"2018-02-15T10:46:16","modified_gmt":"2018-02-15T09:46:16","slug":"company","status":"publish","type":"page","link":"https:\/\/www.merkel-die-jagd.de\/en\/company\/","title":{"rendered":"Company"},"content":{"rendered":"<p><div class=\"fusion-fullwidth fullwidth-box fusion-builder-row-1 nonhundred-percent-fullwidth non-hundred-percent-height-scrolling\" style=\"background-color: rgba(255,255,255,0);background-position: center center;background-repeat: no-repeat;padding-top:0px;padding-right:0px;padding-bottom:0px;padding-left:0px;margin-bottom: 70px;margin-top: 0px;border-width: 0px 0px 0px 0px;border-color:#eae9e9;border-style:solid;\" ><div class=\"fusion-builder-row fusion-row\"><div class=\"fusion-layout-column fusion_builder_column fusion-builder-column-0 fusion_builder_column_1_1 1_1 fusion-one-full fusion-column-first fusion-column-last\" style=\"margin-top:0px;margin-bottom:20px;\"><div class=\"fusion-column-wrapper fusion-flex-column-wrapper-legacy\" style=\"background-position:left top;background-repeat:no-repeat;-webkit-background-size:cover;-moz-background-size:cover;-o-background-size:cover;background-size:cover;padding: 0px 0px 0px 0px;\">\n<div class=\"fusion-slider-revolution rev_slider_wrapper\">\t\t\t<!-- START Unternehmen REVOLUTION SLIDER 6.5.25 --><p class=\"rs-p-wp-fix\"><\/p>\n\t\t\t<rs-module-wrap id=\"rev_slider_101_1_wrapper\" data-source=\"gallery\" style=\"visibility:hidden;background:transparent;padding:0;margin:0px auto;margin-top:0;margin-bottom:0;\">\n\t\t\t\t<rs-module id=\"rev_slider_101_1\" style=\"\" data-version=\"6.5.25\">\n\t\t\t\t\t<rs-slides>\n\t\t\t\t\t\t<rs-slide style=\"position: absolute;\" data-key=\"rs-529\" data-title=\"Slide\" data-anim=\"ms:600;\" data-in=\"o:0;\" data-out=\"a:false;\">\n\t\t\t\t\t\t\t<img src=\"\/\/www.merkel-die-jagd.de\/wp-content\/plugins\/revslider\/public\/assets\/assets\/dummy.png\" alt=\"Merkel Unternehmen Slider Firmengeb\u00e4ude\" title=\"Merkel Unternehmen Slider Firmengeb\u00e4ude\" width=\"1920\" height=\"655\" class=\"rev-slidebg tp-rs-img rs-lazyload\" data-lazyload=\"\/\/www.merkel-die-jagd.de\/wp-content\/uploads\/2017\/12\/Merkel_Unternehmen_Slider_Firmengebaeude_01_1920x655.jpg\" data-no-retina>\n<!---->\t\t\t\t\t\t<\/rs-slide>\n\t\t\t\t\t<\/rs-slides>\n\t\t\t\t<\/rs-module>\n\t\t\t\t<script>\n\t\t\t\t\tsetREVStartSize({c: 'rev_slider_101_1',rl:[1240,1024,778,480],el:[],gw:[1600],gh:[669],type:'standard',justify:'',layout:'fullwidth',mh:\"0\"});if (window.RS_MODULES!==undefined && window.RS_MODULES.modules!==undefined && window.RS_MODULES.modules[\"revslider1011\"]!==undefined) {window.RS_MODULES.modules[\"revslider1011\"].once = false;window.revapi101 = undefined;if (window.RS_MODULES.checkMinimal!==undefined) window.RS_MODULES.checkMinimal()}\n\t\t\t\t<\/script>\n\t\t\t<\/rs-module-wrap>\n\t\t\t<!-- END REVOLUTION SLIDER -->\n<\/div><div class=\"fusion-clearfix\"><\/div><\/div><\/div><\/div><\/div><div class=\"fusion-fullwidth fullwidth-box fusion-builder-row-2 merkel-content-headline-image-2-1 nonhundred-percent-fullwidth non-hundred-percent-height-scrolling\" style=\"background-color: rgba(255,255,255,0);background-position: center center;background-repeat: no-repeat;padding-top:0px;padding-right:0px;padding-bottom:0px;padding-left:0px;margin-bottom: 30px;margin-top: 0px;border-width: 0px 0px 0px 0px;border-color:#eae9e9;border-style:solid;\" ><div class=\"fusion-builder-row fusion-row\"><div class=\"fusion-layout-column fusion_builder_column fusion-builder-column-1 fusion_builder_column_2_3 2_3 fusion-two-third fusion-column-first\" style=\"width:66.666666666667%;width:calc(66.666666666667% - ( ( 4% ) * 0.66666666666667 ) );margin-right: 4%;margin-top:0px;margin-bottom:20px;\"><div class=\"fusion-column-wrapper fusion-flex-column-wrapper-legacy\" style=\"background-position:left top;background-repeat:no-repeat;-webkit-background-size:cover;-moz-background-size:cover;-o-background-size:cover;background-size:cover;padding: 0px 0px 0px 0px;\"><style type=\"text\/css\"><\/style><div class=\"fusion-title title fusion-title-1 fusion-sep-none fusion-title-text fusion-title-size-one merkel-headline\" style=\"margin-top:0px;margin-right:0px;margin-bottom:31px;margin-left:0px;\"><h1 class=\"title-heading-left fusion-responsive-typography-calculated\" style=\"margin:0;--fontSize:40;line-height:1.2;\">Merkel. Made in Suhl, Germany<\/h1><\/div><div class=\"fusion-text fusion-text-1\"><p>There are regions and cities that cultivate a legacy: mechanical watches in Glash\u00fctte, lace in Brussels, red wine in Bordeaux. Suhl\u2019s legacy is guns &#8211; since 1490 according to the latest findings. And the knowledge of making fine guns is deeply rooted in the collective memory of the people of this region. The old city of Suhl is the gateway to the Thuringian Forest. Iron ore and the wood used to fire the ironworks are easily accessible here.<\/p>\n<p>Merkel is the last large brand of the old weapons city Suhl. The Merkel Manufacture, since 1898, pays tribute to the artistry of their engravers, the sensibility of their stock makers, the skill of their gunsmiths and the ingenuity of their engineers with every produced gun. In a history, rich with challenges and successes, the brand and the company have proven one thing: Deeply rooted in the traditions of the region is the gene for finest hunting rifles made in Suhl, Germany<\/p>\n<p>Today in Suhl, located on the Friedberg, is one of the most modern production facilities for hunting rifles in Europe. In a unique in depth production, which ranges from the steel for the barrel forging machine and the wooden blank of selected quality and origin to the zeroed in hunting rifle, traditionally manufactured masterpieces as well as consequently pragmatic modern rifles for the hunt are produced. Because Merkel had in over 120 years always one thing intertwined with its DNA: the love for the principles of the gunsmith and the art of creating new ideas out of old knowledge, which is intended to explore the boundaries of the hunting world and to always push on step further.<\/p>\n<\/div><div class=\"fusion-clearfix\"><\/div><\/div><\/div><\/div><\/div><\/p>\n","protected":false},"excerpt":{"rendered":"","protected":false},"author":1,"featured_media":0,"parent":0,"menu_order":300,"comment_status":"closed","ping_status":"closed","template":"","meta":[],"categories":[],"acf":[],"yoast_head":"<!-- This site is optimized with the Yoast SEO plugin v19.11 - https:\/\/yoast.com\/wordpress\/plugins\/seo\/ -->\n<title>Company | Merkel<\/title>\n<meta name=\"description\" content=\"Merkel ist die letzte gro\u00dfe Marke der alten Waffenstadt Suhl. Die Merkel Manufaktur legt hier seit 1898 mit jedem hergestellten Jagdgewehr Zeugnis ab f\u00fcr die Kunstfertigkeit ihrer Graveure, f\u00fcr die Sensibilit\u00e4t ihrer Sch\u00e4fter, f\u00fcr das Geschick ihrer B\u00fcchsenmacher und das Genie ihrer Ingenieure.\" \/>\n<meta name=\"robots\" content=\"index, follow, max-snippet:-1, max-image-preview:large, max-video-preview:-1\" \/>\n<link rel=\"canonical\" href=\"https:\/\/www.merkel-die-jagd.de\/en\/company\/\" \/>\n<meta property=\"og:locale\" content=\"en_US\" \/>\n<meta property=\"og:type\" content=\"article\" \/>\n<meta property=\"og:title\" content=\"Company | Merkel\" \/>\n<meta property=\"og:description\" content=\"Merkel ist die letzte gro\u00dfe Marke der alten Waffenstadt Suhl. Die Merkel Manufaktur legt hier seit 1898 mit jedem hergestellten Jagdgewehr Zeugnis ab f\u00fcr die Kunstfertigkeit ihrer Graveure, f\u00fcr die Sensibilit\u00e4t ihrer Sch\u00e4fter, f\u00fcr das Geschick ihrer B\u00fcchsenmacher und das Genie ihrer Ingenieure.\" \/>\n<meta property=\"og:url\" content=\"https:\/\/www.merkel-die-jagd.de\/en\/company\/\" \/>\n<meta property=\"og:site_name\" content=\"Merkel\" \/>\n<meta property=\"article:modified_time\" content=\"2018-02-15T09:46:16+00:00\" \/>\n<meta name=\"twitter:label1\" content=\"Est. reading time\" \/>\n\t<meta name=\"twitter:data1\" content=\"3 minutes\" \/>\n<script type=\"application\/ld+json\" class=\"yoast-schema-graph\">{\"@context\":\"https:\/\/schema.org\",\"@graph\":[{\"@type\":\"WebPage\",\"@id\":\"https:\/\/www.merkel-die-jagd.de\/en\/company\/\",\"url\":\"https:\/\/www.merkel-die-jagd.de\/en\/company\/\",\"name\":\"Company | Merkel\",\"isPartOf\":{\"@id\":\"https:\/\/www.merkel-die-jagd.de\/en\/#website\"},\"datePublished\":\"2018-02-02T13:31:49+00:00\",\"dateModified\":\"2018-02-15T09:46:16+00:00\",\"description\":\"Merkel ist die letzte gro\u00dfe Marke der alten Waffenstadt Suhl. Die Merkel Manufaktur legt hier seit 1898 mit jedem hergestellten Jagdgewehr Zeugnis ab f\u00fcr die Kunstfertigkeit ihrer Graveure, f\u00fcr die Sensibilit\u00e4t ihrer Sch\u00e4fter, f\u00fcr das Geschick ihrer B\u00fcchsenmacher und das Genie ihrer Ingenieure.\",\"breadcrumb\":{\"@id\":\"https:\/\/www.merkel-die-jagd.de\/en\/company\/#breadcrumb\"},\"inLanguage\":\"en-US\",\"potentialAction\":[{\"@type\":\"ReadAction\",\"target\":[\"https:\/\/www.merkel-die-jagd.de\/en\/company\/\"]}]},{\"@type\":\"BreadcrumbList\",\"@id\":\"https:\/\/www.merkel-die-jagd.de\/en\/company\/#breadcrumb\",\"itemListElement\":[{\"@type\":\"ListItem\",\"position\":1,\"name\":\"Home\",\"item\":\"https:\/\/www.merkel-die-jagd.de\/en\/startseite-2-2\/\"},{\"@type\":\"ListItem\",\"position\":2,\"name\":\"Company\"}]},{\"@type\":\"WebSite\",\"@id\":\"https:\/\/www.merkel-die-jagd.de\/en\/#website\",\"url\":\"https:\/\/www.merkel-die-jagd.de\/en\/\",\"name\":\"Merkel\",\"description\":\"\",\"potentialAction\":[{\"@type\":\"SearchAction\",\"target\":{\"@type\":\"EntryPoint\",\"urlTemplate\":\"https:\/\/www.merkel-die-jagd.de\/en\/?s={search_term_string}\"},\"query-input\":\"required name=search_term_string\"}],\"inLanguage\":\"en-US\"}]}<\/script>\n<!-- \/ Yoast SEO plugin. -->","yoast_head_json":{"title":"Company | Merkel","description":"Merkel ist die letzte gro\u00dfe Marke der alten Waffenstadt Suhl. Die Merkel Manufaktur legt hier seit 1898 mit jedem hergestellten Jagdgewehr Zeugnis ab f\u00fcr die Kunstfertigkeit ihrer Graveure, f\u00fcr die Sensibilit\u00e4t ihrer Sch\u00e4fter, f\u00fcr das Geschick ihrer B\u00fcchsenmacher und das Genie ihrer Ingenieure.","robots":{"index":"index","follow":"follow","max-snippet":"max-snippet:-1","max-image-preview":"max-image-preview:large","max-video-preview":"max-video-preview:-1"},"canonical":"https:\/\/www.merkel-die-jagd.de\/en\/company\/","og_locale":"en_US","og_type":"article","og_title":"Company | Merkel","og_description":"Merkel ist die letzte gro\u00dfe Marke der alten Waffenstadt Suhl. Die Merkel Manufaktur legt hier seit 1898 mit jedem hergestellten Jagdgewehr Zeugnis ab f\u00fcr die Kunstfertigkeit ihrer Graveure, f\u00fcr die Sensibilit\u00e4t ihrer Sch\u00e4fter, f\u00fcr das Geschick ihrer B\u00fcchsenmacher und das Genie ihrer Ingenieure.","og_url":"https:\/\/www.merkel-die-jagd.de\/en\/company\/","og_site_name":"Merkel","article_modified_time":"2018-02-15T09:46:16+00:00","twitter_misc":{"Est. reading time":"3 minutes"},"schema":{"@context":"https:\/\/schema.org","@graph":[{"@type":"WebPage","@id":"https:\/\/www.merkel-die-jagd.de\/en\/company\/","url":"https:\/\/www.merkel-die-jagd.de\/en\/company\/","name":"Company | Merkel","isPartOf":{"@id":"https:\/\/www.merkel-die-jagd.de\/en\/#website"},"datePublished":"2018-02-02T13:31:49+00:00","dateModified":"2018-02-15T09:46:16+00:00","description":"Merkel ist die letzte gro\u00dfe Marke der alten Waffenstadt Suhl. Die Merkel Manufaktur legt hier seit 1898 mit jedem hergestellten Jagdgewehr Zeugnis ab f\u00fcr die Kunstfertigkeit ihrer Graveure, f\u00fcr die Sensibilit\u00e4t ihrer Sch\u00e4fter, f\u00fcr das Geschick ihrer B\u00fcchsenmacher und das Genie ihrer Ingenieure.","breadcrumb":{"@id":"https:\/\/www.merkel-die-jagd.de\/en\/company\/#breadcrumb"},"inLanguage":"en-US","potentialAction":[{"@type":"ReadAction","target":["https:\/\/www.merkel-die-jagd.de\/en\/company\/"]}]},{"@type":"BreadcrumbList","@id":"https:\/\/www.merkel-die-jagd.de\/en\/company\/#breadcrumb","itemListElement":[{"@type":"ListItem","position":1,"name":"Home","item":"https:\/\/www.merkel-die-jagd.de\/en\/startseite-2-2\/"},{"@type":"ListItem","position":2,"name":"Company"}]},{"@type":"WebSite","@id":"https:\/\/www.merkel-die-jagd.de\/en\/#website","url":"https:\/\/www.merkel-die-jagd.de\/en\/","name":"Merkel","description":"","potentialAction":[{"@type":"SearchAction","target":{"@type":"EntryPoint","urlTemplate":"https:\/\/www.merkel-die-jagd.de\/en\/?s={search_term_string}"},"query-input":"required name=search_term_string"}],"inLanguage":"en-US"}]}},"_links":{"self":[{"href":"https:\/\/www.merkel-die-jagd.de\/en\/wp-json\/wp\/v2\/pages\/5840"}],"collection":[{"href":"https:\/\/www.merkel-die-jagd.de\/en\/wp-json\/wp\/v2\/pages"}],"about":[{"href":"https:\/\/www.merkel-die-jagd.de\/en\/wp-json\/wp\/v2\/types\/page"}],"author":[{"embeddable":true,"href":"https:\/\/www.merkel-die-jagd.de\/en\/wp-json\/wp\/v2\/users\/1"}],"replies":[{"embeddable":true,"href":"https:\/\/www.merkel-die-jagd.de\/en\/wp-json\/wp\/v2\/comments?post=5840"}],"version-history":[{"count":0,"href":"https:\/\/www.merkel-die-jagd.de\/en\/wp-json\/wp\/v2\/pages\/5840\/revisions"}],"wp:attachment":[{"href":"https:\/\/www.merkel-die-jagd.de\/en\/wp-json\/wp\/v2\/media?parent=5840"}],"wp:term":[{"taxonomy":"category","embeddable":true,"href":"https:\/\/www.merkel-die-jagd.de\/en\/wp-json\/wp\/v2\/categories?post=5840"}],"curies":[{"name":"wp","href":"https:\/\/api.w.org\/{rel}","templated":true}]}}