{"id":6059,"date":"2018-02-05T16:30:06","date_gmt":"2018-02-05T15:30:06","guid":{"rendered":"http:\/\/www.merkel-die-jagd.de\/produkte\/barrels\/rifle-barrel-profiles-k-class\/"},"modified":"2023-04-27T13:55:25","modified_gmt":"2023-04-27T11:55:25","slug":"rifle-barrel-profiles-k-class","status":"publish","type":"page","link":"https:\/\/www.merkel-die-jagd.de\/en\/products\/barrels\/rifle-barrel-profiles-k-class\/","title":{"rendered":"Rifle barrel profiles K-class"},"content":{"rendered":"<p><div class=\"fusion-fullwidth fullwidth-box fusion-builder-row-1 nonhundred-percent-fullwidth non-hundred-percent-height-scrolling\" style=\"background-color: rgba(255,255,255,0);background-position: center center;background-repeat: no-repeat;padding-top:0px;padding-right:0px;padding-bottom:0px;padding-left:0px;margin-bottom: 70px;margin-top: 0px;border-width: 0px 0px 0px 0px;border-color:#eae9e9;border-style:solid;\" ><div class=\"fusion-builder-row fusion-row\"><div class=\"fusion-layout-column fusion_builder_column fusion-builder-column-0 fusion_builder_column_1_1 1_1 fusion-one-full fusion-column-first fusion-column-last\" style=\"margin-top:0px;margin-bottom:20px;\"><div class=\"fusion-column-wrapper fusion-flex-column-wrapper-legacy\" style=\"background-position:left top;background-repeat:no-repeat;-webkit-background-size:cover;-moz-background-size:cover;-o-background-size:cover;background-size:cover;padding: 0px 0px 0px 0px;\">\n<div class=\"fusion-slider-revolution rev_slider_wrapper\">\t\t\t<!-- START L\u00e4ufe Kugellaufprofile KKlasse REVOLUTION SLIDER 6.5.25 --><p class=\"rs-p-wp-fix\"><\/p>\n\t\t\t<rs-module-wrap id=\"rev_slider_114_1_wrapper\" data-source=\"gallery\" style=\"visibility:hidden;background:transparent;padding:0;margin:0px auto;margin-top:0;margin-bottom:0;\">\n\t\t\t\t<rs-module id=\"rev_slider_114_1\" style=\"\" data-version=\"6.5.25\">\n\t\t\t\t\t<rs-slides>\n\t\t\t\t\t\t<rs-slide style=\"position: absolute;\" data-key=\"rs-905\" data-title=\"Slide\" data-anim=\"ms:600;\" data-in=\"o:0;\" data-out=\"a:false;\">\n\t\t\t\t\t\t\t<img src=\"\/\/www.merkel-die-jagd.de\/wp-content\/plugins\/revslider\/public\/assets\/assets\/dummy.png\" alt=\"\" title=\"Merkel_Slider_Kugellaufprofil_K5\" width=\"1920\" height=\"655\" class=\"rev-slidebg tp-rs-img rs-lazyload\" data-lazyload=\"\/\/www.merkel-die-jagd.de\/wp-content\/uploads\/2020\/01\/Merkel_Slider_Kugellaufprofil_K5.jpg\" data-no-retina>\n<!---->\t\t\t\t\t\t<\/rs-slide>\n\t\t\t\t\t<\/rs-slides>\n\t\t\t\t<\/rs-module>\n\t\t\t\t<script>\n\t\t\t\t\tsetREVStartSize({c: 'rev_slider_114_1',rl:[1240,1024,778,480],el:[],gw:[1600],gh:[669],type:'standard',justify:'',layout:'fullwidth',mh:\"0\"});if (window.RS_MODULES!==undefined && window.RS_MODULES.modules!==undefined && window.RS_MODULES.modules[\"revslider1141\"]!==undefined) {window.RS_MODULES.modules[\"revslider1141\"].once = false;window.revapi114 = undefined;if (window.RS_MODULES.checkMinimal!==undefined) window.RS_MODULES.checkMinimal()}\n\t\t\t\t<\/script>\n\t\t\t<\/rs-module-wrap>\n\t\t\t<!-- END REVOLUTION SLIDER -->\n<\/div><div class=\"fusion-clearfix\"><\/div><\/div><\/div><\/div><\/div><div class=\"fusion-fullwidth fullwidth-box fusion-builder-row-2 nonhundred-percent-fullwidth non-hundred-percent-height-scrolling\" style=\"background-color: rgba(255,255,255,0);background-position: center center;background-repeat: no-repeat;padding-top:0px;padding-right:0px;padding-bottom:0px;padding-left:0px;margin-bottom: 70px;margin-top: 0px;border-width: 0px 0px 0px 0px;border-color:#eae9e9;border-style:solid;\" ><div class=\"fusion-builder-row fusion-row\"><div class=\"fusion-layout-column fusion_builder_column fusion-builder-column-1 fusion_builder_column_2_3 2_3 fusion-two-third fusion-column-first\" style=\"width:66.666666666667%;width:calc(66.666666666667% - ( ( 4% ) * 0.66666666666667 ) );margin-right: 4%;margin-top:0px;margin-bottom:20px;\"><div class=\"fusion-column-wrapper fusion-flex-column-wrapper-legacy\" style=\"background-position:left top;background-repeat:no-repeat;-webkit-background-size:cover;-moz-background-size:cover;-o-background-size:cover;background-size:cover;padding: 0px 0px 0px 0px;\"><style type=\"text\/css\"><\/style><div class=\"fusion-title title fusion-title-1 fusion-sep-none fusion-title-text fusion-title-size-one\" style=\"margin-top:0px;margin-right:0px;margin-bottom:31px;margin-left:0px;\"><h1 class=\"title-heading-left fusion-responsive-typography-calculated\" style=\"margin:0;--fontSize:40;line-height:1.2;\">Rifle barrel profiles K-class<\/h1><\/div><div class=\"fusion-text fusion-text-1\"><p>Every rifle barrel has the grooves and fields on the inside, required by the calibre. Calibre and twist are perfectly adjusted to each other \u2013 this results in the high precision. But also the outside barrel profile is more than a design element. Next to the standard, round barrel, Merkel manufactures different rifle barrels. Utilising the different profiles, vibration behaviour, warmth distribution and weight can be influenced. All barrels have a similarity: they are exclusively cold forged in the company with the experience of the manufacture \u2013 made in Suhl, Germany.<\/p>\n<\/div><div class=\"fusion-clearfix\"><\/div><\/div><\/div><div class=\"fusion-layout-column fusion_builder_column fusion-builder-column-2 fusion_builder_column_1_3 1_3 fusion-one-third fusion-column-last\" style=\"width:33.333333333333%;width:calc(33.333333333333% - ( ( 4% ) * 0.33333333333333 ) );margin-top:0px;margin-bottom:20px;\"><div class=\"fusion-column-wrapper fusion-flex-column-wrapper-legacy\" style=\"background-position:left top;background-repeat:no-repeat;-webkit-background-size:cover;-moz-background-size:cover;-o-background-size:cover;background-size:cover;padding: 0px 0px 0px 0px;\"><div class=\"fusion-clearfix\"><\/div><\/div><\/div><\/div><\/div><div class=\"fusion-fullwidth fullwidth-box fusion-builder-row-3 downloads-container nonhundred-percent-fullwidth non-hundred-percent-height-scrolling\" style=\"background-color: #ececec;background-position: center center;background-repeat: no-repeat;padding-top:0px;padding-right:40px;padding-bottom:0px;padding-left:40px;margin-bottom: 80px;margin-top: 0px;border-width: 0px 0px 0px 0px;border-color:#eae9e9;border-style:solid;\" ><div class=\"fusion-builder-row fusion-row\"><div class=\"fusion-layout-column fusion_builder_column fusion-builder-column-3 fusion_builder_column_1_1 1_1 fusion-one-full fusion-column-first fusion-column-last\" style=\"margin-top:0px;margin-bottom:20px;\"><div class=\"fusion-column-wrapper fusion-flex-column-wrapper-legacy\" style=\"background-position:left top;background-repeat:no-repeat;-webkit-background-size:cover;-moz-background-size:cover;-o-background-size:cover;background-size:cover;padding: 0px 0px 0px 0px;\"><style type=\"text\/css\"><\/style><div class=\"fusion-title title fusion-title-2 fusion-sep-none fusion-title-text fusion-title-size-three section-headline\" style=\"margin-top:0px;margin-right:0px;margin-bottom:31px;margin-left:0px;\"><h3 class=\"title-heading-left fusion-responsive-typography-calculated\" style=\"margin:0;--fontSize:18;line-height:1.44;\">Standard barrel<\/h3><\/div><div class=\"fusion-text fusion-text-2\"><p>The standard barrel is a pragmatic and universalist, it combines good vibration behaviour and little weight with optimal tuning to the twist rate suitable to the corresponding calibre.<\/p>\n<\/div><div class=\"fusion-clearfix\"><\/div><\/div><\/div><div class=\"fusion-layout-column fusion_builder_column fusion-builder-column-4 fusion_builder_column_1_1 1_1 fusion-one-full fusion-column-first fusion-column-last\" style=\"margin-top:0px;margin-bottom:20px;\"><div class=\"fusion-column-wrapper fusion-flex-column-wrapper-legacy\" style=\"background-position:left top;background-repeat:no-repeat;-webkit-background-size:cover;-moz-background-size:cover;-o-background-size:cover;background-size:cover;padding: 0px 0px 0px 0px;\"><div class=\"imageframe-align-center\"><span class=\" fusion-imageframe imageframe-none imageframe-1 hover-type-none\"><a href=\"https:\/\/www.merkel-die-jagd.de\/wp-content\/uploads\/2020\/01\/Kugellaufprofile_K5_S_1060x368.jpg\" class=\"fusion-lightbox\" data-rel=\"iLightbox[1cef038bcce1411e9a2]\" data-title=\"Kugellaufprofile_K5_S_1060x368\" title=\"Kugellaufprofile_K5_S_1060x368\"><img width=\"1060\" height=\"368\" src=\"https:\/\/www.merkel-die-jagd.de\/wp-content\/uploads\/2020\/01\/Kugellaufprofile_K5_S_1060x368.jpg\" data-orig-src=\"https:\/\/www.merkel-die-jagd.de\/wp-content\/uploads\/2020\/01\/Kugellaufprofile_K5_S_1060x368.jpg\" alt class=\"lazyload img-responsive wp-image-11947\" srcset=\"data:image\/svg+xml,%3Csvg%20xmlns%3D%27http%3A%2F%2Fwww.w3.org%2F2000%2Fsvg%27%20width%3D%271060%27%20height%3D%27368%27%20viewBox%3D%270%200%201060%20368%27%3E%3Crect%20width%3D%271060%27%20height%3D%27368%27%20fill-opacity%3D%220%22%2F%3E%3C%2Fsvg%3E\" data-srcset=\"https:\/\/www.merkel-die-jagd.de\/wp-content\/uploads\/2020\/01\/Kugellaufprofile_K5_S_1060x368-200x69.jpg 200w, https:\/\/www.merkel-die-jagd.de\/wp-content\/uploads\/2020\/01\/Kugellaufprofile_K5_S_1060x368-400x139.jpg 400w, https:\/\/www.merkel-die-jagd.de\/wp-content\/uploads\/2020\/01\/Kugellaufprofile_K5_S_1060x368-600x208.jpg 600w, https:\/\/www.merkel-die-jagd.de\/wp-content\/uploads\/2020\/01\/Kugellaufprofile_K5_S_1060x368-800x278.jpg 800w, https:\/\/www.merkel-die-jagd.de\/wp-content\/uploads\/2020\/01\/Kugellaufprofile_K5_S_1060x368.jpg 1060w\" data-sizes=\"auto\" data-orig-sizes=\"(max-width: 800px) 100vw, 1060px\" \/><\/a><\/span><\/div><div class=\"fusion-sep-clear\"><\/div><div class=\"fusion-separator fusion-full-width-sep\" style=\"margin-left: auto;margin-right: auto;margin-bottom:15px;width:100%;\"><\/div><div class=\"fusion-sep-clear\"><\/div><div class=\"fusion-clearfix\"><\/div><\/div><\/div><\/div><\/div><div class=\"fusion-fullwidth fullwidth-box fusion-builder-row-4 downloads-container nonhundred-percent-fullwidth non-hundred-percent-height-scrolling\" style=\"background-color: #ececec;background-position: center center;background-repeat: no-repeat;padding-top:0px;padding-right:40px;padding-bottom:0px;padding-left:40px;margin-bottom: 80px;margin-top: 0px;border-width: 0px 0px 0px 0px;border-color:#eae9e9;border-style:solid;\" ><div class=\"fusion-builder-row fusion-row\"><div class=\"fusion-layout-column fusion_builder_column fusion-builder-column-5 fusion_builder_column_1_1 1_1 fusion-one-full fusion-column-first fusion-column-last\" style=\"margin-top:0px;margin-bottom:20px;\"><div class=\"fusion-column-wrapper fusion-flex-column-wrapper-legacy\" style=\"background-position:left top;background-repeat:no-repeat;-webkit-background-size:cover;-moz-background-size:cover;-o-background-size:cover;background-size:cover;padding: 0px 0px 0px 0px;\"><style type=\"text\/css\"><\/style><div class=\"fusion-title title fusion-title-3 fusion-sep-none fusion-title-text fusion-title-size-three section-headline\" style=\"margin-top:0px;margin-right:0px;margin-bottom:31px;margin-left:0px;\"><h3 class=\"title-heading-left fusion-responsive-typography-calculated\" style=\"margin:0;--fontSize:18;line-height:1.44;\">Fluted barrel<\/h3><\/div><div class=\"fusion-text fusion-text-3\"><p>An optical highlight with function: fluted barrels look good, save weight and cool down quicker.<\/p>\n<\/div><div class=\"fusion-clearfix\"><\/div><\/div><\/div><div class=\"fusion-layout-column fusion_builder_column fusion-builder-column-6 fusion_builder_column_1_1 1_1 fusion-one-full fusion-column-first fusion-column-last\" style=\"margin-top:0px;margin-bottom:20px;\"><div class=\"fusion-column-wrapper fusion-flex-column-wrapper-legacy\" style=\"background-position:left top;background-repeat:no-repeat;-webkit-background-size:cover;-moz-background-size:cover;-o-background-size:cover;background-size:cover;padding: 0px 0px 0px 0px;\"><div class=\"imageframe-align-center\"><span class=\" fusion-imageframe imageframe-none imageframe-2 hover-type-none\"><a href=\"https:\/\/www.merkel-die-jagd.de\/wp-content\/uploads\/2020\/01\/Kugellaufprofile_K5_K_1060x368.jpg\" class=\"fusion-lightbox\" data-rel=\"iLightbox[2509cb3c7c7cf31f976]\" data-title=\"Kugellaufprofile_K5_K_1060x368\" title=\"Kugellaufprofile_K5_K_1060x368\"><img width=\"1060\" height=\"368\" src=\"https:\/\/www.merkel-die-jagd.de\/wp-content\/uploads\/2020\/01\/Kugellaufprofile_K5_K_1060x368.jpg\" data-orig-src=\"https:\/\/www.merkel-die-jagd.de\/wp-content\/uploads\/2020\/01\/Kugellaufprofile_K5_K_1060x368.jpg\" alt class=\"lazyload img-responsive wp-image-11941\" srcset=\"data:image\/svg+xml,%3Csvg%20xmlns%3D%27http%3A%2F%2Fwww.w3.org%2F2000%2Fsvg%27%20width%3D%271060%27%20height%3D%27368%27%20viewBox%3D%270%200%201060%20368%27%3E%3Crect%20width%3D%271060%27%20height%3D%27368%27%20fill-opacity%3D%220%22%2F%3E%3C%2Fsvg%3E\" data-srcset=\"https:\/\/www.merkel-die-jagd.de\/wp-content\/uploads\/2020\/01\/Kugellaufprofile_K5_K_1060x368-200x69.jpg 200w, https:\/\/www.merkel-die-jagd.de\/wp-content\/uploads\/2020\/01\/Kugellaufprofile_K5_K_1060x368-400x139.jpg 400w, https:\/\/www.merkel-die-jagd.de\/wp-content\/uploads\/2020\/01\/Kugellaufprofile_K5_K_1060x368-600x208.jpg 600w, https:\/\/www.merkel-die-jagd.de\/wp-content\/uploads\/2020\/01\/Kugellaufprofile_K5_K_1060x368-800x278.jpg 800w, https:\/\/www.merkel-die-jagd.de\/wp-content\/uploads\/2020\/01\/Kugellaufprofile_K5_K_1060x368.jpg 1060w\" data-sizes=\"auto\" data-orig-sizes=\"(max-width: 800px) 100vw, 1060px\" \/><\/a><\/span><\/div><div class=\"fusion-sep-clear\"><\/div><div class=\"fusion-separator fusion-no-small-visibility fusion-no-medium-visibility fusion-full-width-sep\" style=\"margin-left: auto;margin-right: auto;margin-bottom:15px;width:100%;\"><\/div><div class=\"fusion-sep-clear\"><\/div><div class=\"fusion-clearfix\"><\/div><\/div><\/div><\/div><\/div><div class=\"fusion-fullwidth fullwidth-box fusion-builder-row-5 downloads-container nonhundred-percent-fullwidth non-hundred-percent-height-scrolling\" style=\"background-color: #ececec;background-position: center center;background-repeat: no-repeat;padding-top:0px;padding-right:40px;padding-bottom:0px;padding-left:40px;margin-bottom: 80px;margin-top: 0px;border-width: 0px 0px 0px 0px;border-color:#eae9e9;border-style:solid;\" ><div class=\"fusion-builder-row fusion-row\"><div class=\"fusion-layout-column fusion_builder_column fusion-builder-column-7 fusion_builder_column_1_1 1_1 fusion-one-full fusion-column-first fusion-column-last\" style=\"margin-top:0px;margin-bottom:20px;\"><div class=\"fusion-column-wrapper fusion-flex-column-wrapper-legacy\" style=\"background-position:left top;background-repeat:no-repeat;-webkit-background-size:cover;-moz-background-size:cover;-o-background-size:cover;background-size:cover;padding: 0px 0px 0px 0px;\"><style type=\"text\/css\"><\/style><div class=\"fusion-title title fusion-title-4 fusion-sep-none fusion-title-text fusion-title-size-three section-headline\" style=\"margin-top:0px;margin-right:0px;margin-bottom:31px;margin-left:0px;\"><h3 class=\"title-heading-left fusion-responsive-typography-calculated\" style=\"margin:0;--fontSize:18;line-height:1.44;\">i-Sight system<\/h3><\/div><div class=\"fusion-text fusion-text-4\"><p>The barrels in diameter 17mm all possess the universal i-Sight System in combination with a covered M15x1 muzzle thread. Using a single allen screw, front and rear sight can be detached, the front sight also can be moved to the back \u2013 depending on shooting either with a suppressor, without sights or with a muzzle brake.<\/p>\n<\/div><div class=\"fusion-clearfix\"><\/div><\/div><\/div><div class=\"fusion-layout-column fusion_builder_column fusion-builder-column-8 fusion_builder_column_1_1 1_1 fusion-one-full fusion-column-first fusion-column-last\" style=\"margin-top:0px;margin-bottom:20px;\"><div class=\"fusion-column-wrapper fusion-flex-column-wrapper-legacy\" style=\"background-position:left top;background-repeat:no-repeat;-webkit-background-size:cover;-moz-background-size:cover;-o-background-size:cover;background-size:cover;padding: 0px 0px 0px 0px;\"><div class=\"imageframe-align-center\"><span class=\" fusion-imageframe imageframe-none imageframe-3 hover-type-none\"><a href=\"https:\/\/www.merkel-die-jagd.de\/wp-content\/uploads\/2020\/01\/Kugellaufprofile_K5_i-Sight_1060x368.jpg\" class=\"fusion-lightbox\" data-rel=\"iLightbox[e7ba166d3f79eb99b37]\" data-title=\"Kugellaufprofile_K5_i-Sight_1060x368\" title=\"Kugellaufprofile_K5_i-Sight_1060x368\"><img width=\"1060\" height=\"368\" src=\"https:\/\/www.merkel-die-jagd.de\/wp-content\/uploads\/2020\/01\/Kugellaufprofile_K5_i-Sight_1060x368.jpg\" data-orig-src=\"https:\/\/www.merkel-die-jagd.de\/wp-content\/uploads\/2020\/01\/Kugellaufprofile_K5_i-Sight_1060x368.jpg\" alt class=\"lazyload img-responsive wp-image-11935\" srcset=\"data:image\/svg+xml,%3Csvg%20xmlns%3D%27http%3A%2F%2Fwww.w3.org%2F2000%2Fsvg%27%20width%3D%271060%27%20height%3D%27368%27%20viewBox%3D%270%200%201060%20368%27%3E%3Crect%20width%3D%271060%27%20height%3D%27368%27%20fill-opacity%3D%220%22%2F%3E%3C%2Fsvg%3E\" data-srcset=\"https:\/\/www.merkel-die-jagd.de\/wp-content\/uploads\/2020\/01\/Kugellaufprofile_K5_i-Sight_1060x368-200x69.jpg 200w, https:\/\/www.merkel-die-jagd.de\/wp-content\/uploads\/2020\/01\/Kugellaufprofile_K5_i-Sight_1060x368-400x139.jpg 400w, https:\/\/www.merkel-die-jagd.de\/wp-content\/uploads\/2020\/01\/Kugellaufprofile_K5_i-Sight_1060x368-600x208.jpg 600w, https:\/\/www.merkel-die-jagd.de\/wp-content\/uploads\/2020\/01\/Kugellaufprofile_K5_i-Sight_1060x368-800x278.jpg 800w, https:\/\/www.merkel-die-jagd.de\/wp-content\/uploads\/2020\/01\/Kugellaufprofile_K5_i-Sight_1060x368.jpg 1060w\" data-sizes=\"auto\" data-orig-sizes=\"(max-width: 800px) 100vw, 1060px\" \/><\/a><\/span><\/div><div class=\"fusion-sep-clear\"><\/div><div class=\"fusion-separator fusion-no-small-visibility fusion-no-medium-visibility fusion-full-width-sep\" style=\"margin-left: auto;margin-right: auto;margin-bottom:15px;width:100%;\"><\/div><div class=\"fusion-sep-clear\"><\/div><div class=\"fusion-clearfix\"><\/div><\/div><\/div><\/div><\/div><\/p>\n","protected":false},"excerpt":{"rendered":"","protected":false},"author":8,"featured_media":0,"parent":6023,"menu_order":215,"comment_status":"closed","ping_status":"closed","template":"","meta":[],"categories":[],"acf":[],"yoast_head":"<!-- This site is optimized with the Yoast SEO plugin v19.11 - https:\/\/yoast.com\/wordpress\/plugins\/seo\/ -->\n<title>Rifle barrel profiles K-class | Merkel<\/title>\n<meta name=\"description\" content=\"Jeder Kugellauf tr\u00e4gt im Inneren Z\u00fcge und Felder, die zu einem Kaliber passen. L\u00e4nge und Drall sind ideal aufeinander abgestimmt \u2013 das sorgt f\u00fcr die hohe Pr\u00e4zision. Aber auch das \u00e4u\u00dfere Laufprofil ist weit mehr als ein Designelement.\" \/>\n<meta name=\"robots\" content=\"index, follow, max-snippet:-1, max-image-preview:large, max-video-preview:-1\" \/>\n<link rel=\"canonical\" href=\"https:\/\/www.merkel-die-jagd.de\/en\/products\/barrels\/rifle-barrel-profiles-k-class\/\" \/>\n<meta property=\"og:locale\" content=\"en_US\" \/>\n<meta property=\"og:type\" content=\"article\" \/>\n<meta property=\"og:title\" content=\"Rifle barrel profiles K-class | Merkel\" \/>\n<meta property=\"og:description\" content=\"Jeder Kugellauf tr\u00e4gt im Inneren Z\u00fcge und Felder, die zu einem Kaliber passen. L\u00e4nge und Drall sind ideal aufeinander abgestimmt \u2013 das sorgt f\u00fcr die hohe Pr\u00e4zision. Aber auch das \u00e4u\u00dfere Laufprofil ist weit mehr als ein Designelement.\" \/>\n<meta property=\"og:url\" content=\"https:\/\/www.merkel-die-jagd.de\/en\/products\/barrels\/rifle-barrel-profiles-k-class\/\" \/>\n<meta property=\"og:site_name\" content=\"Merkel\" \/>\n<meta property=\"article:modified_time\" content=\"2023-04-27T11:55:25+00:00\" \/>\n<meta name=\"twitter:label1\" content=\"Est. reading time\" \/>\n\t<meta name=\"twitter:data1\" content=\"5 minutes\" \/>\n<script type=\"application\/ld+json\" class=\"yoast-schema-graph\">{\"@context\":\"https:\/\/schema.org\",\"@graph\":[{\"@type\":\"WebPage\",\"@id\":\"https:\/\/www.merkel-die-jagd.de\/en\/products\/barrels\/rifle-barrel-profiles-k-class\/\",\"url\":\"https:\/\/www.merkel-die-jagd.de\/en\/products\/barrels\/rifle-barrel-profiles-k-class\/\",\"name\":\"Rifle barrel profiles K-class | Merkel\",\"isPartOf\":{\"@id\":\"https:\/\/www.merkel-die-jagd.de\/en\/#website\"},\"datePublished\":\"2018-02-05T15:30:06+00:00\",\"dateModified\":\"2023-04-27T11:55:25+00:00\",\"description\":\"Jeder Kugellauf tr\u00e4gt im Inneren Z\u00fcge und Felder, die zu einem Kaliber passen. L\u00e4nge und Drall sind ideal aufeinander abgestimmt \u2013 das sorgt f\u00fcr die hohe Pr\u00e4zision. Aber auch das \u00e4u\u00dfere Laufprofil ist weit mehr als ein Designelement.\",\"breadcrumb\":{\"@id\":\"https:\/\/www.merkel-die-jagd.de\/en\/products\/barrels\/rifle-barrel-profiles-k-class\/#breadcrumb\"},\"inLanguage\":\"en-US\",\"potentialAction\":[{\"@type\":\"ReadAction\",\"target\":[\"https:\/\/www.merkel-die-jagd.de\/en\/products\/barrels\/rifle-barrel-profiles-k-class\/\"]}]},{\"@type\":\"BreadcrumbList\",\"@id\":\"https:\/\/www.merkel-die-jagd.de\/en\/products\/barrels\/rifle-barrel-profiles-k-class\/#breadcrumb\",\"itemListElement\":[{\"@type\":\"ListItem\",\"position\":1,\"name\":\"Home\",\"item\":\"https:\/\/www.merkel-die-jagd.de\/en\/startseite-2-2\/\"},{\"@type\":\"ListItem\",\"position\":2,\"name\":\"Products\",\"item\":\"https:\/\/www.merkel-die-jagd.de\/en\/products\/\"},{\"@type\":\"ListItem\",\"position\":3,\"name\":\"Barrels\",\"item\":\"https:\/\/www.merkel-die-jagd.de\/en\/products\/barrels\/\"},{\"@type\":\"ListItem\",\"position\":4,\"name\":\"Rifle barrel profiles K-class\"}]},{\"@type\":\"WebSite\",\"@id\":\"https:\/\/www.merkel-die-jagd.de\/en\/#website\",\"url\":\"https:\/\/www.merkel-die-jagd.de\/en\/\",\"name\":\"Merkel\",\"description\":\"\",\"potentialAction\":[{\"@type\":\"SearchAction\",\"target\":{\"@type\":\"EntryPoint\",\"urlTemplate\":\"https:\/\/www.merkel-die-jagd.de\/en\/?s={search_term_string}\"},\"query-input\":\"required name=search_term_string\"}],\"inLanguage\":\"en-US\"}]}<\/script>\n<!-- \/ Yoast SEO plugin. -->","yoast_head_json":{"title":"Rifle barrel profiles K-class | Merkel","description":"Jeder Kugellauf tr\u00e4gt im Inneren Z\u00fcge und Felder, die zu einem Kaliber passen. L\u00e4nge und Drall sind ideal aufeinander abgestimmt \u2013 das sorgt f\u00fcr die hohe Pr\u00e4zision. Aber auch das \u00e4u\u00dfere Laufprofil ist weit mehr als ein Designelement.","robots":{"index":"index","follow":"follow","max-snippet":"max-snippet:-1","max-image-preview":"max-image-preview:large","max-video-preview":"max-video-preview:-1"},"canonical":"https:\/\/www.merkel-die-jagd.de\/en\/products\/barrels\/rifle-barrel-profiles-k-class\/","og_locale":"en_US","og_type":"article","og_title":"Rifle barrel profiles K-class | Merkel","og_description":"Jeder Kugellauf tr\u00e4gt im Inneren Z\u00fcge und Felder, die zu einem Kaliber passen. L\u00e4nge und Drall sind ideal aufeinander abgestimmt \u2013 das sorgt f\u00fcr die hohe Pr\u00e4zision. Aber auch das \u00e4u\u00dfere Laufprofil ist weit mehr als ein Designelement.","og_url":"https:\/\/www.merkel-die-jagd.de\/en\/products\/barrels\/rifle-barrel-profiles-k-class\/","og_site_name":"Merkel","article_modified_time":"2023-04-27T11:55:25+00:00","twitter_misc":{"Est. reading time":"5 minutes"},"schema":{"@context":"https:\/\/schema.org","@graph":[{"@type":"WebPage","@id":"https:\/\/www.merkel-die-jagd.de\/en\/products\/barrels\/rifle-barrel-profiles-k-class\/","url":"https:\/\/www.merkel-die-jagd.de\/en\/products\/barrels\/rifle-barrel-profiles-k-class\/","name":"Rifle barrel profiles K-class | Merkel","isPartOf":{"@id":"https:\/\/www.merkel-die-jagd.de\/en\/#website"},"datePublished":"2018-02-05T15:30:06+00:00","dateModified":"2023-04-27T11:55:25+00:00","description":"Jeder Kugellauf tr\u00e4gt im Inneren Z\u00fcge und Felder, die zu einem Kaliber passen. L\u00e4nge und Drall sind ideal aufeinander abgestimmt \u2013 das sorgt f\u00fcr die hohe Pr\u00e4zision. Aber auch das \u00e4u\u00dfere Laufprofil ist weit mehr als ein Designelement.","breadcrumb":{"@id":"https:\/\/www.merkel-die-jagd.de\/en\/products\/barrels\/rifle-barrel-profiles-k-class\/#breadcrumb"},"inLanguage":"en-US","potentialAction":[{"@type":"ReadAction","target":["https:\/\/www.merkel-die-jagd.de\/en\/products\/barrels\/rifle-barrel-profiles-k-class\/"]}]},{"@type":"BreadcrumbList","@id":"https:\/\/www.merkel-die-jagd.de\/en\/products\/barrels\/rifle-barrel-profiles-k-class\/#breadcrumb","itemListElement":[{"@type":"ListItem","position":1,"name":"Home","item":"https:\/\/www.merkel-die-jagd.de\/en\/startseite-2-2\/"},{"@type":"ListItem","position":2,"name":"Products","item":"https:\/\/www.merkel-die-jagd.de\/en\/products\/"},{"@type":"ListItem","position":3,"name":"Barrels","item":"https:\/\/www.merkel-die-jagd.de\/en\/products\/barrels\/"},{"@type":"ListItem","position":4,"name":"Rifle barrel profiles K-class"}]},{"@type":"WebSite","@id":"https:\/\/www.merkel-die-jagd.de\/en\/#website","url":"https:\/\/www.merkel-die-jagd.de\/en\/","name":"Merkel","description":"","potentialAction":[{"@type":"SearchAction","target":{"@type":"EntryPoint","urlTemplate":"https:\/\/www.merkel-die-jagd.de\/en\/?s={search_term_string}"},"query-input":"required name=search_term_string"}],"inLanguage":"en-US"}]}},"_links":{"self":[{"href":"https:\/\/www.merkel-die-jagd.de\/en\/wp-json\/wp\/v2\/pages\/6059"}],"collection":[{"href":"https:\/\/www.merkel-die-jagd.de\/en\/wp-json\/wp\/v2\/pages"}],"about":[{"href":"https:\/\/www.merkel-die-jagd.de\/en\/wp-json\/wp\/v2\/types\/page"}],"author":[{"embeddable":true,"href":"https:\/\/www.merkel-die-jagd.de\/en\/wp-json\/wp\/v2\/users\/8"}],"replies":[{"embeddable":true,"href":"https:\/\/www.merkel-die-jagd.de\/en\/wp-json\/wp\/v2\/comments?post=6059"}],"version-history":[{"count":1,"href":"https:\/\/www.merkel-die-jagd.de\/en\/wp-json\/wp\/v2\/pages\/6059\/revisions"}],"predecessor-version":[{"id":16498,"href":"https:\/\/www.merkel-die-jagd.de\/en\/wp-json\/wp\/v2\/pages\/6059\/revisions\/16498"}],"up":[{"embeddable":true,"href":"https:\/\/www.merkel-die-jagd.de\/en\/wp-json\/wp\/v2\/pages\/6023"}],"wp:attachment":[{"href":"https:\/\/www.merkel-die-jagd.de\/en\/wp-json\/wp\/v2\/media?parent=6059"}],"wp:term":[{"taxonomy":"category","embeddable":true,"href":"https:\/\/www.merkel-die-jagd.de\/en\/wp-json\/wp\/v2\/categories?post=6059"}],"curies":[{"name":"wp","href":"https:\/\/api.w.org\/{rel}","templated":true}]}}