{"id":6073,"date":"2018-02-05T16:31:37","date_gmt":"2018-02-05T15:31:37","guid":{"rendered":"http:\/\/www.merkel-die-jagd.de\/produkte\/barrels\/barrels-oem\/"},"modified":"2018-02-05T16:31:38","modified_gmt":"2018-02-05T15:31:38","slug":"barrels-oem","status":"publish","type":"page","link":"https:\/\/www.merkel-die-jagd.de\/en\/products\/barrels\/barrels-oem\/","title":{"rendered":"Barrels OEM"},"content":{"rendered":"<p><div class=\"fusion-fullwidth fullwidth-box fusion-builder-row-1 nonhundred-percent-fullwidth non-hundred-percent-height-scrolling\" style=\"background-color: rgba(255,255,255,0);background-position: center center;background-repeat: no-repeat;padding-top:0px;padding-right:0px;padding-bottom:0px;padding-left:0px;margin-bottom: 70px;margin-top: 0px;border-width: 0px 0px 0px 0px;border-color:#eae9e9;border-style:solid;\" ><div class=\"fusion-builder-row fusion-row\"><div class=\"fusion-layout-column fusion_builder_column fusion-builder-column-0 fusion_builder_column_1_1 1_1 fusion-one-full fusion-column-first fusion-column-last\" style=\"margin-top:0px;margin-bottom:20px;\"><div class=\"fusion-column-wrapper fusion-flex-column-wrapper-legacy\" style=\"background-position:left top;background-repeat:no-repeat;-webkit-background-size:cover;-moz-background-size:cover;-o-background-size:cover;background-size:cover;padding: 0px 0px 0px 0px;\">\n<div class=\"fusion-slider-revolution rev_slider_wrapper\">\t\t\t<!-- START L\u00e4ufe OEM REVOLUTION SLIDER 6.5.25 --><p class=\"rs-p-wp-fix\"><\/p>\n\t\t\t<rs-module-wrap id=\"rev_slider_102_1_wrapper\" data-source=\"gallery\" style=\"visibility:hidden;background:transparent;padding:0;margin:0px auto;margin-top:0;margin-bottom:0;\">\n\t\t\t\t<rs-module id=\"rev_slider_102_1\" style=\"\" data-version=\"6.5.25\">\n\t\t\t\t\t<rs-slides>\n\t\t\t\t\t\t<rs-slide style=\"position: absolute;\" data-key=\"rs-533\" data-title=\"Slide\" data-anim=\"ms:600;\" data-in=\"o:0;\" data-out=\"a:false;\">\n\t\t\t\t\t\t\t<img src=\"\/\/www.merkel-die-jagd.de\/wp-content\/plugins\/revslider\/public\/assets\/assets\/dummy.png\" alt=\"Merkel L\u00e4ufe\" title=\"Merkel L\u00e4ufe\" width=\"1920\" height=\"655\" class=\"rev-slidebg tp-rs-img rs-lazyload\" data-lazyload=\"\/\/www.merkel-die-jagd.de\/wp-content\/uploads\/2017\/12\/Merkel_Laeufe_OEM_01_1920x655.jpg\" data-no-retina>\n<!---->\t\t\t\t\t\t<\/rs-slide>\n\t\t\t\t\t<\/rs-slides>\n\t\t\t\t<\/rs-module>\n\t\t\t\t<script>\n\t\t\t\t\tsetREVStartSize({c: 'rev_slider_102_1',rl:[1240,1024,778,480],el:[],gw:[1600],gh:[669],type:'standard',justify:'',layout:'fullwidth',mh:\"0\"});if (window.RS_MODULES!==undefined && window.RS_MODULES.modules!==undefined && window.RS_MODULES.modules[\"revslider1021\"]!==undefined) {window.RS_MODULES.modules[\"revslider1021\"].once = false;window.revapi102 = undefined;if (window.RS_MODULES.checkMinimal!==undefined) window.RS_MODULES.checkMinimal()}\n\t\t\t\t<\/script>\n\t\t\t<\/rs-module-wrap>\n\t\t\t<!-- END REVOLUTION SLIDER -->\n<\/div><div class=\"fusion-clearfix\"><\/div><\/div><\/div><\/div><\/div><div class=\"fusion-fullwidth fullwidth-box fusion-builder-row-2 nonhundred-percent-fullwidth non-hundred-percent-height-scrolling\" style=\"background-color: rgba(255,255,255,0);background-position: center center;background-repeat: no-repeat;padding-top:0px;padding-right:0px;padding-bottom:0px;padding-left:0px;margin-bottom: 70px;margin-top: 0px;border-width: 0px 0px 0px 0px;border-color:#eae9e9;border-style:solid;\" ><div class=\"fusion-builder-row fusion-row\"><div class=\"fusion-layout-column fusion_builder_column fusion-builder-column-1 fusion_builder_column_2_3 2_3 fusion-two-third fusion-column-first\" style=\"width:66.666666666667%;width:calc(66.666666666667% - ( ( 4% ) * 0.66666666666667 ) );margin-right: 4%;margin-top:0px;margin-bottom:20px;\"><div class=\"fusion-column-wrapper fusion-flex-column-wrapper-legacy\" style=\"background-position:left top;background-repeat:no-repeat;-webkit-background-size:cover;-moz-background-size:cover;-o-background-size:cover;background-size:cover;padding: 0px 0px 0px 0px;\"><style type=\"text\/css\"><\/style><div class=\"fusion-title title fusion-title-1 fusion-sep-none fusion-title-text fusion-title-size-one\" style=\"margin-top:0px;margin-right:0px;margin-bottom:31px;margin-left:0px;\"><h1 class=\"title-heading-left fusion-responsive-typography-calculated\" style=\"margin:0;--fontSize:40;line-height:1.2;\">Barrels OEM<\/h1><\/div><div class=\"fusion-text fusion-text-1\"><p>Barrels for gun manufacturers around the world: Using the business model OEM, Merkel caters to different customer groups. Firstly there are the gunsmiths who require cold-forged precision barrels for their precious goods. Secondly manufacturers of hunting rifles and shotguns worldwide order the famous Suhl barrels here. And last but not least, the manufacture also caters to the manufacturers of sporting and law enforcement weapons \u2013 the cold-forging machines in the factory can make rifle barrels, shotgun barrels, pistol- or revolver barrels in different calibres and barrel profiles. The special feature here: the shotgun barrels are cold-forged here as well, making them steadfast, durable and precise.<\/p>\n<\/div><div class=\"fusion-clearfix\"><\/div><\/div><\/div><div class=\"fusion-layout-column fusion_builder_column fusion-builder-column-2 fusion_builder_column_1_3 1_3 fusion-one-third fusion-column-last\" style=\"width:33.333333333333%;width:calc(33.333333333333% - ( ( 4% ) * 0.33333333333333 ) );margin-top:0px;margin-bottom:20px;\"><div class=\"fusion-column-wrapper fusion-flex-column-wrapper-legacy\" style=\"background-position:left top;background-repeat:no-repeat;-webkit-background-size:cover;-moz-background-size:cover;-o-background-size:cover;background-size:cover;padding: 0px 0px 0px 0px;\"><div class=\"fusion-clearfix\"><\/div><\/div><\/div><\/div><\/div><\/p>\n","protected":false},"excerpt":{"rendered":"","protected":false},"author":8,"featured_media":0,"parent":6023,"menu_order":220,"comment_status":"closed","ping_status":"closed","template":"","meta":[],"categories":[],"acf":[],"yoast_head":"<!-- This site is optimized with the Yoast SEO plugin v19.11 - https:\/\/yoast.com\/wordpress\/plugins\/seo\/ -->\n<title>Barrels OEM | Merkel<\/title>\n<meta name=\"description\" content=\"L\u00e4ufe f\u00fcr Waffen-Hersteller in aller Herren L\u00e4nder: Mit dem Gesch\u00e4ftsmodell der OEM-Produktion bedient Merkel unterschiedliche Kundengruppen. Da sind zum einen handwerkliche B\u00fcchsenmacher, die kaltgeschmiedete Pr\u00e4zisionsl\u00e4ufe f\u00fcr ihre Preziosen ordern.\" \/>\n<meta name=\"robots\" content=\"index, follow, max-snippet:-1, max-image-preview:large, max-video-preview:-1\" \/>\n<link rel=\"canonical\" href=\"https:\/\/www.merkel-die-jagd.de\/en\/products\/barrels\/barrels-oem\/\" \/>\n<meta property=\"og:locale\" content=\"en_US\" \/>\n<meta property=\"og:type\" content=\"article\" \/>\n<meta property=\"og:title\" content=\"Barrels OEM | Merkel\" \/>\n<meta property=\"og:description\" content=\"L\u00e4ufe f\u00fcr Waffen-Hersteller in aller Herren L\u00e4nder: Mit dem Gesch\u00e4ftsmodell der OEM-Produktion bedient Merkel unterschiedliche Kundengruppen. Da sind zum einen handwerkliche B\u00fcchsenmacher, die kaltgeschmiedete Pr\u00e4zisionsl\u00e4ufe f\u00fcr ihre Preziosen ordern.\" \/>\n<meta property=\"og:url\" content=\"https:\/\/www.merkel-die-jagd.de\/en\/products\/barrels\/barrels-oem\/\" \/>\n<meta property=\"og:site_name\" content=\"Merkel\" \/>\n<meta property=\"article:modified_time\" content=\"2018-02-05T15:31:38+00:00\" \/>\n<meta name=\"twitter:label1\" content=\"Est. reading time\" \/>\n\t<meta name=\"twitter:data1\" content=\"3 minutes\" \/>\n<script type=\"application\/ld+json\" class=\"yoast-schema-graph\">{\"@context\":\"https:\/\/schema.org\",\"@graph\":[{\"@type\":\"WebPage\",\"@id\":\"https:\/\/www.merkel-die-jagd.de\/en\/products\/barrels\/barrels-oem\/\",\"url\":\"https:\/\/www.merkel-die-jagd.de\/en\/products\/barrels\/barrels-oem\/\",\"name\":\"Barrels OEM | Merkel\",\"isPartOf\":{\"@id\":\"https:\/\/www.merkel-die-jagd.de\/en\/#website\"},\"datePublished\":\"2018-02-05T15:31:37+00:00\",\"dateModified\":\"2018-02-05T15:31:38+00:00\",\"description\":\"L\u00e4ufe f\u00fcr Waffen-Hersteller in aller Herren L\u00e4nder: Mit dem Gesch\u00e4ftsmodell der OEM-Produktion bedient Merkel unterschiedliche Kundengruppen. Da sind zum einen handwerkliche B\u00fcchsenmacher, die kaltgeschmiedete Pr\u00e4zisionsl\u00e4ufe f\u00fcr ihre Preziosen ordern.\",\"breadcrumb\":{\"@id\":\"https:\/\/www.merkel-die-jagd.de\/en\/products\/barrels\/barrels-oem\/#breadcrumb\"},\"inLanguage\":\"en-US\",\"potentialAction\":[{\"@type\":\"ReadAction\",\"target\":[\"https:\/\/www.merkel-die-jagd.de\/en\/products\/barrels\/barrels-oem\/\"]}]},{\"@type\":\"BreadcrumbList\",\"@id\":\"https:\/\/www.merkel-die-jagd.de\/en\/products\/barrels\/barrels-oem\/#breadcrumb\",\"itemListElement\":[{\"@type\":\"ListItem\",\"position\":1,\"name\":\"Home\",\"item\":\"https:\/\/www.merkel-die-jagd.de\/en\/startseite-2-2\/\"},{\"@type\":\"ListItem\",\"position\":2,\"name\":\"Products\",\"item\":\"https:\/\/www.merkel-die-jagd.de\/en\/products\/\"},{\"@type\":\"ListItem\",\"position\":3,\"name\":\"Barrels\",\"item\":\"https:\/\/www.merkel-die-jagd.de\/en\/products\/barrels\/\"},{\"@type\":\"ListItem\",\"position\":4,\"name\":\"Barrels OEM\"}]},{\"@type\":\"WebSite\",\"@id\":\"https:\/\/www.merkel-die-jagd.de\/en\/#website\",\"url\":\"https:\/\/www.merkel-die-jagd.de\/en\/\",\"name\":\"Merkel\",\"description\":\"\",\"potentialAction\":[{\"@type\":\"SearchAction\",\"target\":{\"@type\":\"EntryPoint\",\"urlTemplate\":\"https:\/\/www.merkel-die-jagd.de\/en\/?s={search_term_string}\"},\"query-input\":\"required name=search_term_string\"}],\"inLanguage\":\"en-US\"}]}<\/script>\n<!-- \/ Yoast SEO plugin. -->","yoast_head_json":{"title":"Barrels OEM | Merkel","description":"L\u00e4ufe f\u00fcr Waffen-Hersteller in aller Herren L\u00e4nder: Mit dem Gesch\u00e4ftsmodell der OEM-Produktion bedient Merkel unterschiedliche Kundengruppen. Da sind zum einen handwerkliche B\u00fcchsenmacher, die kaltgeschmiedete Pr\u00e4zisionsl\u00e4ufe f\u00fcr ihre Preziosen ordern.","robots":{"index":"index","follow":"follow","max-snippet":"max-snippet:-1","max-image-preview":"max-image-preview:large","max-video-preview":"max-video-preview:-1"},"canonical":"https:\/\/www.merkel-die-jagd.de\/en\/products\/barrels\/barrels-oem\/","og_locale":"en_US","og_type":"article","og_title":"Barrels OEM | Merkel","og_description":"L\u00e4ufe f\u00fcr Waffen-Hersteller in aller Herren L\u00e4nder: Mit dem Gesch\u00e4ftsmodell der OEM-Produktion bedient Merkel unterschiedliche Kundengruppen. Da sind zum einen handwerkliche B\u00fcchsenmacher, die kaltgeschmiedete Pr\u00e4zisionsl\u00e4ufe f\u00fcr ihre Preziosen ordern.","og_url":"https:\/\/www.merkel-die-jagd.de\/en\/products\/barrels\/barrels-oem\/","og_site_name":"Merkel","article_modified_time":"2018-02-05T15:31:38+00:00","twitter_misc":{"Est. reading time":"3 minutes"},"schema":{"@context":"https:\/\/schema.org","@graph":[{"@type":"WebPage","@id":"https:\/\/www.merkel-die-jagd.de\/en\/products\/barrels\/barrels-oem\/","url":"https:\/\/www.merkel-die-jagd.de\/en\/products\/barrels\/barrels-oem\/","name":"Barrels OEM | Merkel","isPartOf":{"@id":"https:\/\/www.merkel-die-jagd.de\/en\/#website"},"datePublished":"2018-02-05T15:31:37+00:00","dateModified":"2018-02-05T15:31:38+00:00","description":"L\u00e4ufe f\u00fcr Waffen-Hersteller in aller Herren L\u00e4nder: Mit dem Gesch\u00e4ftsmodell der OEM-Produktion bedient Merkel unterschiedliche Kundengruppen. Da sind zum einen handwerkliche B\u00fcchsenmacher, die kaltgeschmiedete Pr\u00e4zisionsl\u00e4ufe f\u00fcr ihre Preziosen ordern.","breadcrumb":{"@id":"https:\/\/www.merkel-die-jagd.de\/en\/products\/barrels\/barrels-oem\/#breadcrumb"},"inLanguage":"en-US","potentialAction":[{"@type":"ReadAction","target":["https:\/\/www.merkel-die-jagd.de\/en\/products\/barrels\/barrels-oem\/"]}]},{"@type":"BreadcrumbList","@id":"https:\/\/www.merkel-die-jagd.de\/en\/products\/barrels\/barrels-oem\/#breadcrumb","itemListElement":[{"@type":"ListItem","position":1,"name":"Home","item":"https:\/\/www.merkel-die-jagd.de\/en\/startseite-2-2\/"},{"@type":"ListItem","position":2,"name":"Products","item":"https:\/\/www.merkel-die-jagd.de\/en\/products\/"},{"@type":"ListItem","position":3,"name":"Barrels","item":"https:\/\/www.merkel-die-jagd.de\/en\/products\/barrels\/"},{"@type":"ListItem","position":4,"name":"Barrels OEM"}]},{"@type":"WebSite","@id":"https:\/\/www.merkel-die-jagd.de\/en\/#website","url":"https:\/\/www.merkel-die-jagd.de\/en\/","name":"Merkel","description":"","potentialAction":[{"@type":"SearchAction","target":{"@type":"EntryPoint","urlTemplate":"https:\/\/www.merkel-die-jagd.de\/en\/?s={search_term_string}"},"query-input":"required name=search_term_string"}],"inLanguage":"en-US"}]}},"_links":{"self":[{"href":"https:\/\/www.merkel-die-jagd.de\/en\/wp-json\/wp\/v2\/pages\/6073"}],"collection":[{"href":"https:\/\/www.merkel-die-jagd.de\/en\/wp-json\/wp\/v2\/pages"}],"about":[{"href":"https:\/\/www.merkel-die-jagd.de\/en\/wp-json\/wp\/v2\/types\/page"}],"author":[{"embeddable":true,"href":"https:\/\/www.merkel-die-jagd.de\/en\/wp-json\/wp\/v2\/users\/8"}],"replies":[{"embeddable":true,"href":"https:\/\/www.merkel-die-jagd.de\/en\/wp-json\/wp\/v2\/comments?post=6073"}],"version-history":[{"count":0,"href":"https:\/\/www.merkel-die-jagd.de\/en\/wp-json\/wp\/v2\/pages\/6073\/revisions"}],"up":[{"embeddable":true,"href":"https:\/\/www.merkel-die-jagd.de\/en\/wp-json\/wp\/v2\/pages\/6023"}],"wp:attachment":[{"href":"https:\/\/www.merkel-die-jagd.de\/en\/wp-json\/wp\/v2\/media?parent=6073"}],"wp:term":[{"taxonomy":"category","embeddable":true,"href":"https:\/\/www.merkel-die-jagd.de\/en\/wp-json\/wp\/v2\/categories?post=6073"}],"curies":[{"name":"wp","href":"https:\/\/api.w.org\/{rel}","templated":true}]}}