{"id":6077,"date":"2018-02-05T16:33:06","date_gmt":"2018-02-05T15:33:06","guid":{"rendered":"http:\/\/www.merkel-die-jagd.de\/produkte\/accessories\/"},"modified":"2023-04-27T11:18:47","modified_gmt":"2023-04-27T09:18:47","slug":"accessories","status":"publish","type":"page","link":"https:\/\/www.merkel-die-jagd.de\/en\/accessories\/","title":{"rendered":"Accessories"},"content":{"rendered":"<p><div class=\"fusion-fullwidth fullwidth-box fusion-builder-row-1 nonhundred-percent-fullwidth non-hundred-percent-height-scrolling\" style=\"background-color: rgba(255,255,255,0);background-position: center center;background-repeat: no-repeat;padding-top:0px;padding-right:0px;padding-bottom:0px;padding-left:0px;margin-bottom: 70px;margin-top: 0px;border-width: 0px 0px 0px 0px;border-color:#eae9e9;border-style:solid;\" ><div class=\"fusion-builder-row fusion-row\"><div class=\"fusion-layout-column fusion_builder_column fusion-builder-column-0 fusion_builder_column_1_1 1_1 fusion-one-full fusion-column-first fusion-column-last\" style=\"margin-top:0px;margin-bottom:20px;\"><div class=\"fusion-column-wrapper fusion-flex-column-wrapper-legacy\" style=\"background-position:left top;background-repeat:no-repeat;-webkit-background-size:cover;-moz-background-size:cover;-o-background-size:cover;background-size:cover;padding: 0px 0px 0px 0px;\">\n<div class=\"fusion-slider-revolution rev_slider_wrapper\">\t\t\t<!-- START Zubeh\u00f6r REVOLUTION SLIDER 6.5.25 --><p class=\"rs-p-wp-fix\"><\/p>\n\t\t\t<rs-module-wrap id=\"rev_slider_84_1_wrapper\" data-source=\"gallery\" style=\"visibility:hidden;background:transparent;padding:0;margin:0px auto;margin-top:0;margin-bottom:0;\">\n\t\t\t\t<rs-module id=\"rev_slider_84_1\" style=\"\" data-version=\"6.5.25\">\n\t\t\t\t\t<rs-slides>\n\t\t\t\t\t\t<rs-slide style=\"position: absolute;\" data-key=\"rs-483\" data-title=\"Slide\" data-anim=\"ms:600;\" data-in=\"o:0;\" data-out=\"a:false;\">\n\t\t\t\t\t\t\t<img src=\"\/\/www.merkel-die-jagd.de\/wp-content\/plugins\/revslider\/public\/assets\/assets\/dummy.png\" alt=\"Merkel Zubeh\u00f6r\" title=\"Merkel Zubeh\u00f6r\" width=\"1920\" height=\"655\" class=\"rev-slidebg tp-rs-img rs-lazyload\" data-lazyload=\"\/\/www.merkel-die-jagd.de\/wp-content\/uploads\/2017\/12\/Merkel_Zubehoer_01_1920x655.jpg\" data-no-retina>\n<!---->\t\t\t\t\t\t<\/rs-slide>\n\t\t\t\t\t<\/rs-slides>\n\t\t\t\t<\/rs-module>\n\t\t\t\t<script>\n\t\t\t\t\tsetREVStartSize({c: 'rev_slider_84_1',rl:[1240,1024,778,480],el:[],gw:[1600],gh:[669],type:'standard',justify:'',layout:'fullwidth',mh:\"0\"});if (window.RS_MODULES!==undefined && window.RS_MODULES.modules!==undefined && window.RS_MODULES.modules[\"revslider841\"]!==undefined) {window.RS_MODULES.modules[\"revslider841\"].once = false;window.revapi84 = undefined;if (window.RS_MODULES.checkMinimal!==undefined) window.RS_MODULES.checkMinimal()}\n\t\t\t\t<\/script>\n\t\t\t<\/rs-module-wrap>\n\t\t\t<!-- END REVOLUTION SLIDER -->\n<\/div><div class=\"fusion-clearfix\"><\/div><\/div><\/div><\/div><\/div><div class=\"fusion-fullwidth fullwidth-box fusion-builder-row-2 merkel-content-headline-image-2-1 nonhundred-percent-fullwidth non-hundred-percent-height-scrolling\" style=\"background-color: rgba(255,255,255,0);background-position: center center;background-repeat: no-repeat;padding-top:0px;padding-right:0px;padding-bottom:0px;padding-left:0px;margin-bottom: 30px;margin-top: 0px;border-width: 0px 0px 0px 0px;border-color:#eae9e9;border-style:solid;\" ><div class=\"fusion-builder-row fusion-row\"><div class=\"fusion-layout-column fusion_builder_column fusion-builder-column-1 fusion_builder_column_2_3 2_3 fusion-two-third fusion-column-first\" style=\"width:66.666666666667%;width:calc(66.666666666667% - ( ( 4% ) * 0.66666666666667 ) );margin-right: 4%;margin-top:0px;margin-bottom:20px;\"><div class=\"fusion-column-wrapper fusion-flex-column-wrapper-legacy\" style=\"background-position:left top;background-repeat:no-repeat;-webkit-background-size:cover;-moz-background-size:cover;-o-background-size:cover;background-size:cover;padding: 0px 0px 0px 0px;\"><style type=\"text\/css\"><\/style><div class=\"fusion-title title fusion-title-1 fusion-sep-none fusion-title-text fusion-title-size-one merkel-headline\" style=\"margin-top:0px;margin-right:0px;margin-bottom:31px;margin-left:0px;\"><h1 class=\"title-heading-left fusion-responsive-typography-calculated\" style=\"margin:0;--fontSize:40;line-height:1.2;\">Accessories<\/h1><\/div><div class=\"fusion-text fusion-text-1\"><p>Hunting has changed a lot in the last couple of years. To have a successful hunt, the right accessories, which have to meet different criteria, are required. Be it sound suppressor, muzzle brake or transport case, to safely us the gun while traveling: Merkel has the right accessories.<\/p>\n<\/div><div class=\"fusion-clearfix\"><\/div><\/div><\/div><div class=\"fusion-layout-column fusion_builder_column fusion-builder-column-2 fusion_builder_column_1_3 1_3 fusion-one-third fusion-column-last\" style=\"width:33.333333333333%;width:calc(33.333333333333% - ( ( 4% ) * 0.33333333333333 ) );margin-top:0px;margin-bottom:20px;\"><div class=\"fusion-column-wrapper fusion-flex-column-wrapper-legacy\" style=\"background-position:left top;background-repeat:no-repeat;-webkit-background-size:cover;-moz-background-size:cover;-o-background-size:cover;background-size:cover;padding: 0px 0px 0px 0px;\"><div class=\"fusion-clearfix\"><\/div><\/div><\/div><\/div><\/div><div class=\"fusion-fullwidth fullwidth-box fusion-builder-row-3 mdj-content-row nonhundred-percent-fullwidth non-hundred-percent-height-scrolling\" style=\"background-color: rgba(255,255,255,0);background-position: center center;background-repeat: no-repeat;padding-top:0px;padding-right:0px;padding-bottom:0px;padding-left:0px;margin-bottom: 80px;margin-top: 80px;border-width: 0px 0px 0px 0px;border-color:#eae9e9;border-style:solid;\" ><div class=\"fusion-builder-row fusion-row\"><div class=\"fusion-layout-column fusion_builder_column fusion-builder-column-3 fusion_builder_column_1_2 1_2 fusion-one-half fusion-column-first content-bottom-half\" style=\"width:50%;width:calc(50% - ( ( 4% ) * 0.5 ) );margin-right: 4%;margin-top:0px;margin-bottom:40px;\"><div class=\"fusion-column-wrapper lazyload fusion-flex-column-wrapper-legacy\" style=\"background-position:center center;background-repeat:no-repeat;-webkit-background-size:cover;-moz-background-size:cover;-o-background-size:cover;background-size:cover;padding: 0px 0px 0px 0px;\" data-bg-url=\"https:\/\/www.merkel-die-jagd.de\/wp-content\/uploads\/2019\/03\/Detail_TD_HLX_1200x750_02-1024x640.jpg\" data-bg=\"https:\/\/www.merkel-die-jagd.de\/wp-content\/uploads\/2019\/03\/Detail_TD_HLX_1200x750_02-1024x640.jpg\"><style type=\"text\/css\"><\/style><div class=\"fusion-title title fusion-title-2 fusion-sep-none fusion-title-text fusion-title-size-three section-headline\" style=\"margin-top:0px;margin-right:0px;margin-bottom:31px;margin-left:0px;\"><h3 class=\"title-heading-left fusion-responsive-typography-calculated\" style=\"margin:0;--fontSize:18;line-height:1.44;\">Merkel HLX Suppressor<\/h3><\/div><div class=\"fusion-alignright\"><style>.fusion-body .fusion-button.button-1{border-color:#ffffff;border-radius:0px 0px 0px 0px;background:#6e8b00;}.fusion-body .fusion-button.button-1 .fusion-button-text,.fusion-body .fusion-button.button-1 i,.fusion-body .fusion-button.button-1:hover .fusion-button-text,.fusion-body .fusion-button.button-1:hover i,.fusion-body .fusion-button.button-1:focus .fusion-button-text,.fusion-body .fusion-button.button-1:focus i,.fusion-body .fusion-button.button-1:active .fusion-button-text,.fusion-body .fusion-button.button-1:active i{color:#ffffff;}.fusion-body .fusion-button.button-1:hover,.fusion-body .fusion-button.button-1:active,.fusion-body .fusion-button.button-1:focus{border-color:#ffffff;background:#99ad4c;}<\/style><a class=\"fusion-button button-flat button-small button-custom button-1 fusion-button-span-no content-box-button\" target=\"_self\" href=\"https:\/\/www.merkel-die-jagd.de\/en\/products\/accessories\/merkel-suppressor\/\"><span class=\"fusion-button-text\">&gt; read more<\/span><\/a><\/div><div class=\"fusion-clearfix\"><\/div><\/div><\/div><div class=\"fusion-layout-column fusion_builder_column fusion-builder-column-4 fusion_builder_column_1_2 1_2 fusion-one-half fusion-column-last content-bottom-half\" style=\"width:50%;width:calc(50% - ( ( 4% ) * 0.5 ) );margin-top:0px;margin-bottom:40px;\"><div class=\"fusion-column-wrapper lazyload fusion-flex-column-wrapper-legacy\" style=\"background-position:center center;background-repeat:no-repeat;-webkit-background-size:cover;-moz-background-size:cover;-o-background-size:cover;background-size:cover;background-color:#ececec;padding: 0px 0px 0px 0px;\" data-bg-url=\"https:\/\/www.merkel-die-jagd.de\/wp-content\/uploads\/2017\/11\/Merkel_Zubehoer_Muendungsbremse_01_1200x750-1024x640.jpg\" data-bg=\"https:\/\/www.merkel-die-jagd.de\/wp-content\/uploads\/2017\/11\/Merkel_Zubehoer_Muendungsbremse_01_1200x750-1024x640.jpg\"><style type=\"text\/css\"><\/style><div class=\"fusion-title title fusion-title-3 fusion-sep-none fusion-title-text fusion-title-size-three section-headline\" style=\"margin-top:0px;margin-right:0px;margin-bottom:31px;margin-left:0px;\"><h3 class=\"title-heading-left fusion-responsive-typography-calculated\" style=\"margin:0;--fontSize:18;line-height:1.44;\">Muzzle brake<\/h3><\/div><div class=\"fusion-alignright\"><style>.fusion-body .fusion-button.button-2{border-color:#ffffff;border-radius:0px 0px 0px 0px;background:#6e8b00;}.fusion-body .fusion-button.button-2 .fusion-button-text,.fusion-body .fusion-button.button-2 i,.fusion-body .fusion-button.button-2:hover .fusion-button-text,.fusion-body .fusion-button.button-2:hover i,.fusion-body .fusion-button.button-2:focus .fusion-button-text,.fusion-body .fusion-button.button-2:focus i,.fusion-body .fusion-button.button-2:active .fusion-button-text,.fusion-body .fusion-button.button-2:active i{color:#ffffff;}.fusion-body .fusion-button.button-2:hover,.fusion-body .fusion-button.button-2:active,.fusion-body .fusion-button.button-2:focus{border-color:#ffffff;background:#99ad4c;}<\/style><a class=\"fusion-button button-flat button-small button-custom button-2 fusion-button-span-no content-box-button\" target=\"_self\" href=\"https:\/\/www.merkel-die-jagd.de\/en\/products\/accessories\/muzzle-break\/\"><span class=\"fusion-button-text\">&gt; read more<\/span><\/a><\/div><div class=\"fusion-clearfix\"><\/div><\/div><\/div><div class=\"fusion-layout-column fusion_builder_column fusion-builder-column-5 fusion_builder_column_1_2 1_2 fusion-one-half fusion-column-first content-bottom-half\" style=\"width:50%;width:calc(50% - ( ( 4% ) * 0.5 ) );margin-right: 4%;margin-top:0px;margin-bottom:40px;\"><div class=\"fusion-column-wrapper lazyload fusion-flex-column-wrapper-legacy\" style=\"background-position:center center;background-repeat:no-repeat;-webkit-background-size:cover;-moz-background-size:cover;-o-background-size:cover;background-size:cover;background-color:#ececec;padding: 0px 0px 0px 0px;\" data-bg-url=\"https:\/\/www.merkel-die-jagd.de\/wp-content\/uploads\/2017\/11\/Merkel_Zubehoer_Accessoires_01_1200x750.jpg\" data-bg=\"https:\/\/www.merkel-die-jagd.de\/wp-content\/uploads\/2017\/11\/Merkel_Zubehoer_Accessoires_01_1200x750.jpg\"><style type=\"text\/css\"><\/style><div class=\"fusion-title title fusion-title-4 fusion-sep-none fusion-title-text fusion-title-size-three section-headline\" style=\"margin-top:0px;margin-right:0px;margin-bottom:31px;margin-left:0px;\"><h3 class=\"title-heading-left fusion-responsive-typography-calculated\" style=\"margin:0;--fontSize:18;line-height:1.44;\">Merkel gun case<\/h3><\/div><div class=\"fusion-alignright\"><style>.fusion-body .fusion-button.button-3{border-color:#ffffff;border-radius:0px 0px 0px 0px;background:#6e8b00;}.fusion-body .fusion-button.button-3 .fusion-button-text,.fusion-body .fusion-button.button-3 i,.fusion-body .fusion-button.button-3:hover .fusion-button-text,.fusion-body .fusion-button.button-3:hover i,.fusion-body .fusion-button.button-3:focus .fusion-button-text,.fusion-body .fusion-button.button-3:focus i,.fusion-body .fusion-button.button-3:active .fusion-button-text,.fusion-body .fusion-button.button-3:active i{color:#ffffff;}.fusion-body .fusion-button.button-3:hover,.fusion-body .fusion-button.button-3:active,.fusion-body .fusion-button.button-3:focus{border-color:#ffffff;background:#99ad4c;}<\/style><a class=\"fusion-button button-flat button-small button-custom button-3 fusion-button-span-no content-box-button\" target=\"_self\" href=\"https:\/\/www.merkel-die-jagd.de\/en\/products\/accessories\/transport-case\/\"><span class=\"fusion-button-text\">&gt; read more<\/span><\/a><\/div><div class=\"fusion-clearfix\"><\/div><\/div><\/div><div class=\"fusion-layout-column fusion_builder_column fusion-builder-column-6 fusion_builder_column_1_2 1_2 fusion-one-half fusion-column-last content-bottom-half\" style=\"width:50%;width:calc(50% - ( ( 4% ) * 0.5 ) );margin-top:0px;margin-bottom:40px;\"><div class=\"fusion-column-wrapper lazyload fusion-flex-column-wrapper-legacy\" style=\"background-position:center center;background-repeat:no-repeat;-webkit-background-size:cover;-moz-background-size:cover;-o-background-size:cover;background-size:cover;background-color:#ececec;padding: 0px 0px 0px 0px;\" data-bg-url=\"https:\/\/www.merkel-die-jagd.de\/wp-content\/uploads\/2018\/01\/Merkel_Zubehoer_Montagen_02_1200x750.jpg\" data-bg=\"https:\/\/www.merkel-die-jagd.de\/wp-content\/uploads\/2018\/01\/Merkel_Zubehoer_Montagen_02_1200x750.jpg\"><style type=\"text\/css\"><\/style><div class=\"fusion-title title fusion-title-5 fusion-sep-none fusion-title-text fusion-title-size-three section-headline\" style=\"margin-top:0px;margin-right:0px;margin-bottom:31px;margin-left:0px;\"><h3 class=\"title-heading-left fusion-responsive-typography-calculated\" style=\"margin:0;--fontSize:18;line-height:1.44;\">Mounts<\/h3><\/div><div class=\"fusion-alignright\"><style>.fusion-body .fusion-button.button-4{border-color:#ffffff;border-radius:0px 0px 0px 0px;background:#6e8b00;}.fusion-body .fusion-button.button-4 .fusion-button-text,.fusion-body .fusion-button.button-4 i,.fusion-body .fusion-button.button-4:hover .fusion-button-text,.fusion-body .fusion-button.button-4:hover i,.fusion-body .fusion-button.button-4:focus .fusion-button-text,.fusion-body .fusion-button.button-4:focus i,.fusion-body .fusion-button.button-4:active .fusion-button-text,.fusion-body .fusion-button.button-4:active i{color:#ffffff;}.fusion-body .fusion-button.button-4:hover,.fusion-body .fusion-button.button-4:active,.fusion-body .fusion-button.button-4:focus{border-color:#ffffff;background:#99ad4c;}<\/style><a class=\"fusion-button button-flat button-small button-custom button-4 fusion-button-span-no content-box-button\" target=\"_self\" href=\"https:\/\/www.merkel-die-jagd.de\/en\/products\/accessories\/mount\/\"><span class=\"fusion-button-text\">&gt; read more<\/span><\/a><\/div><div class=\"fusion-clearfix\"><\/div><\/div><\/div><div class=\"fusion-layout-column fusion_builder_column fusion-builder-column-7 fusion_builder_column_1_2 1_2 fusion-one-half fusion-column-first content-bottom-half\" style=\"width:50%;width:calc(50% - ( ( 4% ) * 0.5 ) );margin-right: 4%;margin-top:0px;margin-bottom:40px;\"><div class=\"fusion-column-wrapper lazyload fusion-flex-column-wrapper-legacy\" style=\"background-position:center center;background-repeat:no-repeat;-webkit-background-size:cover;-moz-background-size:cover;-o-background-size:cover;background-size:cover;background-color:#ececec;padding: 0px 0px 0px 0px;\" data-bg-url=\"https:\/\/www.merkel-die-jagd.de\/wp-content\/uploads\/2017\/11\/Merkel_Zubehoer_Montagen_01_1200x750-1024x640.jpg\" data-bg=\"https:\/\/www.merkel-die-jagd.de\/wp-content\/uploads\/2017\/11\/Merkel_Zubehoer_Montagen_01_1200x750-1024x640.jpg\"><style type=\"text\/css\"><\/style><div class=\"fusion-title title fusion-title-6 fusion-sep-none fusion-title-text fusion-title-size-three section-headline\" style=\"margin-top:0px;margin-right:0px;margin-bottom:31px;margin-left:0px;\"><h3 class=\"title-heading-left fusion-responsive-typography-calculated\" style=\"margin:0;--fontSize:18;line-height:1.44;\">Mounts HELIX<\/h3><\/div><div class=\"fusion-alignright\"><style>.fusion-body .fusion-button.button-5{border-color:#ffffff;border-radius:0px 0px 0px 0px;background:#6e8b00;}.fusion-body .fusion-button.button-5 .fusion-button-text,.fusion-body .fusion-button.button-5 i,.fusion-body .fusion-button.button-5:hover .fusion-button-text,.fusion-body .fusion-button.button-5:hover i,.fusion-body .fusion-button.button-5:focus .fusion-button-text,.fusion-body .fusion-button.button-5:focus i,.fusion-body .fusion-button.button-5:active .fusion-button-text,.fusion-body .fusion-button.button-5:active i{color:#ffffff;}.fusion-body .fusion-button.button-5:hover,.fusion-body .fusion-button.button-5:active,.fusion-body .fusion-button.button-5:focus{border-color:#ffffff;background:#99ad4c;}<\/style><a class=\"fusion-button button-flat button-small button-custom button-5 fusion-button-span-no content-box-button\" target=\"_self\" href=\"https:\/\/www.merkel-die-jagd.de\/en\/products\/accessories\/mounts-helix\/\"><span class=\"fusion-button-text\">&gt; read more<\/span><\/a><\/div><div class=\"fusion-clearfix\"><\/div><\/div><\/div><div class=\"fusion-layout-column fusion_builder_column fusion-builder-column-8 fusion_builder_column_1_2 1_2 fusion-one-half fusion-column-last content-bottom-half\" style=\"width:50%;width:calc(50% - ( ( 4% ) * 0.5 ) );margin-top:0px;margin-bottom:40px;\"><div class=\"fusion-column-wrapper lazyload fusion-flex-column-wrapper-legacy\" style=\"background-position:center center;background-repeat:no-repeat;-webkit-background-size:cover;-moz-background-size:cover;-o-background-size:cover;background-size:cover;background-color:#ececec;padding: 0px 0px 0px 0px;\" data-bg-url=\"https:\/\/www.merkel-die-jagd.de\/wp-content\/uploads\/2017\/12\/Merkel_Zubehoer_Accessoires_01_1200x750.jpg\" data-bg=\"https:\/\/www.merkel-die-jagd.de\/wp-content\/uploads\/2017\/12\/Merkel_Zubehoer_Accessoires_01_1200x750.jpg\"><style type=\"text\/css\"><\/style><div class=\"fusion-title title fusion-title-7 fusion-sep-none fusion-title-text fusion-title-size-three section-headline\" style=\"margin-top:0px;margin-right:0px;margin-bottom:31px;margin-left:0px;\"><h3 class=\"title-heading-left fusion-responsive-typography-calculated\" style=\"margin:0;--fontSize:18;line-height:1.44;\">Accessories<\/h3><\/div><div class=\"fusion-alignright\"><style>.fusion-body .fusion-button.button-6{border-color:#ffffff;border-radius:0px 0px 0px 0px;background:#6e8b00;}.fusion-body .fusion-button.button-6 .fusion-button-text,.fusion-body .fusion-button.button-6 i,.fusion-body .fusion-button.button-6:hover .fusion-button-text,.fusion-body .fusion-button.button-6:hover i,.fusion-body .fusion-button.button-6:focus .fusion-button-text,.fusion-body .fusion-button.button-6:focus i,.fusion-body .fusion-button.button-6:active .fusion-button-text,.fusion-body .fusion-button.button-6:active i{color:#ffffff;}.fusion-body .fusion-button.button-6:hover,.fusion-body .fusion-button.button-6:active,.fusion-body .fusion-button.button-6:focus{border-color:#ffffff;background:#99ad4c;}<\/style><a class=\"fusion-button button-flat button-small button-custom button-6 fusion-button-span-no content-box-button\" target=\"_self\" href=\"https:\/\/www.merkel-die-jagd.de\/en\/products\/accessories\/accessories\/\"><span class=\"fusion-button-text\">&gt; read more<\/span><\/a><\/div><div class=\"fusion-clearfix\"><\/div><\/div><\/div><\/div><\/div><\/p>\n","protected":false},"excerpt":{"rendered":"","protected":false},"author":1,"featured_media":0,"parent":0,"menu_order":240,"comment_status":"closed","ping_status":"closed","template":"","meta":[],"categories":[],"acf":[],"yoast_head":"<!-- This site is optimized with the Yoast SEO plugin v19.11 - https:\/\/yoast.com\/wordpress\/plugins\/seo\/ -->\n<title>Accessories | Merkel<\/title>\n<meta name=\"description\" content=\"Die Jagd hat sich in den vergangenen Jahren stark gewandelt. Zu einer erfolgreichen Jagd geh\u00f6rt heute das passende Zubeh\u00f6r, das verschiedensten Anforderungen gerecht wird. Ob Schallschutz, M\u00fcndungsbremse oder Transportkoffer, um das Gewehr sicher auf Reisen mitzunehmen: Merkel bietet das passende Zubeh\u00f6r.\" \/>\n<meta name=\"robots\" content=\"index, follow, max-snippet:-1, max-image-preview:large, max-video-preview:-1\" \/>\n<link rel=\"canonical\" href=\"https:\/\/www.merkel-die-jagd.de\/en\/accessories\/\" \/>\n<meta property=\"og:locale\" content=\"en_US\" \/>\n<meta property=\"og:type\" content=\"article\" \/>\n<meta property=\"og:title\" content=\"Accessories | Merkel\" \/>\n<meta property=\"og:description\" content=\"Die Jagd hat sich in den vergangenen Jahren stark gewandelt. Zu einer erfolgreichen Jagd geh\u00f6rt heute das passende Zubeh\u00f6r, das verschiedensten Anforderungen gerecht wird. Ob Schallschutz, M\u00fcndungsbremse oder Transportkoffer, um das Gewehr sicher auf Reisen mitzunehmen: Merkel bietet das passende Zubeh\u00f6r.\" \/>\n<meta property=\"og:url\" content=\"https:\/\/www.merkel-die-jagd.de\/en\/accessories\/\" \/>\n<meta property=\"og:site_name\" content=\"Merkel\" \/>\n<meta property=\"article:modified_time\" content=\"2023-04-27T09:18:47+00:00\" \/>\n<meta name=\"twitter:label1\" content=\"Est. reading time\" \/>\n\t<meta name=\"twitter:data1\" content=\"5 minutes\" \/>\n<script type=\"application\/ld+json\" class=\"yoast-schema-graph\">{\"@context\":\"https:\/\/schema.org\",\"@graph\":[{\"@type\":\"WebPage\",\"@id\":\"https:\/\/www.merkel-die-jagd.de\/en\/accessories\/\",\"url\":\"https:\/\/www.merkel-die-jagd.de\/en\/accessories\/\",\"name\":\"Accessories | Merkel\",\"isPartOf\":{\"@id\":\"https:\/\/www.merkel-die-jagd.de\/en\/#website\"},\"datePublished\":\"2018-02-05T15:33:06+00:00\",\"dateModified\":\"2023-04-27T09:18:47+00:00\",\"description\":\"Die Jagd hat sich in den vergangenen Jahren stark gewandelt. Zu einer erfolgreichen Jagd geh\u00f6rt heute das passende Zubeh\u00f6r, das verschiedensten Anforderungen gerecht wird. Ob Schallschutz, M\u00fcndungsbremse oder Transportkoffer, um das Gewehr sicher auf Reisen mitzunehmen: Merkel bietet das passende Zubeh\u00f6r.\",\"breadcrumb\":{\"@id\":\"https:\/\/www.merkel-die-jagd.de\/en\/accessories\/#breadcrumb\"},\"inLanguage\":\"en-US\",\"potentialAction\":[{\"@type\":\"ReadAction\",\"target\":[\"https:\/\/www.merkel-die-jagd.de\/en\/accessories\/\"]}]},{\"@type\":\"BreadcrumbList\",\"@id\":\"https:\/\/www.merkel-die-jagd.de\/en\/accessories\/#breadcrumb\",\"itemListElement\":[{\"@type\":\"ListItem\",\"position\":1,\"name\":\"Home\",\"item\":\"https:\/\/www.merkel-die-jagd.de\/en\/startseite-2-2\/\"},{\"@type\":\"ListItem\",\"position\":2,\"name\":\"Accessories\"}]},{\"@type\":\"WebSite\",\"@id\":\"https:\/\/www.merkel-die-jagd.de\/en\/#website\",\"url\":\"https:\/\/www.merkel-die-jagd.de\/en\/\",\"name\":\"Merkel\",\"description\":\"\",\"potentialAction\":[{\"@type\":\"SearchAction\",\"target\":{\"@type\":\"EntryPoint\",\"urlTemplate\":\"https:\/\/www.merkel-die-jagd.de\/en\/?s={search_term_string}\"},\"query-input\":\"required name=search_term_string\"}],\"inLanguage\":\"en-US\"}]}<\/script>\n<!-- \/ Yoast SEO plugin. -->","yoast_head_json":{"title":"Accessories | Merkel","description":"Die Jagd hat sich in den vergangenen Jahren stark gewandelt. Zu einer erfolgreichen Jagd geh\u00f6rt heute das passende Zubeh\u00f6r, das verschiedensten Anforderungen gerecht wird. Ob Schallschutz, M\u00fcndungsbremse oder Transportkoffer, um das Gewehr sicher auf Reisen mitzunehmen: Merkel bietet das passende Zubeh\u00f6r.","robots":{"index":"index","follow":"follow","max-snippet":"max-snippet:-1","max-image-preview":"max-image-preview:large","max-video-preview":"max-video-preview:-1"},"canonical":"https:\/\/www.merkel-die-jagd.de\/en\/accessories\/","og_locale":"en_US","og_type":"article","og_title":"Accessories | Merkel","og_description":"Die Jagd hat sich in den vergangenen Jahren stark gewandelt. Zu einer erfolgreichen Jagd geh\u00f6rt heute das passende Zubeh\u00f6r, das verschiedensten Anforderungen gerecht wird. Ob Schallschutz, M\u00fcndungsbremse oder Transportkoffer, um das Gewehr sicher auf Reisen mitzunehmen: Merkel bietet das passende Zubeh\u00f6r.","og_url":"https:\/\/www.merkel-die-jagd.de\/en\/accessories\/","og_site_name":"Merkel","article_modified_time":"2023-04-27T09:18:47+00:00","twitter_misc":{"Est. reading time":"5 minutes"},"schema":{"@context":"https:\/\/schema.org","@graph":[{"@type":"WebPage","@id":"https:\/\/www.merkel-die-jagd.de\/en\/accessories\/","url":"https:\/\/www.merkel-die-jagd.de\/en\/accessories\/","name":"Accessories | Merkel","isPartOf":{"@id":"https:\/\/www.merkel-die-jagd.de\/en\/#website"},"datePublished":"2018-02-05T15:33:06+00:00","dateModified":"2023-04-27T09:18:47+00:00","description":"Die Jagd hat sich in den vergangenen Jahren stark gewandelt. Zu einer erfolgreichen Jagd geh\u00f6rt heute das passende Zubeh\u00f6r, das verschiedensten Anforderungen gerecht wird. Ob Schallschutz, M\u00fcndungsbremse oder Transportkoffer, um das Gewehr sicher auf Reisen mitzunehmen: Merkel bietet das passende Zubeh\u00f6r.","breadcrumb":{"@id":"https:\/\/www.merkel-die-jagd.de\/en\/accessories\/#breadcrumb"},"inLanguage":"en-US","potentialAction":[{"@type":"ReadAction","target":["https:\/\/www.merkel-die-jagd.de\/en\/accessories\/"]}]},{"@type":"BreadcrumbList","@id":"https:\/\/www.merkel-die-jagd.de\/en\/accessories\/#breadcrumb","itemListElement":[{"@type":"ListItem","position":1,"name":"Home","item":"https:\/\/www.merkel-die-jagd.de\/en\/startseite-2-2\/"},{"@type":"ListItem","position":2,"name":"Accessories"}]},{"@type":"WebSite","@id":"https:\/\/www.merkel-die-jagd.de\/en\/#website","url":"https:\/\/www.merkel-die-jagd.de\/en\/","name":"Merkel","description":"","potentialAction":[{"@type":"SearchAction","target":{"@type":"EntryPoint","urlTemplate":"https:\/\/www.merkel-die-jagd.de\/en\/?s={search_term_string}"},"query-input":"required name=search_term_string"}],"inLanguage":"en-US"}]}},"_links":{"self":[{"href":"https:\/\/www.merkel-die-jagd.de\/en\/wp-json\/wp\/v2\/pages\/6077"}],"collection":[{"href":"https:\/\/www.merkel-die-jagd.de\/en\/wp-json\/wp\/v2\/pages"}],"about":[{"href":"https:\/\/www.merkel-die-jagd.de\/en\/wp-json\/wp\/v2\/types\/page"}],"author":[{"embeddable":true,"href":"https:\/\/www.merkel-die-jagd.de\/en\/wp-json\/wp\/v2\/users\/1"}],"replies":[{"embeddable":true,"href":"https:\/\/www.merkel-die-jagd.de\/en\/wp-json\/wp\/v2\/comments?post=6077"}],"version-history":[{"count":1,"href":"https:\/\/www.merkel-die-jagd.de\/en\/wp-json\/wp\/v2\/pages\/6077\/revisions"}],"predecessor-version":[{"id":16497,"href":"https:\/\/www.merkel-die-jagd.de\/en\/wp-json\/wp\/v2\/pages\/6077\/revisions\/16497"}],"wp:attachment":[{"href":"https:\/\/www.merkel-die-jagd.de\/en\/wp-json\/wp\/v2\/media?parent=6077"}],"wp:term":[{"taxonomy":"category","embeddable":true,"href":"https:\/\/www.merkel-die-jagd.de\/en\/wp-json\/wp\/v2\/categories?post=6077"}],"curies":[{"name":"wp","href":"https:\/\/api.w.org\/{rel}","templated":true}]}}