{"id":6090,"date":"2018-02-05T16:34:43","date_gmt":"2018-02-05T15:34:43","guid":{"rendered":"http:\/\/www.merkel-die-jagd.de\/produkte\/accessories\/muzzle-break\/"},"modified":"2023-04-27T11:14:21","modified_gmt":"2023-04-27T09:14:21","slug":"muzzle-brake","status":"publish","type":"page","link":"https:\/\/www.merkel-die-jagd.de\/en\/accessories\/muzzle-brake\/","title":{"rendered":"Muzzle brake"},"content":{"rendered":"<p><div class=\"fusion-fullwidth fullwidth-box fusion-builder-row-1 nonhundred-percent-fullwidth non-hundred-percent-height-scrolling\" style=\"background-color: rgba(255,255,255,0);background-position: center center;background-repeat: no-repeat;padding-top:0px;padding-right:0px;padding-bottom:0px;padding-left:0px;margin-bottom: 70px;margin-top: 0px;border-width: 0px 0px 0px 0px;border-color:#eae9e9;border-style:solid;\" ><div class=\"fusion-builder-row fusion-row\"><div class=\"fusion-layout-column fusion_builder_column fusion-builder-column-0 fusion_builder_column_1_1 1_1 fusion-one-full fusion-column-first fusion-column-last\" style=\"margin-top:0px;margin-bottom:20px;\"><div class=\"fusion-column-wrapper fusion-flex-column-wrapper-legacy\" style=\"background-position:left top;background-repeat:no-repeat;-webkit-background-size:cover;-moz-background-size:cover;-o-background-size:cover;background-size:cover;padding: 0px 0px 0px 0px;\">\n<div class=\"fusion-slider-revolution rev_slider_wrapper\">\t\t\t<!-- START Zubeh\u00f6r_M\u00fcndungsbremsen REVOLUTION SLIDER 6.5.25 --><p class=\"rs-p-wp-fix\"><\/p>\n\t\t\t<rs-module-wrap id=\"rev_slider_80_1_wrapper\" data-source=\"gallery\" style=\"visibility:hidden;background:transparent;padding:0;margin:0px auto;margin-top:0;margin-bottom:0;\">\n\t\t\t\t<rs-module id=\"rev_slider_80_1\" style=\"\" data-version=\"6.5.25\">\n\t\t\t\t\t<rs-slides>\n\t\t\t\t\t\t<rs-slide style=\"position: absolute;\" data-key=\"rs-877\" data-title=\"Slide\" data-anim=\"ms:600;\" data-in=\"o:0;\" data-out=\"a:false;\">\n\t\t\t\t\t\t\t<img src=\"\/\/www.merkel-die-jagd.de\/wp-content\/plugins\/revslider\/public\/assets\/assets\/dummy.png\" alt=\"\" title=\"Merkel_Zubehoer_Muendungsbremse_02_1920x655\" width=\"1920\" height=\"655\" class=\"rev-slidebg tp-rs-img rs-lazyload\" data-lazyload=\"\/\/www.merkel-die-jagd.de\/wp-content\/uploads\/2019\/04\/Merkel_Zubehoer_Muendungsbremse_02_1920x655-1.jpg\" data-no-retina>\n<!---->\t\t\t\t\t\t<\/rs-slide>\n\t\t\t\t\t<\/rs-slides>\n\t\t\t\t<\/rs-module>\n\t\t\t\t<script>\n\t\t\t\t\tsetREVStartSize({c: 'rev_slider_80_1',rl:[1240,1024,778,480],el:[],gw:[1600],gh:[669],type:'standard',justify:'',layout:'fullwidth',mh:\"0\"});if (window.RS_MODULES!==undefined && window.RS_MODULES.modules!==undefined && window.RS_MODULES.modules[\"revslider801\"]!==undefined) {window.RS_MODULES.modules[\"revslider801\"].once = false;window.revapi80 = undefined;if (window.RS_MODULES.checkMinimal!==undefined) window.RS_MODULES.checkMinimal()}\n\t\t\t\t<\/script>\n\t\t\t<\/rs-module-wrap>\n\t\t\t<!-- END REVOLUTION SLIDER -->\n<\/div><div class=\"fusion-clearfix\"><\/div><\/div><\/div><\/div><\/div><div class=\"fusion-fullwidth fullwidth-box fusion-builder-row-2 nonhundred-percent-fullwidth non-hundred-percent-height-scrolling\" style=\"background-color: rgba(255,255,255,0);background-position: center center;background-repeat: no-repeat;padding-top:0px;padding-right:0px;padding-bottom:0px;padding-left:0px;margin-bottom: 70px;margin-top: 0px;border-width: 0px 0px 0px 0px;border-color:#eae9e9;border-style:solid;\" ><div class=\"fusion-builder-row fusion-row\"><div class=\"fusion-layout-column fusion_builder_column fusion-builder-column-1 fusion_builder_column_2_3 2_3 fusion-two-third fusion-column-first\" style=\"width:66.666666666667%;width:calc(66.666666666667% - ( ( 4% ) * 0.66666666666667 ) );margin-right: 4%;margin-top:0px;margin-bottom:20px;\"><div class=\"fusion-column-wrapper fusion-flex-column-wrapper-legacy\" style=\"background-position:left top;background-repeat:no-repeat;-webkit-background-size:cover;-moz-background-size:cover;-o-background-size:cover;background-size:cover;padding: 0px 0px 0px 0px;\"><style type=\"text\/css\"><\/style><div class=\"fusion-title title fusion-title-1 fusion-sep-none fusion-title-text fusion-title-size-one\" style=\"margin-top:0px;margin-right:0px;margin-bottom:31px;margin-left:0px;\"><h1 class=\"title-heading-left fusion-responsive-typography-calculated\" style=\"margin:0;--fontSize:40;line-height:1.2;\">Muzzle brake<\/h1><\/div><div class=\"fusion-text fusion-text-1\"><p>The muzzle brake reduces muzzle flash and recoil.<\/p>\n<p>The 50-60cm long muzzle brake is screwed onto an existing or to be made muzzle thread via a freely definable thread in the muzzle brake adapter.<\/p>\n<p>The advantages: reduction of recoil, no increase of shot loudness, prevention of dust swirling to the bottom, side or rear, discharge of the muzzle flash, almost complete reduction of the muzzle kick, increased precision and the indifferent sound distribution makes it harder for the game to realise where the shot came from.<\/p>\n<\/div><div class=\"fusion-clearfix\"><\/div><\/div><\/div><div class=\"fusion-layout-column fusion_builder_column fusion-builder-column-2 fusion_builder_column_1_3 1_3 fusion-one-third fusion-column-last\" style=\"width:33.333333333333%;width:calc(33.333333333333% - ( ( 4% ) * 0.33333333333333 ) );margin-top:0px;margin-bottom:20px;\"><div class=\"fusion-column-wrapper fusion-flex-column-wrapper-legacy\" style=\"background-position:left top;background-repeat:no-repeat;-webkit-background-size:cover;-moz-background-size:cover;-o-background-size:cover;background-size:cover;padding: 0px 0px 0px 0px;\"><span class=\" fusion-imageframe imageframe-none imageframe-1 hover-type-none\"><a href=\"https:\/\/www.merkel-die-jagd.de\/wp-content\/uploads\/2019\/04\/Merkel_Zubehoer_Muendungsbremse_03_1200x750.jpg\" class=\"fusion-lightbox\" data-rel=\"iLightbox[28d3407f6cd62f1d312]\" data-title=\"Merkel_Zubehoer_Muendungsbremse_03_1200x750\" title=\"Merkel_Zubehoer_Muendungsbremse_03_1200x750\"><img width=\"1200\" height=\"750\" src=\"https:\/\/www.merkel-die-jagd.de\/wp-content\/uploads\/2019\/04\/Merkel_Zubehoer_Muendungsbremse_03_1200x750.jpg\" data-orig-src=\"https:\/\/www.merkel-die-jagd.de\/wp-content\/uploads\/2019\/04\/Merkel_Zubehoer_Muendungsbremse_03_1200x750.jpg\" alt class=\"lazyload img-responsive wp-image-10911\" srcset=\"data:image\/svg+xml,%3Csvg%20xmlns%3D%27http%3A%2F%2Fwww.w3.org%2F2000%2Fsvg%27%20width%3D%271200%27%20height%3D%27750%27%20viewBox%3D%270%200%201200%20750%27%3E%3Crect%20width%3D%271200%27%20height%3D%27750%27%20fill-opacity%3D%220%22%2F%3E%3C%2Fsvg%3E\" data-srcset=\"https:\/\/www.merkel-die-jagd.de\/wp-content\/uploads\/2019\/04\/Merkel_Zubehoer_Muendungsbremse_03_1200x750-200x125.jpg 200w, https:\/\/www.merkel-die-jagd.de\/wp-content\/uploads\/2019\/04\/Merkel_Zubehoer_Muendungsbremse_03_1200x750-400x250.jpg 400w, https:\/\/www.merkel-die-jagd.de\/wp-content\/uploads\/2019\/04\/Merkel_Zubehoer_Muendungsbremse_03_1200x750-600x375.jpg 600w, https:\/\/www.merkel-die-jagd.de\/wp-content\/uploads\/2019\/04\/Merkel_Zubehoer_Muendungsbremse_03_1200x750-800x500.jpg 800w, https:\/\/www.merkel-die-jagd.de\/wp-content\/uploads\/2019\/04\/Merkel_Zubehoer_Muendungsbremse_03_1200x750.jpg 1200w\" data-sizes=\"auto\" data-orig-sizes=\"(max-width: 800px) 100vw, 400px\" \/><\/a><\/span><div class=\"fusion-clearfix\"><\/div><\/div><\/div><\/div><\/div><\/p>\n","protected":false},"excerpt":{"rendered":"","protected":false},"author":8,"featured_media":10923,"parent":6077,"menu_order":242,"comment_status":"closed","ping_status":"closed","template":"","meta":[],"categories":[243],"acf":[],"yoast_head":"<!-- This site is optimized with the Yoast SEO plugin v19.11 - https:\/\/yoast.com\/wordpress\/plugins\/seo\/ -->\n<title>Muzzle brake | Merkel<\/title>\n<meta name=\"description\" content=\"Die M\u00fcndungsbremse reduziert M\u00fcndungsfeuer und R\u00fccksto\u00df. Die zwischen 50-60mm lange M\u00fcndungsbremse wird \u00fcber ein frei definierbares Gewinde im M\u00fcndungsbremsenadapter auf ein vorhandenes oder anzubringendes M\u00fcndungsgewinde des Waffenlaufes aufgeschraubt.\" \/>\n<meta name=\"robots\" content=\"index, follow, max-snippet:-1, max-image-preview:large, max-video-preview:-1\" \/>\n<link rel=\"canonical\" href=\"https:\/\/www.merkel-die-jagd.de\/en\/accessories\/muzzle-brake\/\" \/>\n<meta property=\"og:locale\" content=\"en_US\" \/>\n<meta property=\"og:type\" content=\"article\" \/>\n<meta property=\"og:title\" content=\"Muzzle brake | Merkel\" \/>\n<meta property=\"og:description\" content=\"Die M\u00fcndungsbremse reduziert M\u00fcndungsfeuer und R\u00fccksto\u00df. Die zwischen 50-60mm lange M\u00fcndungsbremse wird \u00fcber ein frei definierbares Gewinde im M\u00fcndungsbremsenadapter auf ein vorhandenes oder anzubringendes M\u00fcndungsgewinde des Waffenlaufes aufgeschraubt.\" \/>\n<meta property=\"og:url\" content=\"https:\/\/www.merkel-die-jagd.de\/en\/accessories\/muzzle-brake\/\" \/>\n<meta property=\"og:site_name\" content=\"Merkel\" \/>\n<meta property=\"article:modified_time\" content=\"2023-04-27T09:14:21+00:00\" \/>\n<meta property=\"og:image\" content=\"https:\/\/www.merkel-die-jagd.de\/wp-content\/uploads\/2019\/04\/Merkel_Zubehoer_Muendungsbremse_02_1920x655-1.jpg\" \/>\n\t<meta property=\"og:image:width\" content=\"1920\" \/>\n\t<meta property=\"og:image:height\" content=\"655\" \/>\n\t<meta property=\"og:image:type\" content=\"image\/jpeg\" \/>\n<meta name=\"twitter:label1\" content=\"Est. reading time\" \/>\n\t<meta name=\"twitter:data1\" content=\"3 minutes\" \/>\n<script type=\"application\/ld+json\" class=\"yoast-schema-graph\">{\"@context\":\"https:\/\/schema.org\",\"@graph\":[{\"@type\":\"WebPage\",\"@id\":\"https:\/\/www.merkel-die-jagd.de\/en\/accessories\/muzzle-brake\/\",\"url\":\"https:\/\/www.merkel-die-jagd.de\/en\/accessories\/muzzle-brake\/\",\"name\":\"Muzzle brake | Merkel\",\"isPartOf\":{\"@id\":\"https:\/\/www.merkel-die-jagd.de\/en\/#website\"},\"datePublished\":\"2018-02-05T15:34:43+00:00\",\"dateModified\":\"2023-04-27T09:14:21+00:00\",\"description\":\"Die M\u00fcndungsbremse reduziert M\u00fcndungsfeuer und R\u00fccksto\u00df. Die zwischen 50-60mm lange M\u00fcndungsbremse wird \u00fcber ein frei definierbares Gewinde im M\u00fcndungsbremsenadapter auf ein vorhandenes oder anzubringendes M\u00fcndungsgewinde des Waffenlaufes aufgeschraubt.\",\"breadcrumb\":{\"@id\":\"https:\/\/www.merkel-die-jagd.de\/en\/accessories\/muzzle-brake\/#breadcrumb\"},\"inLanguage\":\"en-US\",\"potentialAction\":[{\"@type\":\"ReadAction\",\"target\":[\"https:\/\/www.merkel-die-jagd.de\/en\/accessories\/muzzle-brake\/\"]}]},{\"@type\":\"BreadcrumbList\",\"@id\":\"https:\/\/www.merkel-die-jagd.de\/en\/accessories\/muzzle-brake\/#breadcrumb\",\"itemListElement\":[{\"@type\":\"ListItem\",\"position\":1,\"name\":\"Home\",\"item\":\"https:\/\/www.merkel-die-jagd.de\/en\/startseite-2-2\/\"},{\"@type\":\"ListItem\",\"position\":2,\"name\":\"Accessories\",\"item\":\"https:\/\/www.merkel-die-jagd.de\/en\/accessories\/\"},{\"@type\":\"ListItem\",\"position\":3,\"name\":\"Muzzle brake\"}]},{\"@type\":\"WebSite\",\"@id\":\"https:\/\/www.merkel-die-jagd.de\/en\/#website\",\"url\":\"https:\/\/www.merkel-die-jagd.de\/en\/\",\"name\":\"Merkel\",\"description\":\"\",\"potentialAction\":[{\"@type\":\"SearchAction\",\"target\":{\"@type\":\"EntryPoint\",\"urlTemplate\":\"https:\/\/www.merkel-die-jagd.de\/en\/?s={search_term_string}\"},\"query-input\":\"required name=search_term_string\"}],\"inLanguage\":\"en-US\"}]}<\/script>\n<!-- \/ Yoast SEO plugin. -->","yoast_head_json":{"title":"Muzzle brake | Merkel","description":"Die M\u00fcndungsbremse reduziert M\u00fcndungsfeuer und R\u00fccksto\u00df. Die zwischen 50-60mm lange M\u00fcndungsbremse wird \u00fcber ein frei definierbares Gewinde im M\u00fcndungsbremsenadapter auf ein vorhandenes oder anzubringendes M\u00fcndungsgewinde des Waffenlaufes aufgeschraubt.","robots":{"index":"index","follow":"follow","max-snippet":"max-snippet:-1","max-image-preview":"max-image-preview:large","max-video-preview":"max-video-preview:-1"},"canonical":"https:\/\/www.merkel-die-jagd.de\/en\/accessories\/muzzle-brake\/","og_locale":"en_US","og_type":"article","og_title":"Muzzle brake | Merkel","og_description":"Die M\u00fcndungsbremse reduziert M\u00fcndungsfeuer und R\u00fccksto\u00df. Die zwischen 50-60mm lange M\u00fcndungsbremse wird \u00fcber ein frei definierbares Gewinde im M\u00fcndungsbremsenadapter auf ein vorhandenes oder anzubringendes M\u00fcndungsgewinde des Waffenlaufes aufgeschraubt.","og_url":"https:\/\/www.merkel-die-jagd.de\/en\/accessories\/muzzle-brake\/","og_site_name":"Merkel","article_modified_time":"2023-04-27T09:14:21+00:00","og_image":[{"width":1920,"height":655,"url":"https:\/\/www.merkel-die-jagd.de\/wp-content\/uploads\/2019\/04\/Merkel_Zubehoer_Muendungsbremse_02_1920x655-1.jpg","type":"image\/jpeg"}],"twitter_misc":{"Est. reading time":"3 minutes"},"schema":{"@context":"https:\/\/schema.org","@graph":[{"@type":"WebPage","@id":"https:\/\/www.merkel-die-jagd.de\/en\/accessories\/muzzle-brake\/","url":"https:\/\/www.merkel-die-jagd.de\/en\/accessories\/muzzle-brake\/","name":"Muzzle brake | Merkel","isPartOf":{"@id":"https:\/\/www.merkel-die-jagd.de\/en\/#website"},"datePublished":"2018-02-05T15:34:43+00:00","dateModified":"2023-04-27T09:14:21+00:00","description":"Die M\u00fcndungsbremse reduziert M\u00fcndungsfeuer und R\u00fccksto\u00df. Die zwischen 50-60mm lange M\u00fcndungsbremse wird \u00fcber ein frei definierbares Gewinde im M\u00fcndungsbremsenadapter auf ein vorhandenes oder anzubringendes M\u00fcndungsgewinde des Waffenlaufes aufgeschraubt.","breadcrumb":{"@id":"https:\/\/www.merkel-die-jagd.de\/en\/accessories\/muzzle-brake\/#breadcrumb"},"inLanguage":"en-US","potentialAction":[{"@type":"ReadAction","target":["https:\/\/www.merkel-die-jagd.de\/en\/accessories\/muzzle-brake\/"]}]},{"@type":"BreadcrumbList","@id":"https:\/\/www.merkel-die-jagd.de\/en\/accessories\/muzzle-brake\/#breadcrumb","itemListElement":[{"@type":"ListItem","position":1,"name":"Home","item":"https:\/\/www.merkel-die-jagd.de\/en\/startseite-2-2\/"},{"@type":"ListItem","position":2,"name":"Accessories","item":"https:\/\/www.merkel-die-jagd.de\/en\/accessories\/"},{"@type":"ListItem","position":3,"name":"Muzzle brake"}]},{"@type":"WebSite","@id":"https:\/\/www.merkel-die-jagd.de\/en\/#website","url":"https:\/\/www.merkel-die-jagd.de\/en\/","name":"Merkel","description":"","potentialAction":[{"@type":"SearchAction","target":{"@type":"EntryPoint","urlTemplate":"https:\/\/www.merkel-die-jagd.de\/en\/?s={search_term_string}"},"query-input":"required name=search_term_string"}],"inLanguage":"en-US"}]}},"_links":{"self":[{"href":"https:\/\/www.merkel-die-jagd.de\/en\/wp-json\/wp\/v2\/pages\/6090"}],"collection":[{"href":"https:\/\/www.merkel-die-jagd.de\/en\/wp-json\/wp\/v2\/pages"}],"about":[{"href":"https:\/\/www.merkel-die-jagd.de\/en\/wp-json\/wp\/v2\/types\/page"}],"author":[{"embeddable":true,"href":"https:\/\/www.merkel-die-jagd.de\/en\/wp-json\/wp\/v2\/users\/8"}],"replies":[{"embeddable":true,"href":"https:\/\/www.merkel-die-jagd.de\/en\/wp-json\/wp\/v2\/comments?post=6090"}],"version-history":[{"count":3,"href":"https:\/\/www.merkel-die-jagd.de\/en\/wp-json\/wp\/v2\/pages\/6090\/revisions"}],"predecessor-version":[{"id":16496,"href":"https:\/\/www.merkel-die-jagd.de\/en\/wp-json\/wp\/v2\/pages\/6090\/revisions\/16496"}],"up":[{"embeddable":true,"href":"https:\/\/www.merkel-die-jagd.de\/en\/wp-json\/wp\/v2\/pages\/6077"}],"wp:featuredmedia":[{"embeddable":true,"href":"https:\/\/www.merkel-die-jagd.de\/en\/wp-json\/wp\/v2\/media\/10923"}],"wp:attachment":[{"href":"https:\/\/www.merkel-die-jagd.de\/en\/wp-json\/wp\/v2\/media?parent=6090"}],"wp:term":[{"taxonomy":"category","embeddable":true,"href":"https:\/\/www.merkel-die-jagd.de\/en\/wp-json\/wp\/v2\/categories?post=6090"}],"curies":[{"name":"wp","href":"https:\/\/api.w.org\/{rel}","templated":true}]}}