{"id":7444,"date":"2018-02-14T16:47:03","date_gmt":"2018-02-14T15:47:03","guid":{"rendered":"http:\/\/www.merkel-die-jagd.de\/produkte\/accessories\/merkel-suppressor\/"},"modified":"2022-10-13T10:26:53","modified_gmt":"2022-10-13T08:26:53","slug":"merkel-suppressor","status":"publish","type":"page","link":"https:\/\/www.merkel-die-jagd.de\/en\/accessories\/merkel-suppressor\/","title":{"rendered":"Merkel HLX Suppressor"},"content":{"rendered":"<p><div class=\"fusion-fullwidth fullwidth-box fusion-builder-row-1 nonhundred-percent-fullwidth non-hundred-percent-height-scrolling\" style=\"background-color: rgba(255,255,255,0);background-position: center center;background-repeat: no-repeat;padding-top:0px;padding-right:0px;padding-bottom:0px;padding-left:0px;margin-bottom: 70px;margin-top: 0px;border-width: 0px 0px 0px 0px;border-color:#eae9e9;border-style:solid;\" ><div class=\"fusion-builder-row fusion-row\"><div class=\"fusion-layout-column fusion_builder_column fusion-builder-column-0 fusion_builder_column_1_1 1_1 fusion-one-full fusion-column-first fusion-column-last\" style=\"margin-top:0px;margin-bottom:20px;\"><div class=\"fusion-column-wrapper fusion-flex-column-wrapper-legacy\" style=\"background-position:left top;background-repeat:no-repeat;-webkit-background-size:cover;-moz-background-size:cover;-o-background-size:cover;background-size:cover;padding: 0px 0px 0px 0px;\">\n<div class=\"fusion-slider-revolution rev_slider_wrapper\">\t\t\t<!-- START Slider_Accessories_Suppressor REVOLUTION SLIDER 6.5.25 --><p class=\"rs-p-wp-fix\"><\/p>\n\t\t\t<rs-module-wrap id=\"rev_slider_171_1_wrapper\" data-source=\"gallery\" style=\"visibility:hidden;background:transparent;padding:0;margin:0px auto;margin-top:0;margin-bottom:0;\">\n\t\t\t\t<rs-module id=\"rev_slider_171_1\" style=\"\" data-version=\"6.5.25\">\n\t\t\t\t\t<rs-slides>\n\t\t\t\t\t\t<rs-slide style=\"position: absolute;\" data-key=\"rs-867\" data-title=\"Slide\" data-anim=\"ms:600;\" data-in=\"o:0;\" data-out=\"a:false;\">\n\t\t\t\t\t\t\t<img src=\"\/\/www.merkel-die-jagd.de\/wp-content\/plugins\/revslider\/public\/assets\/assets\/dummy.png\" alt=\"\" title=\"Merkel_HLX_Schalldaempfer_Slider_1920x655\" width=\"1920\" height=\"655\" class=\"rev-slidebg tp-rs-img rs-lazyload\" data-lazyload=\"\/\/www.merkel-die-jagd.de\/wp-content\/uploads\/2019\/03\/Merkel_HLX_Schalldaempfer_Slider_1920x655.jpg\" data-no-retina>\n<!---->\t\t\t\t\t\t<\/rs-slide>\n\t\t\t\t\t<\/rs-slides>\n\t\t\t\t<\/rs-module>\n\t\t\t\t<script>\n\t\t\t\t\tsetREVStartSize({c: 'rev_slider_171_1',rl:[1240,1024,778,480],el:[],gw:[1600],gh:[669],type:'standard',justify:'',layout:'fullwidth',mh:\"0\"});if (window.RS_MODULES!==undefined && window.RS_MODULES.modules!==undefined && window.RS_MODULES.modules[\"revslider1711\"]!==undefined) {window.RS_MODULES.modules[\"revslider1711\"].once = false;window.revapi171 = undefined;if (window.RS_MODULES.checkMinimal!==undefined) window.RS_MODULES.checkMinimal()}\n\t\t\t\t<\/script>\n\t\t\t<\/rs-module-wrap>\n\t\t\t<!-- END REVOLUTION SLIDER -->\n<\/div><div class=\"fusion-clearfix\"><\/div><\/div><\/div><\/div><\/div><div class=\"fusion-fullwidth fullwidth-box fusion-builder-row-2 nonhundred-percent-fullwidth non-hundred-percent-height-scrolling\" style=\"background-color: rgba(255,255,255,0);background-position: center center;background-repeat: no-repeat;padding-top:0px;padding-right:0px;padding-bottom:0px;padding-left:0px;margin-bottom: 70px;margin-top: 0px;border-width: 0px 0px 0px 0px;border-color:#eae9e9;border-style:solid;\" ><div class=\"fusion-builder-row fusion-row\"><div class=\"fusion-layout-column fusion_builder_column fusion-builder-column-1 fusion_builder_column_2_3 2_3 fusion-two-third fusion-column-first\" style=\"width:66.666666666667%;width:calc(66.666666666667% - ( ( 4% ) * 0.66666666666667 ) );margin-right: 4%;margin-top:0px;margin-bottom:20px;\"><div class=\"fusion-column-wrapper fusion-flex-column-wrapper-legacy\" style=\"background-position:left top;background-repeat:no-repeat;-webkit-background-size:cover;-moz-background-size:cover;-o-background-size:cover;background-size:cover;padding: 0px 0px 0px 0px;\"><style type=\"text\/css\"><\/style><div class=\"fusion-title title fusion-title-1 fusion-sep-none fusion-title-text fusion-title-size-one\" style=\"margin-top:0px;margin-right:0px;margin-bottom:31px;margin-left:0px;\"><h1 class=\"title-heading-left fusion-responsive-typography-calculated\" style=\"margin:0;--fontSize:40;line-height:1.2;\">Merkel HLX Suppressor<\/h1><\/div><div class=\"fusion-text fusion-text-1\"><p>In many countries in the world, the use of suppressors for hunting purposes is allowed. In others \u2013 as in many German states \u2013 a hunter needs an official permit for a suppressor. Whoever is allowed to use a suppressor conserves his hearing, the surroundings, the hearing of his dog and prevents stress for the hunted animals. But a suppressor is not only a hearing protection to mount: The new HLX Suppressor by Merkel has been developed in cooperation with the Swiss specialist B&amp;T. It fits on every barrel with a M15x1 muzzle thread. The Merkel SHL Suppressor verifiably reduces the peak sound pressure of the muzzle blast in every calibre by a minimum of 30dB(C) \u2013 this is the minimum required in some countries. Furthermore it reduces the recoil while shooting. Fitted on a Suppressor barrel, the barrel together with the suppressor is no longer than a standard barrel.<\/p>\n<\/div><div class=\"fusion-clearfix\"><\/div><\/div><\/div><div class=\"fusion-layout-column fusion_builder_column fusion-builder-column-2 fusion_builder_column_1_3 1_3 fusion-one-third fusion-column-last\" style=\"width:33.333333333333%;width:calc(33.333333333333% - ( ( 4% ) * 0.33333333333333 ) );margin-top:0px;margin-bottom:20px;\"><div class=\"fusion-column-wrapper fusion-flex-column-wrapper-legacy\" style=\"background-position:left top;background-repeat:no-repeat;-webkit-background-size:cover;-moz-background-size:cover;-o-background-size:cover;background-size:cover;padding: 0px 0px 0px 0px;\"><div class=\"fusion-clearfix\"><\/div><\/div><\/div><div class=\"fusion-layout-column fusion_builder_column fusion-builder-column-3 fusion_builder_column_1_3 1_3 fusion-one-third fusion-column-first\" style=\"width:33.333333333333%;width:calc(33.333333333333% - ( ( 4% + 4% ) * 0.33333333333333 ) );margin-right: 4%;margin-top:0px;margin-bottom:20px;\"><div class=\"fusion-column-wrapper fusion-flex-column-wrapper-legacy\" style=\"background-position:left top;background-repeat:no-repeat;-webkit-background-size:cover;-moz-background-size:cover;-o-background-size:cover;background-size:cover;padding: 0px 0px 0px 0px;\"><div class=\"imageframe-align-center\"><span class=\" fusion-imageframe imageframe-none imageframe-1 hover-type-none\"><a href=\"https:\/\/www.merkel-die-jagd.de\/wp-content\/uploads\/2019\/03\/Moods_HLX_1200x900_01.jpg\" class=\"fusion-lightbox\" data-rel=\"iLightbox[HELIX_black_01]\" data-title=\"Moods_HLX_1200x900_01\" title=\"Moods_HLX_1200x900_01\"><img width=\"1200\" height=\"900\" src=\"data:image\/svg+xml,%3Csvg%20xmlns%3D%27http%3A%2F%2Fwww.w3.org%2F2000%2Fsvg%27%20width%3D%271200%27%20height%3D%27900%27%20viewBox%3D%270%200%201200%20900%27%3E%3Crect%20width%3D%271200%27%20height%3D%27900%27%20fill-opacity%3D%220%22%2F%3E%3C%2Fsvg%3E\" data-orig-src=\"https:\/\/www.merkel-die-jagd.de\/wp-content\/uploads\/2019\/03\/Merkel_HLX_Bilder_Preview_600x600_01.jpg\" alt class=\"lazyload img-responsive wp-image-10638\"\/><\/a><\/span><\/div><div class=\"fusion-clearfix\"><\/div><\/div><\/div><div class=\"fusion-layout-column fusion_builder_column fusion-builder-column-4 fusion_builder_column_1_3 1_3 fusion-one-third\" style=\"width:33.333333333333%;width:calc(33.333333333333% - ( ( 4% + 4% ) * 0.33333333333333 ) );margin-right: 4%;margin-top:0px;margin-bottom:20px;\"><div class=\"fusion-column-wrapper fusion-flex-column-wrapper-legacy\" style=\"background-position:left top;background-repeat:no-repeat;-webkit-background-size:cover;-moz-background-size:cover;-o-background-size:cover;background-size:cover;padding: 0px 0px 0px 0px;\"><div class=\"imageframe-align-center\"><span class=\" fusion-imageframe imageframe-none imageframe-2 hover-type-none\"><a href=\"https:\/\/www.merkel-die-jagd.de\/wp-content\/uploads\/2019\/03\/Moods_HLX_1200x900_02.jpg\" class=\"fusion-lightbox\" data-rel=\"iLightbox[HELIX_black_01]\" data-title=\"Moods_HLX_1200x900_02\" title=\"Moods_HLX_1200x900_02\"><img width=\"1200\" height=\"900\" src=\"data:image\/svg+xml,%3Csvg%20xmlns%3D%27http%3A%2F%2Fwww.w3.org%2F2000%2Fsvg%27%20width%3D%271200%27%20height%3D%27900%27%20viewBox%3D%270%200%201200%20900%27%3E%3Crect%20width%3D%271200%27%20height%3D%27900%27%20fill-opacity%3D%220%22%2F%3E%3C%2Fsvg%3E\" data-orig-src=\"https:\/\/www.merkel-die-jagd.de\/wp-content\/uploads\/2019\/03\/Merkel_HLX_Bilder_Preview_600x600_02.jpg\" alt class=\"lazyload img-responsive wp-image-10632\"\/><\/a><\/span><\/div><div class=\"fusion-clearfix\"><\/div><\/div><\/div><div class=\"fusion-layout-column fusion_builder_column fusion-builder-column-5 fusion_builder_column_1_3 1_3 fusion-one-third fusion-column-last\" style=\"width:33.333333333333%;width:calc(33.333333333333% - ( ( 4% + 4% ) * 0.33333333333333 ) );margin-top:0px;margin-bottom:20px;\"><div class=\"fusion-column-wrapper fusion-flex-column-wrapper-legacy\" style=\"background-position:left top;background-repeat:no-repeat;-webkit-background-size:cover;-moz-background-size:cover;-o-background-size:cover;background-size:cover;padding: 0px 0px 0px 0px;\"><a class=\"awb-lightbox awb-lightbox-1\" href=\"https:\/\/youtu.be\/uA6GIr8LoZM\" data-rel=\"iLightbox\"><img class=\"lazyload\" src=\"data:image\/svg+xml,%3Csvg%20xmlns%3D%27http%3A%2F%2Fwww.w3.org%2F2000%2Fsvg%27%20width%3D%27600%27%20height%3D%27600%27%20viewBox%3D%270%200%20600%20600%27%3E%3Crect%20width%3D%27600%27%20height%3D%27600%27%20fill-opacity%3D%220%22%2F%3E%3C%2Fsvg%3E\" data-orig-src=\"https:\/\/www.merkel-die-jagd.de\/wp-content\/uploads\/2019\/03\/Merkel_HLX_Video_Preview_600x600.jpg\"><\/a><div class=\"fusion-clearfix\"><\/div><\/div><\/div><\/div><\/div><div class=\"fusion-fullwidth fullwidth-box fusion-builder-row-3 downloads-container nonhundred-percent-fullwidth non-hundred-percent-height-scrolling\" style=\"background-color: #ececec;background-position: center center;background-repeat: no-repeat;padding-top:0px;padding-right:40px;padding-bottom:0px;padding-left:40px;margin-bottom: 80px;margin-top: 0px;border-width: 0px 0px 0px 0px;border-color:#eae9e9;border-style:solid;\" ><div class=\"fusion-builder-row fusion-row\"><div class=\"fusion-layout-column fusion_builder_column fusion-builder-column-6 fusion_builder_column_1_1 1_1 fusion-one-full fusion-column-first fusion-column-last\" style=\"margin-top:0px;margin-bottom:20px;\"><div class=\"fusion-column-wrapper fusion-flex-column-wrapper-legacy\" style=\"background-position:left top;background-repeat:no-repeat;-webkit-background-size:cover;-moz-background-size:cover;-o-background-size:cover;background-size:cover;padding: 0px 0px 0px 0px;\"><style type=\"text\/css\"><\/style><div class=\"fusion-title title fusion-title-2 fusion-sep-none fusion-title-text fusion-title-size-three section-headline\" style=\"margin-top:0px;margin-right:0px;margin-bottom:31px;margin-left:0px;\"><h3 class=\"title-heading-left fusion-responsive-typography-calculated\" style=\"margin:0;--fontSize:18;line-height:1.44;\">Merkel HLX Suppressor by B&amp;T<\/h3><\/div><div class=\"fusion-clearfix\"><\/div><\/div><\/div><div class=\"fusion-layout-column fusion_builder_column fusion-builder-column-7 fusion_builder_column_1_1 1_1 fusion-one-full fusion-column-first fusion-column-last\" style=\"margin-top:0px;margin-bottom:20px;\"><div class=\"fusion-column-wrapper fusion-flex-column-wrapper-legacy\" style=\"background-position:left top;background-repeat:no-repeat;-webkit-background-size:cover;-moz-background-size:cover;-o-background-size:cover;background-size:cover;padding: 0px 0px 0px 0px;\"><div class=\"imageframe-align-center\"><span class=\" fusion-imageframe imageframe-none imageframe-3 hover-type-none\"><a href=\"https:\/\/www.merkel-die-jagd.de\/wp-content\/uploads\/2019\/03\/Detail_TD_Merkel_HLX_1200x750_01.jpg\" class=\"fusion-lightbox\" data-rel=\"iLightbox[bc692ac55adbeb993c4]\" data-title=\"Detail_TD_Merkel_HLX_1200x750_01\" title=\"HLX_Details_1400\"><img width=\"1600\" height=\"1000\" src=\"https:\/\/www.merkel-die-jagd.de\/wp-content\/uploads\/2019\/12\/HLX_Details_1400.jpg\" data-orig-src=\"https:\/\/www.merkel-die-jagd.de\/wp-content\/uploads\/2019\/12\/HLX_Details_1400.jpg\" alt class=\"lazyload img-responsive wp-image-11896\" srcset=\"data:image\/svg+xml,%3Csvg%20xmlns%3D%27http%3A%2F%2Fwww.w3.org%2F2000%2Fsvg%27%20width%3D%271600%27%20height%3D%271000%27%20viewBox%3D%270%200%201600%201000%27%3E%3Crect%20width%3D%271600%27%20height%3D%271000%27%20fill-opacity%3D%220%22%2F%3E%3C%2Fsvg%3E\" data-srcset=\"https:\/\/www.merkel-die-jagd.de\/wp-content\/uploads\/2019\/12\/HLX_Details_1400-200x125.jpg 200w, https:\/\/www.merkel-die-jagd.de\/wp-content\/uploads\/2019\/12\/HLX_Details_1400-400x250.jpg 400w, https:\/\/www.merkel-die-jagd.de\/wp-content\/uploads\/2019\/12\/HLX_Details_1400-600x375.jpg 600w, https:\/\/www.merkel-die-jagd.de\/wp-content\/uploads\/2019\/12\/HLX_Details_1400-800x500.jpg 800w, https:\/\/www.merkel-die-jagd.de\/wp-content\/uploads\/2019\/12\/HLX_Details_1400-1200x750.jpg 1200w, https:\/\/www.merkel-die-jagd.de\/wp-content\/uploads\/2019\/12\/HLX_Details_1400.jpg 1600w\" data-sizes=\"auto\" data-orig-sizes=\"(max-width: 800px) 100vw, 1200px\" \/><\/a><\/span><\/div><div class=\"fusion-sep-clear\"><\/div><div class=\"fusion-separator fusion-full-width-sep\" style=\"margin-left: auto;margin-right: auto;margin-bottom:30px;width:100%;\"><\/div><div class=\"fusion-sep-clear\"><\/div><div class=\"fusion-clearfix\"><\/div><\/div><\/div><div class=\"fusion-layout-column fusion_builder_column fusion-builder-column-8 fusion_builder_column_1_1 1_1 fusion-one-full fusion-column-first fusion-column-last\" style=\"margin-top:0px;margin-bottom:20px;\"><div class=\"fusion-column-wrapper fusion-flex-column-wrapper-legacy\" style=\"background-position:left top;background-repeat:no-repeat;-webkit-background-size:cover;-moz-background-size:cover;-o-background-size:cover;background-size:cover;padding: 0px 0px 0px 0px;\"><div class=\"imageframe-align-center\"><span class=\" fusion-imageframe imageframe-none imageframe-4 hover-type-none\"><a href=\"https:\/\/www.merkel-die-jagd.de\/wp-content\/uploads\/2019\/12\/HLX_Suppressor_Tabelle_EN.png\" class=\"fusion-lightbox\" data-rel=\"iLightbox[b290abf92314dff3c0f]\" data-title=\"HLX_Suppressor_Tabelle_EN\" title=\"Merkel_HLX_Tabelle_EN\"><img width=\"1449\" height=\"535\" src=\"https:\/\/www.merkel-die-jagd.de\/wp-content\/uploads\/2020\/03\/Merkel_HLX_Tabelle_EN.png\" data-orig-src=\"https:\/\/www.merkel-die-jagd.de\/wp-content\/uploads\/2020\/03\/Merkel_HLX_Tabelle_EN.png\" alt class=\"lazyload img-responsive wp-image-12161\" srcset=\"data:image\/svg+xml,%3Csvg%20xmlns%3D%27http%3A%2F%2Fwww.w3.org%2F2000%2Fsvg%27%20width%3D%271449%27%20height%3D%27535%27%20viewBox%3D%270%200%201449%20535%27%3E%3Crect%20width%3D%271449%27%20height%3D%27535%27%20fill-opacity%3D%220%22%2F%3E%3C%2Fsvg%3E\" data-srcset=\"https:\/\/www.merkel-die-jagd.de\/wp-content\/uploads\/2020\/03\/Merkel_HLX_Tabelle_EN-200x74.png 200w, https:\/\/www.merkel-die-jagd.de\/wp-content\/uploads\/2020\/03\/Merkel_HLX_Tabelle_EN-400x148.png 400w, https:\/\/www.merkel-die-jagd.de\/wp-content\/uploads\/2020\/03\/Merkel_HLX_Tabelle_EN-600x222.png 600w, https:\/\/www.merkel-die-jagd.de\/wp-content\/uploads\/2020\/03\/Merkel_HLX_Tabelle_EN-800x295.png 800w, https:\/\/www.merkel-die-jagd.de\/wp-content\/uploads\/2020\/03\/Merkel_HLX_Tabelle_EN-1200x443.png 1200w, https:\/\/www.merkel-die-jagd.de\/wp-content\/uploads\/2020\/03\/Merkel_HLX_Tabelle_EN.png 1449w\" data-sizes=\"auto\" data-orig-sizes=\"(max-width: 800px) 100vw, 1200px\" \/><\/a><\/span><\/div><div class=\"fusion-sep-clear\"><\/div><div class=\"fusion-separator fusion-full-width-sep\" style=\"margin-left: auto;margin-right: auto;margin-bottom:30px;width:100%;\"><\/div><div class=\"fusion-sep-clear\"><\/div><div class=\"fusion-clearfix\"><\/div><\/div><\/div><\/div><\/div><\/p>\n","protected":false},"excerpt":{"rendered":"","protected":false},"author":8,"featured_media":10590,"parent":6077,"menu_order":241,"comment_status":"closed","ping_status":"closed","template":"","meta":[],"categories":[],"acf":[],"yoast_head":"<!-- This site is optimized with the Yoast SEO plugin v19.11 - https:\/\/yoast.com\/wordpress\/plugins\/seo\/ -->\n<title>Merkel HLX Suppressor | Merkel<\/title>\n<meta name=\"description\" content=\"Wer einen Schalld\u00e4mpfer verwenden darf, schont sein Geh\u00f6r, die Umwelt, das Geh\u00f6r seines Hundes und vermeidet Jagdstress beim Wild.\" \/>\n<meta name=\"robots\" content=\"index, follow, max-snippet:-1, max-image-preview:large, max-video-preview:-1\" \/>\n<link rel=\"canonical\" href=\"https:\/\/www.merkel-die-jagd.de\/en\/accessories\/merkel-suppressor\/\" \/>\n<meta property=\"og:locale\" content=\"en_US\" \/>\n<meta property=\"og:type\" content=\"article\" \/>\n<meta property=\"og:title\" content=\"Merkel HLX Suppressor | Merkel\" \/>\n<meta property=\"og:description\" content=\"Wer einen Schalld\u00e4mpfer verwenden darf, schont sein Geh\u00f6r, die Umwelt, das Geh\u00f6r seines Hundes und vermeidet Jagdstress beim Wild.\" \/>\n<meta property=\"og:url\" content=\"https:\/\/www.merkel-die-jagd.de\/en\/accessories\/merkel-suppressor\/\" \/>\n<meta property=\"og:site_name\" content=\"Merkel\" \/>\n<meta property=\"article:modified_time\" content=\"2022-10-13T08:26:53+00:00\" \/>\n<meta property=\"og:image\" content=\"https:\/\/www.merkel-die-jagd.de\/wp-content\/uploads\/2019\/03\/Merkel_HLX_Schalldaempfer_Slider_1920x655.jpg\" \/>\n\t<meta property=\"og:image:width\" content=\"1920\" \/>\n\t<meta property=\"og:image:height\" content=\"655\" \/>\n\t<meta property=\"og:image:type\" content=\"image\/jpeg\" \/>\n<meta name=\"twitter:label1\" content=\"Est. reading time\" \/>\n\t<meta name=\"twitter:data1\" content=\"5 minutes\" \/>\n<script type=\"application\/ld+json\" class=\"yoast-schema-graph\">{\"@context\":\"https:\/\/schema.org\",\"@graph\":[{\"@type\":\"WebPage\",\"@id\":\"https:\/\/www.merkel-die-jagd.de\/en\/accessories\/merkel-suppressor\/\",\"url\":\"https:\/\/www.merkel-die-jagd.de\/en\/accessories\/merkel-suppressor\/\",\"name\":\"Merkel HLX Suppressor | Merkel\",\"isPartOf\":{\"@id\":\"https:\/\/www.merkel-die-jagd.de\/en\/#website\"},\"datePublished\":\"2018-02-14T15:47:03+00:00\",\"dateModified\":\"2022-10-13T08:26:53+00:00\",\"description\":\"Wer einen Schalld\u00e4mpfer verwenden darf, schont sein Geh\u00f6r, die Umwelt, das Geh\u00f6r seines Hundes und vermeidet Jagdstress beim Wild.\",\"breadcrumb\":{\"@id\":\"https:\/\/www.merkel-die-jagd.de\/en\/accessories\/merkel-suppressor\/#breadcrumb\"},\"inLanguage\":\"en-US\",\"potentialAction\":[{\"@type\":\"ReadAction\",\"target\":[\"https:\/\/www.merkel-die-jagd.de\/en\/accessories\/merkel-suppressor\/\"]}]},{\"@type\":\"BreadcrumbList\",\"@id\":\"https:\/\/www.merkel-die-jagd.de\/en\/accessories\/merkel-suppressor\/#breadcrumb\",\"itemListElement\":[{\"@type\":\"ListItem\",\"position\":1,\"name\":\"Home\",\"item\":\"https:\/\/www.merkel-die-jagd.de\/en\/startseite-2-2\/\"},{\"@type\":\"ListItem\",\"position\":2,\"name\":\"Accessories\",\"item\":\"https:\/\/www.merkel-die-jagd.de\/en\/accessories\/\"},{\"@type\":\"ListItem\",\"position\":3,\"name\":\"Merkel HLX Suppressor\"}]},{\"@type\":\"WebSite\",\"@id\":\"https:\/\/www.merkel-die-jagd.de\/en\/#website\",\"url\":\"https:\/\/www.merkel-die-jagd.de\/en\/\",\"name\":\"Merkel\",\"description\":\"\",\"potentialAction\":[{\"@type\":\"SearchAction\",\"target\":{\"@type\":\"EntryPoint\",\"urlTemplate\":\"https:\/\/www.merkel-die-jagd.de\/en\/?s={search_term_string}\"},\"query-input\":\"required name=search_term_string\"}],\"inLanguage\":\"en-US\"}]}<\/script>\n<!-- \/ Yoast SEO plugin. -->","yoast_head_json":{"title":"Merkel HLX Suppressor | Merkel","description":"Wer einen Schalld\u00e4mpfer verwenden darf, schont sein Geh\u00f6r, die Umwelt, das Geh\u00f6r seines Hundes und vermeidet Jagdstress beim Wild.","robots":{"index":"index","follow":"follow","max-snippet":"max-snippet:-1","max-image-preview":"max-image-preview:large","max-video-preview":"max-video-preview:-1"},"canonical":"https:\/\/www.merkel-die-jagd.de\/en\/accessories\/merkel-suppressor\/","og_locale":"en_US","og_type":"article","og_title":"Merkel HLX Suppressor | Merkel","og_description":"Wer einen Schalld\u00e4mpfer verwenden darf, schont sein Geh\u00f6r, die Umwelt, das Geh\u00f6r seines Hundes und vermeidet Jagdstress beim Wild.","og_url":"https:\/\/www.merkel-die-jagd.de\/en\/accessories\/merkel-suppressor\/","og_site_name":"Merkel","article_modified_time":"2022-10-13T08:26:53+00:00","og_image":[{"width":1920,"height":655,"url":"https:\/\/www.merkel-die-jagd.de\/wp-content\/uploads\/2019\/03\/Merkel_HLX_Schalldaempfer_Slider_1920x655.jpg","type":"image\/jpeg"}],"twitter_misc":{"Est. reading time":"5 minutes"},"schema":{"@context":"https:\/\/schema.org","@graph":[{"@type":"WebPage","@id":"https:\/\/www.merkel-die-jagd.de\/en\/accessories\/merkel-suppressor\/","url":"https:\/\/www.merkel-die-jagd.de\/en\/accessories\/merkel-suppressor\/","name":"Merkel HLX Suppressor | Merkel","isPartOf":{"@id":"https:\/\/www.merkel-die-jagd.de\/en\/#website"},"datePublished":"2018-02-14T15:47:03+00:00","dateModified":"2022-10-13T08:26:53+00:00","description":"Wer einen Schalld\u00e4mpfer verwenden darf, schont sein Geh\u00f6r, die Umwelt, das Geh\u00f6r seines Hundes und vermeidet Jagdstress beim Wild.","breadcrumb":{"@id":"https:\/\/www.merkel-die-jagd.de\/en\/accessories\/merkel-suppressor\/#breadcrumb"},"inLanguage":"en-US","potentialAction":[{"@type":"ReadAction","target":["https:\/\/www.merkel-die-jagd.de\/en\/accessories\/merkel-suppressor\/"]}]},{"@type":"BreadcrumbList","@id":"https:\/\/www.merkel-die-jagd.de\/en\/accessories\/merkel-suppressor\/#breadcrumb","itemListElement":[{"@type":"ListItem","position":1,"name":"Home","item":"https:\/\/www.merkel-die-jagd.de\/en\/startseite-2-2\/"},{"@type":"ListItem","position":2,"name":"Accessories","item":"https:\/\/www.merkel-die-jagd.de\/en\/accessories\/"},{"@type":"ListItem","position":3,"name":"Merkel HLX Suppressor"}]},{"@type":"WebSite","@id":"https:\/\/www.merkel-die-jagd.de\/en\/#website","url":"https:\/\/www.merkel-die-jagd.de\/en\/","name":"Merkel","description":"","potentialAction":[{"@type":"SearchAction","target":{"@type":"EntryPoint","urlTemplate":"https:\/\/www.merkel-die-jagd.de\/en\/?s={search_term_string}"},"query-input":"required name=search_term_string"}],"inLanguage":"en-US"}]}},"_links":{"self":[{"href":"https:\/\/www.merkel-die-jagd.de\/en\/wp-json\/wp\/v2\/pages\/7444"}],"collection":[{"href":"https:\/\/www.merkel-die-jagd.de\/en\/wp-json\/wp\/v2\/pages"}],"about":[{"href":"https:\/\/www.merkel-die-jagd.de\/en\/wp-json\/wp\/v2\/types\/page"}],"author":[{"embeddable":true,"href":"https:\/\/www.merkel-die-jagd.de\/en\/wp-json\/wp\/v2\/users\/8"}],"replies":[{"embeddable":true,"href":"https:\/\/www.merkel-die-jagd.de\/en\/wp-json\/wp\/v2\/comments?post=7444"}],"version-history":[{"count":0,"href":"https:\/\/www.merkel-die-jagd.de\/en\/wp-json\/wp\/v2\/pages\/7444\/revisions"}],"up":[{"embeddable":true,"href":"https:\/\/www.merkel-die-jagd.de\/en\/wp-json\/wp\/v2\/pages\/6077"}],"wp:featuredmedia":[{"embeddable":true,"href":"https:\/\/www.merkel-die-jagd.de\/en\/wp-json\/wp\/v2\/media\/10590"}],"wp:attachment":[{"href":"https:\/\/www.merkel-die-jagd.de\/en\/wp-json\/wp\/v2\/media?parent=7444"}],"wp:term":[{"taxonomy":"category","embeddable":true,"href":"https:\/\/www.merkel-die-jagd.de\/en\/wp-json\/wp\/v2\/categories?post=7444"}],"curies":[{"name":"wp","href":"https:\/\/api.w.org\/{rel}","templated":true}]}}