{"id":7452,"date":"2018-02-15T09:34:41","date_gmt":"2018-02-15T08:34:41","guid":{"rendered":"http:\/\/www.merkel-die-jagd.de\/contact\/imprint\/"},"modified":"2026-01-07T08:55:24","modified_gmt":"2026-01-07T07:55:24","slug":"imprint-2","status":"publish","type":"page","link":"https:\/\/www.merkel-die-jagd.de\/en\/contact-2\/imprint-2\/","title":{"rendered":"Imprint"},"content":{"rendered":"<div class=\"fusion-fullwidth fullwidth-box fusion-builder-row-1 merkel-content-headline-image-2-1 nonhundred-percent-fullwidth non-hundred-percent-height-scrolling\" style=\"background-color: rgba(255,255,255,0);background-position: center center;background-repeat: no-repeat;padding-top:0px;padding-right:0px;padding-bottom:0px;padding-left:0px;margin-bottom: 70px;margin-top: 0px;border-width: 0px 0px 0px 0px;border-color:#eae9e9;border-style:solid;\" ><div class=\"fusion-builder-row fusion-row\"><div class=\"fusion-layout-column fusion_builder_column fusion-builder-column-0 fusion_builder_column_1_1 1_1 fusion-one-full fusion-column-first fusion-column-last\" style=\"margin-top:0px;margin-bottom:20px;\"><div class=\"fusion-column-wrapper fusion-flex-column-wrapper-legacy\" style=\"background-position:left top;background-repeat:no-repeat;-webkit-background-size:cover;-moz-background-size:cover;-o-background-size:cover;background-size:cover;padding: 0px 0px 0px 0px;\"><style type=\"text\/css\"><\/style><div class=\"fusion-title title fusion-title-1 fusion-sep-none fusion-title-text fusion-title-size-one merkel-headline\" style=\"margin-top:0px;margin-right:0px;margin-bottom:31px;margin-left:0px;\"><h1 class=\"title-heading-left fusion-responsive-typography-calculated\" style=\"margin:0;--fontSize:40;line-height:1.2;\">Imprint<\/h1><\/div><div class=\"fusion-text fusion-text-1\"><h2>Information provided according to Sec. 5 German Telemedia Act (TMG):<\/h2>\n<p>Merkel Jagd- und Sportwaffen GmbH<br \/>\nSch\u00fctzenstra\u00dfe 26<br \/>\n98527 Suhl<\/p>\n<h2>Represented by:<\/h2>\n<p>Olaf Sauer<\/p>\n<h2>Contact:<\/h2>\n<p>Email: info@merkel-waffen.de<\/p>\n<h2>Register entry:<\/h2>\n<p>Entry in the Handelsregister.<br \/>\nRegistering court: Amtsgericht Jena<br \/>\nRegistration number: HRB 302913<\/p>\n<h2>VAT:<\/h2>\n<p>VAT Id number according to Sec. 27 a German Value Added Tax Act:<br \/>\nDE 811 611 137<\/p>\n<h2>Supervising authority:<\/h2>\n<p>Landratsamt Hildburghausen<br \/>\nWiesenstra\u00dfe 18<br \/>\n98646 Hildburghausen<\/p>\n<p>Bundesministerium f\u00fcr Wirtschaft und Energie (BMWi)<br \/>\nScharnhorststr. 34-37<br \/>\n10115 Berlin<\/p>\n<p>Bundeskriminalamt (BKA)<br \/>\n65173 Wiesbaden<\/p>\n<p><a href=\"http:\/\/suhltrifft.de\" target=\"_blank\" rel=\"noopener\">http:\/\/suhltrifft.de<\/a><\/p>\n<h2>NWRII-Number (National weapons register II):<\/h2>\n<p>Person NWR-ID: F2012-12-11-0000200-W<br \/>\nWeapons trading permit NWR-ID: E2012-12-11-0073232-X<br \/>\nWeapons manufacturing permit NWR-ID: E2012-12-11-0073238-D<\/p>\n<h2>Image sources<\/h2>\n<p>Arnulf Hettrich (Stuttgart, Germany)<br \/>\nHolger Siegel (Stuttgart, Germany)<br \/>\nThomas Lange (Suhl, Germany)<br \/>\nThomas K\u00e4rcher (Ulm, Germany)<br \/>\nMichael Agel (Wetzlar, Germany)<br \/>\nAdrian Grela (Polen)<br \/>\nPhilippe Jaeger (France)<br \/>\nSandro Bodio (Rottweil, Germany)<br \/>\nHugo Andrade (Portugal)<br \/>\nDan Beardsmore (England)<br \/>\nPeter Sokolowski (Suhl, Germany)<br \/>\nSimon K Bar (England)<br \/>\nFrankonia GmbH (Rottendorf, Germany)<br \/>\nwww.istockphoto.com<\/p>\n<h2>Concept, implementation and programming<\/h2>\n<p>id pool GmbH<br \/>\nSpinnerei 2<br \/>\n71522 Backnang<br \/>\nGermany<br \/>\n<a href=\"https:\/\/www.id-pool.de\">www.id-pool.de<\/a><br \/>\noffice@id-pool.de<\/p>\n<h2>Responsible for contents acc. to Sec. 55, para. 2 German Federal Broadcasting Agreement (RstV):<\/h2>\n<p>Merkel Jagd- und Sportwaffen GmbH<br \/>\nMarius Gerhard Vollath<br \/>\nSch\u00fctzenstra\u00dfe 26<br \/>\n98527 Suhl<\/p>\n<h2>Dispute resolution<\/h2>\n<p>We do not take part in online dispute resolutions at consumer arbitration boards.<\/p>\n<h3>Liability for Contents<\/h3>\n<p>As service providers, we are liable for own contents of these websites according to Sec. 7, paragraph 1 German Telemedia Act (TMG). However, according to Sec. 8 to 10 German Telemedia Act (TMG), service providers are not obligated to permanently monitor submitted or stored information or to search for evidences that indicate illegal activities.<\/p>\n<p>Legal obligations to removing information or to blocking the use of information remain unchallenged. In this case, liability is only possible at the time of knowledge about a specific violation of law. Illegal contents will be removed immediately at the time we get knowledge of them.<\/p>\n<h3>Liability for Links<\/h3>\n<p>Our offer includes links to external third party websites. We have no influence on the contents of those websites, therefore we cannot guarantee for those contents. Providers or administrators of linked websites are always responsible for their own contents.<\/p>\n<p>The linked websites had been checked for possible violations of law at the time of the establishment of the link. Illegal contents were not detected at the time of the linking. A permanent monitoring of the contents of linked websites cannot be imposed without reasonable indications that there has been a violation of law. Illegal links will be removed immediately at the time we get knowledge of them.<\/p>\n<h3>Copyright<\/h3>\n<p>Contents and compilations published on these websites by the providers are subject to German copyright laws. Reproduction, editing, distribution as well as the use of any kind outside the scope of the copyright law require a written permission of the author or originator. Downloads and copies of these websites are permitted for private use only.<br \/>\nThe commercial use of our contents without permission of the originator is prohibited.<\/p>\n<p>Copyright laws of third parties are respected as long as the contents on these websites do not originate from the provider. Contributions of third parties on this site are indicated as such. However, if you notice any violations of copyright law, please inform us. Such contents will be removed immediately.<\/p>\n<\/div><div class=\"fusion-clearfix\"><\/div><\/div><\/div><\/div><\/div>\n","protected":false},"excerpt":{"rendered":"","protected":false},"author":1,"featured_media":0,"parent":4876,"menu_order":630,"comment_status":"closed","ping_status":"closed","template":"","meta":[],"categories":[],"acf":[],"yoast_head":"<!-- This site is optimized with the Yoast SEO plugin v19.11 - https:\/\/yoast.com\/wordpress\/plugins\/seo\/ -->\n<title>Imprint | Merkel<\/title>\n<meta name=\"description\" content=\"Tauchen Sie ein in die Merkel Produktwelt und erleben Sie Hunting magic moments \u2013 von der Jagdwaffe, \u00fcber das passende Zubeh\u00f6r bis hin zur idealen Jagdausr\u00fcstung und Bekleidung.\" \/>\n<meta name=\"robots\" content=\"index, follow, max-snippet:-1, max-image-preview:large, max-video-preview:-1\" \/>\n<link rel=\"canonical\" href=\"https:\/\/www.merkel-die-jagd.de\/en\/contact-2\/imprint-2\/\" \/>\n<meta property=\"og:locale\" content=\"en_US\" \/>\n<meta property=\"og:type\" content=\"article\" \/>\n<meta property=\"og:title\" content=\"Imprint | Merkel\" \/>\n<meta property=\"og:description\" content=\"Tauchen Sie ein in die Merkel Produktwelt und erleben Sie Hunting magic moments \u2013 von der Jagdwaffe, \u00fcber das passende Zubeh\u00f6r bis hin zur idealen Jagdausr\u00fcstung und Bekleidung.\" \/>\n<meta property=\"og:url\" content=\"https:\/\/www.merkel-die-jagd.de\/en\/contact-2\/imprint-2\/\" \/>\n<meta property=\"og:site_name\" content=\"Merkel\" \/>\n<meta property=\"article:modified_time\" content=\"2026-01-07T07:55:24+00:00\" \/>\n<meta name=\"twitter:label1\" content=\"Est. reading time\" \/>\n\t<meta name=\"twitter:data1\" content=\"4 minutes\" \/>\n<script type=\"application\/ld+json\" class=\"yoast-schema-graph\">{\"@context\":\"https:\/\/schema.org\",\"@graph\":[{\"@type\":\"WebPage\",\"@id\":\"https:\/\/www.merkel-die-jagd.de\/en\/contact-2\/imprint-2\/\",\"url\":\"https:\/\/www.merkel-die-jagd.de\/en\/contact-2\/imprint-2\/\",\"name\":\"Imprint | Merkel\",\"isPartOf\":{\"@id\":\"https:\/\/www.merkel-die-jagd.de\/en\/#website\"},\"datePublished\":\"2018-02-15T08:34:41+00:00\",\"dateModified\":\"2026-01-07T07:55:24+00:00\",\"description\":\"Tauchen Sie ein in die Merkel Produktwelt und erleben Sie Hunting magic moments \u2013 von der Jagdwaffe, \u00fcber das passende Zubeh\u00f6r bis hin zur idealen Jagdausr\u00fcstung und Bekleidung.\",\"breadcrumb\":{\"@id\":\"https:\/\/www.merkel-die-jagd.de\/en\/contact-2\/imprint-2\/#breadcrumb\"},\"inLanguage\":\"en-US\",\"potentialAction\":[{\"@type\":\"ReadAction\",\"target\":[\"https:\/\/www.merkel-die-jagd.de\/en\/contact-2\/imprint-2\/\"]}]},{\"@type\":\"BreadcrumbList\",\"@id\":\"https:\/\/www.merkel-die-jagd.de\/en\/contact-2\/imprint-2\/#breadcrumb\",\"itemListElement\":[{\"@type\":\"ListItem\",\"position\":1,\"name\":\"Home\",\"item\":\"https:\/\/www.merkel-die-jagd.de\/en\/startseite-2-2\/\"},{\"@type\":\"ListItem\",\"position\":2,\"name\":\"Contact\",\"item\":\"https:\/\/www.merkel-die-jagd.de\/en\/contact-2\/\"},{\"@type\":\"ListItem\",\"position\":3,\"name\":\"Imprint\"}]},{\"@type\":\"WebSite\",\"@id\":\"https:\/\/www.merkel-die-jagd.de\/en\/#website\",\"url\":\"https:\/\/www.merkel-die-jagd.de\/en\/\",\"name\":\"Merkel\",\"description\":\"\",\"potentialAction\":[{\"@type\":\"SearchAction\",\"target\":{\"@type\":\"EntryPoint\",\"urlTemplate\":\"https:\/\/www.merkel-die-jagd.de\/en\/?s={search_term_string}\"},\"query-input\":\"required name=search_term_string\"}],\"inLanguage\":\"en-US\"}]}<\/script>\n<!-- \/ Yoast SEO plugin. -->","yoast_head_json":{"title":"Imprint | Merkel","description":"Tauchen Sie ein in die Merkel Produktwelt und erleben Sie Hunting magic moments \u2013 von der Jagdwaffe, \u00fcber das passende Zubeh\u00f6r bis hin zur idealen Jagdausr\u00fcstung und Bekleidung.","robots":{"index":"index","follow":"follow","max-snippet":"max-snippet:-1","max-image-preview":"max-image-preview:large","max-video-preview":"max-video-preview:-1"},"canonical":"https:\/\/www.merkel-die-jagd.de\/en\/contact-2\/imprint-2\/","og_locale":"en_US","og_type":"article","og_title":"Imprint | Merkel","og_description":"Tauchen Sie ein in die Merkel Produktwelt und erleben Sie Hunting magic moments \u2013 von der Jagdwaffe, \u00fcber das passende Zubeh\u00f6r bis hin zur idealen Jagdausr\u00fcstung und Bekleidung.","og_url":"https:\/\/www.merkel-die-jagd.de\/en\/contact-2\/imprint-2\/","og_site_name":"Merkel","article_modified_time":"2026-01-07T07:55:24+00:00","twitter_misc":{"Est. reading time":"4 minutes"},"schema":{"@context":"https:\/\/schema.org","@graph":[{"@type":"WebPage","@id":"https:\/\/www.merkel-die-jagd.de\/en\/contact-2\/imprint-2\/","url":"https:\/\/www.merkel-die-jagd.de\/en\/contact-2\/imprint-2\/","name":"Imprint | Merkel","isPartOf":{"@id":"https:\/\/www.merkel-die-jagd.de\/en\/#website"},"datePublished":"2018-02-15T08:34:41+00:00","dateModified":"2026-01-07T07:55:24+00:00","description":"Tauchen Sie ein in die Merkel Produktwelt und erleben Sie Hunting magic moments \u2013 von der Jagdwaffe, \u00fcber das passende Zubeh\u00f6r bis hin zur idealen Jagdausr\u00fcstung und Bekleidung.","breadcrumb":{"@id":"https:\/\/www.merkel-die-jagd.de\/en\/contact-2\/imprint-2\/#breadcrumb"},"inLanguage":"en-US","potentialAction":[{"@type":"ReadAction","target":["https:\/\/www.merkel-die-jagd.de\/en\/contact-2\/imprint-2\/"]}]},{"@type":"BreadcrumbList","@id":"https:\/\/www.merkel-die-jagd.de\/en\/contact-2\/imprint-2\/#breadcrumb","itemListElement":[{"@type":"ListItem","position":1,"name":"Home","item":"https:\/\/www.merkel-die-jagd.de\/en\/startseite-2-2\/"},{"@type":"ListItem","position":2,"name":"Contact","item":"https:\/\/www.merkel-die-jagd.de\/en\/contact-2\/"},{"@type":"ListItem","position":3,"name":"Imprint"}]},{"@type":"WebSite","@id":"https:\/\/www.merkel-die-jagd.de\/en\/#website","url":"https:\/\/www.merkel-die-jagd.de\/en\/","name":"Merkel","description":"","potentialAction":[{"@type":"SearchAction","target":{"@type":"EntryPoint","urlTemplate":"https:\/\/www.merkel-die-jagd.de\/en\/?s={search_term_string}"},"query-input":"required name=search_term_string"}],"inLanguage":"en-US"}]}},"_links":{"self":[{"href":"https:\/\/www.merkel-die-jagd.de\/en\/wp-json\/wp\/v2\/pages\/7452"}],"collection":[{"href":"https:\/\/www.merkel-die-jagd.de\/en\/wp-json\/wp\/v2\/pages"}],"about":[{"href":"https:\/\/www.merkel-die-jagd.de\/en\/wp-json\/wp\/v2\/types\/page"}],"author":[{"embeddable":true,"href":"https:\/\/www.merkel-die-jagd.de\/en\/wp-json\/wp\/v2\/users\/1"}],"replies":[{"embeddable":true,"href":"https:\/\/www.merkel-die-jagd.de\/en\/wp-json\/wp\/v2\/comments?post=7452"}],"version-history":[{"count":4,"href":"https:\/\/www.merkel-die-jagd.de\/en\/wp-json\/wp\/v2\/pages\/7452\/revisions"}],"predecessor-version":[{"id":17298,"href":"https:\/\/www.merkel-die-jagd.de\/en\/wp-json\/wp\/v2\/pages\/7452\/revisions\/17298"}],"up":[{"embeddable":true,"href":"https:\/\/www.merkel-die-jagd.de\/en\/wp-json\/wp\/v2\/pages\/4876"}],"wp:attachment":[{"href":"https:\/\/www.merkel-die-jagd.de\/en\/wp-json\/wp\/v2\/media?parent=7452"}],"wp:term":[{"taxonomy":"category","embeddable":true,"href":"https:\/\/www.merkel-die-jagd.de\/en\/wp-json\/wp\/v2\/categories?post=7452"}],"curies":[{"name":"wp","href":"https:\/\/api.w.org\/{rel}","templated":true}]}}